{"id":7296,"date":"2021-10-22T15:34:41","date_gmt":"2021-10-22T13:34:41","guid":{"rendered":"https:\/\/observator.org.al\/?page_id=7296"},"modified":"2021-10-25T10:38:49","modified_gmt":"2021-10-25T08:38:49","slug":"eridjona-vallja","status":"publish","type":"page","link":"https:\/\/observator.org.al\/sq\/rreth-nesh\/eridjona-vallja\/","title":{"rendered":"Eridjona Vallja"},"content":{"rendered":"<div  style='padding-bottom:10px; ' class='av-special-heading av-special-heading-h3    avia-builder-el-0  el_before_av_one_fourth  avia-builder-el-first  '><h3 class='av-special-heading-tag '  itemprop=\"headline\"  >Eridjona Vallja<\/h3><div class='special-heading-border'><div class='special-heading-inner-border' ><\/div><\/div><\/div>\n<div class=\"flex_column av_one_fourth  flex_column_div first  avia-builder-el-1  el_after_av_heading  el_before_av_three_fourth  \" ><p><div  class='avia-image-container avia_animated_image avia_animate_when_almost_visible top-to-bottom av-styling-    avia-builder-el-2  el_before_av_textblock  avia-builder-el-first  avia-align-center '  itemprop=\"image\" itemscope=\"itemscope\" itemtype=\"https:\/\/schema.org\/ImageObject\"  ><div class='avia-image-container-inner'><div class='avia-image-overlay-wrap'><img decoding=\"async\" class='wp-image-7300 avia-img-lazy-loading-not-7300 avia_image' src=\"https:\/\/observator.org.al\/wp-content\/uploads\/2021\/10\/Foto-Eridjona-380x380.jpg\" alt='' title='Foto Eridjona' height=\"380\" width=\"380\"  itemprop=\"thumbnailUrl\" srcset=\"https:\/\/observator.org.al\/wp-content\/uploads\/2021\/10\/Foto-Eridjona-380x380.jpg 380w, https:\/\/observator.org.al\/wp-content\/uploads\/2021\/10\/Foto-Eridjona-80x80.jpg 80w, https:\/\/observator.org.al\/wp-content\/uploads\/2021\/10\/Foto-Eridjona-36x36.jpg 36w, https:\/\/observator.org.al\/wp-content\/uploads\/2021\/10\/Foto-Eridjona-180x180.jpg 180w, https:\/\/observator.org.al\/wp-content\/uploads\/2021\/10\/Foto-Eridjona.jpg 600w\" sizes=\"(max-width: 380px) 100vw, 380px\" \/><\/div><\/div><\/div><br \/>\n<section class=\"av_textblock_section \"  itemscope=\"itemscope\" itemtype=\"https:\/\/schema.org\/CreativeWork\" ><div class='avia_textblock  '   itemprop=\"text\" ><h3><strong>Menaxhere komb\u00ebtare programi<\/strong><\/h3>\n<\/div><\/section><\/p><\/div><div class=\"flex_column av_three_fourth  flex_column_div   avia-builder-el-4  el_after_av_one_fourth  avia-builder-el-last  \" ><section class=\"av_textblock_section \"  itemscope=\"itemscope\" itemtype=\"https:\/\/schema.org\/CreativeWork\" ><div class='avia_textblock  '   itemprop=\"text\" ><p>Me nj\u00eb rrug\u00eb karriere t\u00eb pasur dhe intensive, Eridjona Vallja num\u00ebron kontributet e saj n\u00eb pun\u00ebn sociale, politikat sociale dhe m\u00ebsimdh\u00ebnien n\u00eb Shqip\u00ebri, q\u00eb nga dekada e fundit.<\/p>\n<p>Ajo ka menaxhuar programe dhe projekte komplekse si dhe ka kontribuar n\u00eb hartimin e qasjeve dhe mjeteve t\u00eb p\u00ebrshtatshme q\u00eb duhet t\u00eb p\u00ebrdoren p\u00ebr mir\u00ebqenien e f\u00ebmij\u00ebve dhe t\u00eb rinjve n\u00eb vend. Ajo ka hartuar nd\u00ebrhyrjet e programit dhe planet e ardhshme dhe ka raportuar sipas raporteve narrative dhe financiare t\u00eb agjencive t\u00eb ndryshme t\u00eb OKB -s\u00eb, Ambasadave dhe donator\u00ebve t\u00eb tjer\u00eb. Deri n\u00eb p\u00ebrvoj\u00ebn e tanishme, ajo ka menaxhuar rreth 30 projekte nga Agjencit\u00eb e OKB-s\u00eb dhe donator\u00eb t\u00eb tjer\u00eb.<\/p>\n<p>Ajo ka trajnuar brenda viteve, shum\u00eb praktikues qendror\u00eb dhe lokal\u00eb t\u00eb t\u00eb drejtave t\u00eb njeriut q\u00eb punojn\u00eb n\u00eb fush\u00ebn e sh\u00ebndetit, arsimit dhe mbrojtjes sociale. Ajo ka trajnuar mjek\u00eb, infermier\u00eb, m\u00ebsues, aktor\u00eb, gazetar\u00eb, p\u00ebrfaq\u00ebsues t\u00eb OJF-ve, prind\u00ebr, t\u00eb rinj dhe f\u00ebmij\u00eb.<\/p>\n<p>Ajo \u00ebsht\u00eb pjes\u00eb e list\u00ebs s\u00eb ekspert\u00ebve p\u00ebr Arsimin, M\u00ebsimin e Hersh\u00ebm dhe Mbrojtjen Sociale t\u00eb UNICEF-it. Ajo mban nj\u00eb diplom\u00eb master shkencor mbi politikat sociale.<\/p>\n<\/div><\/section><\/div><\/p>\n","protected":false},"excerpt":{"rendered":"","protected":false},"author":7,"featured_media":0,"parent":2557,"menu_order":0,"comment_status":"closed","ping_status":"closed","template":"","meta":{"_mc_calendar":[],"footnotes":""},"class_list":["post-7296","page","type-page","status-publish","hentry"],"_links":{"self":[{"href":"https:\/\/observator.org.al\/sq\/wp-json\/wp\/v2\/pages\/7296","targetHints":{"allow":["GET"]}}],"collection":[{"href":"https:\/\/observator.org.al\/sq\/wp-json\/wp\/v2\/pages"}],"about":[{"href":"https:\/\/observator.org.al\/sq\/wp-json\/wp\/v2\/types\/page"}],"author":[{"embeddable":true,"href":"https:\/\/observator.org.al\/sq\/wp-json\/wp\/v2\/users\/7"}],"replies":[{"embeddable":true,"href":"https:\/\/observator.org.al\/sq\/wp-json\/wp\/v2\/comments?post=7296"}],"version-history":[{"count":4,"href":"https:\/\/observator.org.al\/sq\/wp-json\/wp\/v2\/pages\/7296\/revisions"}],"predecessor-version":[{"id":7308,"href":"https:\/\/observator.org.al\/sq\/wp-json\/wp\/v2\/pages\/7296\/revisions\/7308"}],"up":[{"embeddable":true,"href":"https:\/\/observator.org.al\/sq\/wp-json\/wp\/v2\/pages\/2557"}],"wp:attachment":[{"href":"https:\/\/observator.org.al\/sq\/wp-json\/wp\/v2\/media?parent=7296"}],"curies":[{"name":"wp","href":"https:\/\/api.w.org\/{rel}","templated":true}]}}