{"id":5017,"date":"2016-04-02T10:25:41","date_gmt":"2016-04-02T08:25:41","guid":{"rendered":"http:\/\/observator.org.al\/sq\/?page_id=5017"},"modified":"2016-04-02T10:25:41","modified_gmt":"2016-04-02T08:25:41","slug":"mobilizimi-i-te-rinjve-dhe-i-komunitetit-per-llogaridhenien-e-zyrtareve-publike","status":"publish","type":"page","link":"https:\/\/observator.org.al\/sq\/nismat-tona\/projekte\/mobilizimi-i-te-rinjve-dhe-i-komunitetit-per-llogaridhenien-e-zyrtareve-publike\/","title":{"rendered":"Mobilizimi i t\u00eb rinjve dhe i komunitetit p\u00ebr llogaridh\u00ebnien e zyrtar\u00ebve publik\u00eb"},"content":{"rendered":"<div class=\"flex_column av_one_full  flex_column_div av-zero-column-padding first  avia-builder-el-0  avia-builder-el-no-sibling  \" style='border-radius:0px; '><section class=\"av_textblock_section \"  itemscope=\"itemscope\" itemtype=\"https:\/\/schema.org\/CreativeWork\" ><div class='avia_textblock  '   itemprop=\"text\" ><p><strong>Donator:<\/strong> Agjencia p\u00ebr Mb\u00ebshtetjen e Shoq\u00ebris\u00eb Civile<\/p>\n<p><strong>Koh\u00ebzgjatja:<\/strong> Prill 2016- Dhjetor 2016<\/p>\n<p>Observatori p\u00ebr t\u00eb Drejtat e F\u00ebmij\u00ebve ka zbatuar projektin \u201cMobilizimi i rinis\u00eb dhe i komunitetit p\u00ebr llogaridh\u00ebnien e zyrtar\u00ebve publik\u00eb\u201d p\u00ebrgjat\u00eb periudh\u00ebs Prill 2016- Dhjetor 2016, nj\u00eb nism\u00eb e financuar nga Agjencia p\u00ebr Mb\u00ebshtetjen e Shoq\u00ebris\u00eb Civile<\/p>\n<p><strong>Q\u00ebllimi i p<\/strong><strong>rojektit<\/strong> ishte rritja e pjes\u00ebmarrjes dinamike t\u00eb t\u00eb rinjve n\u00eb m\u00ebnyr\u00eb q\u00eb t\u00eb jen\u00eb qytetar\u00eb aktiv\u00eb, protagonist\u00eb t\u00eb zhvillimit t\u00eb tyre. Ky projekt ka ndihmuar dhe mb\u00ebshtetur t\u00eb rinjt\u00eb (18-25 vje\u00e7), p\u00ebr t\u00eb marr\u00eb pjes\u00eb n\u00eb m\u00ebnyr\u00eb aktive n\u00eb vendimmarrje, n\u00eb nd\u00ebrtimin e nj\u00eb komuniteti q\u00eb i mban zyrtar\u00ebt publik t\u00eb p\u00ebrgjegjsh\u00ebm.<\/p>\n<p><strong>Objektivat:<\/strong><\/p>\n<ul>\n<li>T\u00eb informohen dhe sensibilizohen t\u00eb rinjt\u00eb p\u00ebr pjes\u00ebmarrje aktive qytetare n\u00eb vendimmarrje;<\/li>\n<li>T\u00eb inkurajohet debati politik dhe dialogu publik nd\u00ebrmjet kandidat\u00ebve p\u00ebr kryetar t\u00eb nj\u00ebsive vendore dhe grupeve t\u00eb t\u00eb rinjve;<\/li>\n<li>T\u00eb matet perceptimi i t\u00eb rinjve p\u00ebr rolin dhe ndikimin n\u00eb prioritetet e strategjis\u00eb politike t\u00eb kandidatit t\u00eb p\u00ebrzgjedhur;<\/li>\n<li>T\u00eb monitorohet programi dhe p\u00ebrgjegj\u00ebsia e kryetar\u00ebve t\u00eb zgjedhur, n\u00ebse nevojat dhe prioritetet e p\u00ebrmendura nga t\u00eb rinjt\u00eb dhe t\u00eb premtuara nga kryetari i zgjedhur (gjat\u00eb fushat\u00ebs elektorale) jan\u00eb t\u00eb p\u00ebrfshira n\u00eb prioritetet e politik\u00ebs s\u00eb tyre lokale.<\/li>\n<\/ul>\n<p>Disa nga <strong>aktivitetet kryesore<\/strong> q\u00eb jan\u00eb realizuar jan\u00eb:<\/p>\n<ul>\n<li>Identifikimi i t\u00eb rinjve t\u00eb mosh\u00ebs 18- 25 vje\u00e7, t\u00eb cil\u00ebt do t\u00eb jen\u00eb pjes\u00eb e pro\u00e7esit t\u00eb votimit n\u00eb zonat p\u00ebrkat\u00ebse<\/li>\n<li>Zhvillimi i metodologjis\u00eb<\/li>\n<li>Trajnime informative dhe nd\u00ebrgjegj\u00ebsuese p\u00ebr t\u00eb rinjt\u00eb<\/li>\n<li>D\u00ebgjime publike<\/li>\n<li>Ndarja e platformave politike n\u00eb interes t\u00eb t\u00eb rinjve<\/li>\n<li>Matja e perceptimeve t\u00eb t\u00eb rinjve t\u00eb trajnuar mbi ndikimin q\u00eb ky pro\u00e7es ka patur n\u00eb pjes\u00ebmarrjen e tyre n\u00eb votim<\/li>\n<li>Llogaridh\u00ebnia, transparenca dhe ndarja e prioriteteve t\u00eb strategjive politike t\u00eb kandidat\u00ebve fitues<\/li>\n<li>Raport<\/li>\n<\/ul>\n<\/div><\/section><\/div>\n","protected":false},"excerpt":{"rendered":"","protected":false},"author":4,"featured_media":0,"parent":4569,"menu_order":0,"comment_status":"closed","ping_status":"closed","template":"","meta":{"_mc_calendar":[],"footnotes":""},"class_list":["post-5017","page","type-page","status-publish","hentry"],"_links":{"self":[{"href":"https:\/\/observator.org.al\/sq\/wp-json\/wp\/v2\/pages\/5017","targetHints":{"allow":["GET"]}}],"collection":[{"href":"https:\/\/observator.org.al\/sq\/wp-json\/wp\/v2\/pages"}],"about":[{"href":"https:\/\/observator.org.al\/sq\/wp-json\/wp\/v2\/types\/page"}],"author":[{"embeddable":true,"href":"https:\/\/observator.org.al\/sq\/wp-json\/wp\/v2\/users\/4"}],"replies":[{"embeddable":true,"href":"https:\/\/observator.org.al\/sq\/wp-json\/wp\/v2\/comments?post=5017"}],"version-history":[{"count":1,"href":"https:\/\/observator.org.al\/sq\/wp-json\/wp\/v2\/pages\/5017\/revisions"}],"predecessor-version":[{"id":5018,"href":"https:\/\/observator.org.al\/sq\/wp-json\/wp\/v2\/pages\/5017\/revisions\/5018"}],"up":[{"embeddable":true,"href":"https:\/\/observator.org.al\/sq\/wp-json\/wp\/v2\/pages\/4569"}],"wp:attachment":[{"href":"https:\/\/observator.org.al\/sq\/wp-json\/wp\/v2\/media?parent=5017"}],"curies":[{"name":"wp","href":"https:\/\/api.w.org\/{rel}","templated":true}]}}