{"id":5009,"date":"2016-04-02T10:21:12","date_gmt":"2016-04-02T08:21:12","guid":{"rendered":"http:\/\/observator.org.al\/sq\/?page_id=5009"},"modified":"2016-04-02T10:21:12","modified_gmt":"2016-04-02T08:21:12","slug":"barazia-gjinore-dhe-fuqizimi-i-gruas","status":"publish","type":"page","link":"https:\/\/observator.org.al\/sq\/nismat-tona\/projekte\/barazia-gjinore-dhe-fuqizimi-i-gruas\/","title":{"rendered":"Barazia gjinore dhe fuqizimi i gruas &#8211; Cel\u00ebsi i suksesit n\u00eb politikat e nd\u00ebrmarra &#8211; p\u00ebrfshirja e t\u00eb rinjve"},"content":{"rendered":"<div class=\"flex_column av_one_full  flex_column_div av-zero-column-padding first  avia-builder-el-0  avia-builder-el-no-sibling  \" style='border-radius:0px; '><section class=\"av_textblock_section \"  itemscope=\"itemscope\" itemtype=\"https:\/\/schema.org\/CreativeWork\" ><div class='avia_textblock  '   itemprop=\"text\" ><p><strong>Donator:<\/strong> UNDP, UN Women<\/p>\n<p><strong>Koh\u00ebzgjatja:<\/strong> Shtator 2015- Shtator 2016<\/p>\n<p>Observatori p\u00ebr t\u00eb Drejtat e F\u00ebmij\u00ebve \u00ebsht\u00eb duke zbatuar projektin &#8220;Barazia gjinore dhe fuqizimi i grave- \u00c7el\u00ebsi i suksesit n\u00eb politikat e nd\u00ebrmarra- p\u00ebrfshirja e t\u00eb rinjve&#8221; gjat\u00eb periudh\u00ebs Shtator 2015- Shtator 2016, nj\u00eb iniciativ\u00eb e mb\u00ebshtetur nga UNDP dhe UN Women.<\/p>\n<p><strong>Q\u00ebllimi i projektit <\/strong>\u00ebsht\u00eb ndikimi n\u00eb uljen e dhun\u00ebs n\u00eb familje dhe n\u00eb baza gjinore dhe promovimin e barazis\u00eb gjinore n\u00eb <em>2 fusha t\u00eb ndryshme<\/em> n\u00eb Shqip\u00ebri, duke angazhuar burrat dhe djemt\u00eb n\u00eb partneritet me grat\u00eb dhe vajzat si aleat\u00eb, modele dhe agjent\u00eb ndryshimi, duke p\u00ebrfshir\u00eb aktor\u00ebt lokal\u00eb si dhe t\u00eb rinjt\u00eb.<\/p>\n<p><strong>Objektivat:<\/strong><\/p>\n<ul>\n<li>T\u00eb p\u00ebrfshihen aktor\u00ebt lokal\u00eb n\u00eb fushat\u00eb p\u00ebr reduktimin e dhun\u00ebs me baz\u00eb gjinore dhe promovimin e barazis\u00eb gjinore n\u00eb Shqip\u00ebri;<\/li>\n<li>T\u00eb inkurajohen dhe mobilizohen t\u00eb rinjt\u00eb si agjent\u00eb promovues p\u00ebr advokimin n\u00eb reduktimin e dhun\u00ebs me baz\u00eb gjinore dhe promovimin e barazis\u00eb gjinore.<\/li>\n<\/ul>\n<p>Disa nga <strong>aktivitetet kryesore<\/strong> t\u00eb nism\u00ebs jan\u00eb:<\/p>\n<ul>\n<li>Tryeza t\u00eb rrumbullakta me zyrtar\u00ebt publik\u00eb<\/li>\n<li>Publikimi i materialeve promocionale<\/li>\n<li>Rregjistrimi i videove \u201cportokalli\u201d<\/li>\n<li>Mb\u00ebshtetje e medias<\/li>\n<li>Raportim i t\u00eb gjitha aktiviteteve<\/li>\n<li><em>Raport ilustrues<\/em> me histori, foto dhe raste t\u00eb mbledhura<\/li>\n<li>Krijimi I 2 grupeve me vajza dhe djem t\u00eb rinj nga shkollat dhe qendat sociale<\/li>\n<li>Trajnimi i an\u00ebtar\u00ebve t\u00eb klubit t\u00eb t\u00eb rinjve<\/li>\n<li><em>Fushata portokalli<\/em> e 16 dit\u00ebve t\u00eb aktivizmit kund\u00ebr dhun\u00ebs<\/li>\n<li>Ekspozit\u00eb <em>portokalli<\/em><\/li>\n<\/ul>\n<\/div><\/section><\/div>\n","protected":false},"excerpt":{"rendered":"","protected":false},"author":4,"featured_media":0,"parent":4569,"menu_order":0,"comment_status":"closed","ping_status":"closed","template":"","meta":{"_mc_calendar":[],"footnotes":""},"class_list":["post-5009","page","type-page","status-publish","hentry"],"_links":{"self":[{"href":"https:\/\/observator.org.al\/sq\/wp-json\/wp\/v2\/pages\/5009","targetHints":{"allow":["GET"]}}],"collection":[{"href":"https:\/\/observator.org.al\/sq\/wp-json\/wp\/v2\/pages"}],"about":[{"href":"https:\/\/observator.org.al\/sq\/wp-json\/wp\/v2\/types\/page"}],"author":[{"embeddable":true,"href":"https:\/\/observator.org.al\/sq\/wp-json\/wp\/v2\/users\/4"}],"replies":[{"embeddable":true,"href":"https:\/\/observator.org.al\/sq\/wp-json\/wp\/v2\/comments?post=5009"}],"version-history":[{"count":1,"href":"https:\/\/observator.org.al\/sq\/wp-json\/wp\/v2\/pages\/5009\/revisions"}],"predecessor-version":[{"id":5010,"href":"https:\/\/observator.org.al\/sq\/wp-json\/wp\/v2\/pages\/5009\/revisions\/5010"}],"up":[{"embeddable":true,"href":"https:\/\/observator.org.al\/sq\/wp-json\/wp\/v2\/pages\/4569"}],"wp:attachment":[{"href":"https:\/\/observator.org.al\/sq\/wp-json\/wp\/v2\/media?parent=5009"}],"curies":[{"name":"wp","href":"https:\/\/api.w.org\/{rel}","templated":true}]}}