{"id":4710,"date":"2016-01-25T23:39:43","date_gmt":"2016-01-25T22:39:43","guid":{"rendered":"http:\/\/observator.org.al\/sq\/?page_id=4710"},"modified":"2019-01-08T10:53:49","modified_gmt":"2019-01-08T09:53:49","slug":"vleresime","status":"publish","type":"page","link":"https:\/\/observator.org.al\/sq\/partneritete\/vleresime\/","title":{"rendered":"Vler\u00ebsime"},"content":{"rendered":"<div id='av_section_1'  class='avia-section main_color avia-section-default avia-no-shadow  avia-bg-style-scroll  avia-builder-el-0  avia-builder-el-no-sibling   container_wrap fullsize' style=' '  ><div class='container' ><main  role=\"main\" itemprop=\"mainContentOfPage\"  class='template-page content  av-content-full alpha units'><div class='post-entry post-entry-type-page post-entry-4710'><div class='entry-content-wrapper clearfix'>\n<div  class='avia-icon-list-container   avia-builder-el-1  avia-builder-el-no-sibling '><ul class='avia-icon-list avia-icon-list-left av-iconlist-big avia_animate_when_almost_visible avia-iconlist-animate'>\n<li><a href='http:\/\/observator.org.al\/wp-content\/uploads\/2016\/01\/Letter_of_Appreciation_UN-Women2016.pdf' title='Vler\u00ebsim p\u00ebr Observatorin nga UN Women'   class='iconlist_icon  avia-font-entypo-fontello'><span class='iconlist-char ' aria-hidden='true' data-av_icon='\ue809' data-av_iconfont='entypo-fontello'><\/span><\/a><article class=\"article-icon-entry av-iconlist-empty\"  itemscope=\"itemscope\" itemtype=\"https:\/\/schema.org\/CreativeWork\" ><div class='iconlist_content_wrap'><header class=\"entry-content-header\"><h4 class='av_iconlist_title iconlist_title   '  itemprop=\"headline\"  ><a href='http:\/\/observator.org.al\/wp-content\/uploads\/2016\/01\/Letter_of_Appreciation_UN-Women2016.pdf' title='Vler\u00ebsim p\u00ebr Observatorin nga UN Women'>Vler\u00ebsim p\u00ebr Observatorin nga UN Women<\/a><\/h4><\/header><div class='iconlist_content  '  itemprop=\"text\"  ><\/div><\/div><footer class=\"entry-footer\"><\/footer><\/article><div class='iconlist-timeline'><\/div><\/li>\n<li><div  class='iconlist_icon  avia-font-entypo-fontello'><span class='iconlist-char ' aria-hidden='true' data-av_icon='\ue809' data-av_iconfont='entypo-fontello'><\/span><\/div><article class=\"article-icon-entry av-iconlist-empty\"  itemscope=\"itemscope\" itemtype=\"https:\/\/schema.org\/CreativeWork\" ><div class='iconlist_content_wrap'><header class=\"entry-content-header\"><h4 class='av_iconlist_title iconlist_title   '  itemprop=\"headline\"  ><a href='http:\/\/observator.org.al\/wp-content\/uploads\/2017\/04\/2013Dec20-UNICEF-Ref.pdf' title='Vler\u00ebsim p\u00ebr Observatorin nga UNICEF'>Vler\u00ebsim p\u00ebr Observatorin nga UNICEF<\/a><\/h4><\/header><div class='iconlist_content  '  itemprop=\"text\"  ><\/div><\/div><footer class=\"entry-footer\"><\/footer><\/article><div class='iconlist-timeline'><\/div><\/li>\n<li><div  class='iconlist_icon  avia-font-entypo-fontello'><span class='iconlist-char ' aria-hidden='true' data-av_icon='\ue809' data-av_iconfont='entypo-fontello'><\/span><\/div><article class=\"article-icon-entry av-iconlist-empty\"  itemscope=\"itemscope\" itemtype=\"https:\/\/schema.org\/CreativeWork\" ><div class='iconlist_content_wrap'><header class=\"entry-content-header\"><h4 class='av_iconlist_title iconlist_title   '  itemprop=\"headline\"  ><a href='http:\/\/observator.org.al\/wp-content\/uploads\/2017\/04\/2015Shkurt19-Prefecture_of_Fier.pdf' title='Vler\u00ebsim p\u00ebr Observatorin nga Prefektura e Fierit'>Vler\u00ebsim p\u00ebr Observatorin nga Prefektura e Fierit<\/a><\/h4><\/header><div class='iconlist_content  '  itemprop=\"text\"  ><\/div><\/div><footer class=\"entry-footer\"><\/footer><\/article><div class='iconlist-timeline'><\/div><\/li>\n<li><div  class='iconlist_icon  avia-font-entypo-fontello'><span class='iconlist-char ' aria-hidden='true' data-av_icon='\ue809' data-av_iconfont='entypo-fontello'><\/span><\/div><article class=\"article-icon-entry av-iconlist-empty\"  itemscope=\"itemscope\" itemtype=\"https:\/\/schema.org\/CreativeWork\" ><div class='iconlist_content_wrap'><header class=\"entry-content-header\"><h4 class='av_iconlist_title iconlist_title   '  itemprop=\"headline\"  ><a href='http:\/\/observator.org.al\/wp-content\/uploads\/2017\/04\/2016korrik-LETER_VLERESIMI_UNFPA.pdf' title='Vler\u00ebsim p\u00ebr Observatorin nga UNFPA'>Vler\u00ebsim p\u00ebr Observatorin nga UNFPA<\/a><\/h4><\/header><div class='iconlist_content  '  itemprop=\"text\"  ><\/div><\/div><footer class=\"entry-footer\"><\/footer><\/article><div class='iconlist-timeline'><\/div><\/li>\n<li><div  class='iconlist_icon  avia-font-entypo-fontello'><span class='iconlist-char ' aria-hidden='true' data-av_icon='\ue809' data-av_iconfont='entypo-fontello'><\/span><\/div><article class=\"article-icon-entry av-iconlist-empty\"  itemscope=\"itemscope\" itemtype=\"https:\/\/schema.org\/CreativeWork\" ><div class='iconlist_content_wrap'><header class=\"entry-content-header\"><h4 class='av_iconlist_title iconlist_title   '  itemprop=\"headline\"  ><a href='http:\/\/observator.org.al\/wp-content\/uploads\/2017\/04\/2017Mars7-Leter-reference_Prefekti-Durres.pdf' title='Vler\u00ebsim p\u00ebr Observatorin nga Prefektura e Durr\u00ebsit'>Vler\u00ebsim p\u00ebr Observatorin nga Prefektura e Durr\u00ebsit<\/a><\/h4><\/header><div class='iconlist_content  '  itemprop=\"text\"  ><\/div><\/div><footer class=\"entry-footer\"><\/footer><\/article><div class='iconlist-timeline'><\/div><\/li>\n<li><div  class='iconlist_icon  avia-font-entypo-fontello'><span class='iconlist-char ' aria-hidden='true' data-av_icon='\ue809' data-av_iconfont='entypo-fontello'><\/span><\/div><article class=\"article-icon-entry av-iconlist-empty\"  itemscope=\"itemscope\" itemtype=\"https:\/\/schema.org\/CreativeWork\" ><div class='iconlist_content_wrap'><header class=\"entry-content-header\"><h4 class='av_iconlist_title iconlist_title   '  itemprop=\"headline\"  ><a href='http:\/\/observator.org.al\/wp-content\/uploads\/2017\/04\/2017Mars31-Leter-reference_MPB.pdf' title='Vler\u00ebsim p\u00ebr Observatorin nga Ministria e Pun\u00ebve t\u00eb Brendshme'>Vler\u00ebsim p\u00ebr Observatorin nga Ministria e Pun\u00ebve t\u00eb Brendshme<\/a><\/h4><\/header><div class='iconlist_content  '  itemprop=\"text\"  ><\/div><\/div><footer class=\"entry-footer\"><\/footer><\/article><div class='iconlist-timeline'><\/div><\/li>\n<li><div  class='iconlist_icon  avia-font-entypo-fontello'><span class='iconlist-char ' aria-hidden='true' data-av_icon='\ue809' data-av_iconfont='entypo-fontello'><\/span><\/div><article class=\"article-icon-entry av-iconlist-empty\"  itemscope=\"itemscope\" itemtype=\"https:\/\/schema.org\/CreativeWork\" ><div class='iconlist_content_wrap'><header class=\"entry-content-header\"><h4 class='av_iconlist_title iconlist_title   '  itemprop=\"headline\"  ><a href='http:\/\/observator.org.al\/wp-content\/uploads\/2017\/04\/2017Shkurt-Leter-reference_AvokatiPopullit.pdf' title='Vler\u00ebsim p\u00ebr Observatorin nga Avokati i Popullit'>Vler\u00ebsim p\u00ebr Observatorin nga Avokati i Popullit<\/a><\/h4><\/header><div class='iconlist_content  '  itemprop=\"text\"  ><\/div><\/div><footer class=\"entry-footer\"><\/footer><\/article><div class='iconlist-timeline'><\/div><\/li>\n<\/ul><\/div>\n\n","protected":false},"excerpt":{"rendered":"","protected":false},"author":4,"featured_media":0,"parent":3321,"menu_order":0,"comment_status":"closed","ping_status":"closed","template":"","meta":{"_mc_calendar":[],"footnotes":""},"class_list":["post-4710","page","type-page","status-publish","hentry"],"_links":{"self":[{"href":"https:\/\/observator.org.al\/sq\/wp-json\/wp\/v2\/pages\/4710","targetHints":{"allow":["GET"]}}],"collection":[{"href":"https:\/\/observator.org.al\/sq\/wp-json\/wp\/v2\/pages"}],"about":[{"href":"https:\/\/observator.org.al\/sq\/wp-json\/wp\/v2\/types\/page"}],"author":[{"embeddable":true,"href":"https:\/\/observator.org.al\/sq\/wp-json\/wp\/v2\/users\/4"}],"replies":[{"embeddable":true,"href":"https:\/\/observator.org.al\/sq\/wp-json\/wp\/v2\/comments?post=4710"}],"version-history":[{"count":4,"href":"https:\/\/observator.org.al\/sq\/wp-json\/wp\/v2\/pages\/4710\/revisions"}],"predecessor-version":[{"id":5952,"href":"https:\/\/observator.org.al\/sq\/wp-json\/wp\/v2\/pages\/4710\/revisions\/5952"}],"up":[{"embeddable":true,"href":"https:\/\/observator.org.al\/sq\/wp-json\/wp\/v2\/pages\/3321"}],"wp:attachment":[{"href":"https:\/\/observator.org.al\/sq\/wp-json\/wp\/v2\/media?parent=4710"}],"curies":[{"name":"wp","href":"https:\/\/api.w.org\/{rel}","templated":true}]}}