{"id":4590,"date":"2016-01-10T23:10:59","date_gmt":"2016-01-10T22:10:59","guid":{"rendered":"http:\/\/observator.org.al\/sq\/?page_id=4590"},"modified":"2016-08-15T00:51:46","modified_gmt":"2016-08-14T22:51:46","slug":"reagim-publik","status":"publish","type":"page","link":"https:\/\/observator.org.al\/sq\/te-reja\/reagim-publik\/","title":{"rendered":"Reagim publik"},"content":{"rendered":"<div class=\"flex_column av_one_full  flex_column_div av-zero-column-padding first  avia-builder-el-0  avia-builder-el-no-sibling  \" style='border-radius:0px; '><div  class='avia-icon-list-container   avia-builder-el-1  avia-builder-el-no-sibling '><ul class='avia-icon-list avia-icon-list-left av-iconlist-big avia_animate_when_almost_visible avia-iconlist-animate'>\n<li><div  class='iconlist_icon  avia-font-entypo-fontello'><span class='iconlist-char ' aria-hidden='true' data-av_icon='\ue8d2' data-av_iconfont='entypo-fontello'><\/span><\/div><article class=\"article-icon-entry \"  itemscope=\"itemscope\" itemtype=\"https:\/\/schema.org\/CreativeWork\" ><div class='iconlist_content_wrap'><header class=\"entry-content-header\"><h4 class='av_iconlist_title iconlist_title   '  itemprop=\"headline\"  >REAGIM PUBLIK Mbi dhun\u00ebn e ushtruar ndaj t\u00eb miturve sipas rasteve t\u00eb b\u00ebra publike n\u00eb median e shkruar dhe vizive<\/h4><\/header><div class='iconlist_content  '  itemprop=\"text\"  ><p><a href=\"http:\/\/observator.org.al\/wp-content\/uploads\/2016\/08\/Reagim_Publik_rasti-i-17-vjecarit.pdf\"><img loading=\"lazy\" decoding=\"async\" class=\"alignleft wp-image-3422 size-full\" src=\"http:\/\/observator.org.al\/wp-content\/uploads\/2014\/05\/pdflogo.png\" alt=\"pdflogo\" width=\"190\" height=\"137\" \/><\/a><a href=\"http:\/\/observator.org.al\/wp-content\/uploads\/2016\/08\/Reagim_Publik_rasti-i-17-vjecarit.pdf\" rel=\"\">Reagimi_publik_i_Observatorit_mbi dhun\u00ebn e ushtruar ndaj t\u00eb miturve sipas rasteve t\u00eb b\u00ebra publike n\u00eb median e shkruar dhe vizive<\/a><\/p>\n<\/div><\/div><footer class=\"entry-footer\"><\/footer><\/article><div class='iconlist-timeline'><\/div><\/li>\n<li><div  class='iconlist_icon  avia-font-entypo-fontello'><span class='iconlist-char ' aria-hidden='true' data-av_icon='\ue8d2' data-av_iconfont='entypo-fontello'><\/span><\/div><article class=\"article-icon-entry \"  itemscope=\"itemscope\" itemtype=\"https:\/\/schema.org\/CreativeWork\" ><div class='iconlist_content_wrap'><header class=\"entry-content-header\"><h4 class='av_iconlist_title iconlist_title   '  itemprop=\"headline\"  >Reagim Publik ndaj rastit te dhunes ne kopsht<\/h4><\/header><div class='iconlist_content  '  itemprop=\"text\"  ><p><a href=\"http:\/\/observator.org.al\/wp-content\/uploads\/2016\/06\/Reagim_Publik_22.06.2016.pdf\"><img loading=\"lazy\" decoding=\"async\" class=\"alignleft wp-image-3422 size-full\" src=\"http:\/\/observator.org.al\/wp-content\/uploads\/2014\/05\/pdflogo.png\" alt=\"pdflogo\" width=\"190\" height=\"137\" \/><\/a><a href=\"http:\/\/observator.org.al\/wp-content\/uploads\/2016\/06\/Reagim_Publik_22.06.2016.pdf\" rel=\"\">Reagimi_publik_i_Observatorit_ndaj rastit te dhunes se nje 3-vjecari ne kopshtin privat<\/a><\/p>\n<\/div><\/div><footer class=\"entry-footer\"><\/footer><\/article><div class='iconlist-timeline'><\/div><\/li>\n<li><div  class='iconlist_icon  avia-font-entypo-fontello'><span class='iconlist-char ' aria-hidden='true' data-av_icon='\ue8d2' data-av_iconfont='entypo-fontello'><\/span><\/div><article class=\"article-icon-entry \"  itemscope=\"itemscope\" itemtype=\"https:\/\/schema.org\/CreativeWork\" ><div class='iconlist_content_wrap'><header class=\"entry-content-header\"><h4 class='av_iconlist_title iconlist_title   '  itemprop=\"headline\"  >REAGIM PUBLIK I OBSERVATORIT N\u00cb NIVEL KOMB\u00cbTAR<\/h4><\/header><div class='iconlist_content  '  itemprop=\"text\"  ><p><a href=\"http:\/\/observator.org.al\/wp-content\/uploads\/2016\/01\/Public_Reaction_of_Observatory_in_national_level_for_violence.pdf\"><img loading=\"lazy\" decoding=\"async\" class=\"alignleft wp-image-3422 size-full\" src=\"http:\/\/observator.org.al\/wp-content\/uploads\/2014\/05\/pdflogo.png\" alt=\"pdflogo\" width=\"190\" height=\"137\" \/><\/a><a href=\"http:\/\/observator.org.al\/wp-content\/uploads\/2016\/01\/Reagimi_publik_i_Observatorit_ne_nivel_kombetar_per_dhunen.pdf\" rel=\"\">Reagimi_publik_i_Observatorit_ne_nivel_kombetar_per_dhunen<\/a><\/p>\n<\/div><\/div><footer class=\"entry-footer\"><\/footer><\/article><div class='iconlist-timeline'><\/div><\/li>\n<li><div  class='iconlist_icon  avia-font-entypo-fontello'><span class='iconlist-char ' aria-hidden='true' data-av_icon='\ue8d2' data-av_iconfont='entypo-fontello'><\/span><\/div><article class=\"article-icon-entry \"  itemscope=\"itemscope\" itemtype=\"https:\/\/schema.org\/CreativeWork\" ><div class='iconlist_content_wrap'><header class=\"entry-content-header\"><h4 class='av_iconlist_title iconlist_title   '  itemprop=\"headline\"  >DEKLARAT\u00cb NJDF 24 Shkurt 2015<\/h4><\/header><div class='iconlist_content  '  itemprop=\"text\"  ><p><a href=\"http:\/\/observator.org.al\/wp-content\/uploads\/2016\/01\/DEKLARATE_NJDF_24Feb2015.pdf\" rel=\"\"><img loading=\"lazy\" decoding=\"async\" class=\"alignleft size-full wp-image-3422\" src=\"http:\/\/observator.org.al\/wp-content\/uploads\/2014\/05\/pdflogo.png\" alt=\"pdflogo\" width=\"190\" height=\"137\" \/>DEKLARATE_NJDF_24Feb2015<\/a><\/p>\n<\/div><\/div><footer class=\"entry-footer\"><\/footer><\/article><div class='iconlist-timeline'><\/div><\/li>\n<li><div  class='iconlist_icon  avia-font-entypo-fontello'><span class='iconlist-char ' aria-hidden='true' data-av_icon='\ue8d2' data-av_iconfont='entypo-fontello'><\/span><\/div><article class=\"article-icon-entry \"  itemscope=\"itemscope\" itemtype=\"https:\/\/schema.org\/CreativeWork\" ><div class='iconlist_content_wrap'><header class=\"entry-content-header\"><h4 class='av_iconlist_title iconlist_title   '  itemprop=\"headline\"  >Reagimi publik i Observatorit ndaj rasteve te abuzimit seksual<\/h4><\/header><div class='iconlist_content  '  itemprop=\"text\"  ><p><a href=\"http:\/\/observator.org.al\/wp-content\/uploads\/2016\/01\/Obs_Reagim_Publik_Sex-Abuse-22Jan2016.pdf\"><img loading=\"lazy\" decoding=\"async\" class=\"alignleft wp-image-3422 size-full\" src=\"http:\/\/observator.org.al\/wp-content\/uploads\/2014\/05\/pdflogo.png\" alt=\"pdflogo\" width=\"190\" height=\"137\" \/><\/a><a href=\"http:\/\/observator.org.al\/wp-content\/uploads\/2016\/01\/Obs_Reagim_Publik_Sex-Abuse-22Jan2016.pdf\" rel=\"\">Reagimi_publik_i_Observatorit_ndaj rasteve te abuzimit seksual<\/a><\/p>\n<\/div><\/div><footer class=\"entry-footer\"><\/footer><\/article><div class='iconlist-timeline'><\/div><\/li>\n<\/ul><\/div><\/div>\n","protected":false},"excerpt":{"rendered":"","protected":false},"author":4,"featured_media":0,"parent":3883,"menu_order":0,"comment_status":"closed","ping_status":"closed","template":"","meta":{"_mc_calendar":[],"footnotes":""},"class_list":["post-4590","page","type-page","status-publish","hentry"],"_links":{"self":[{"href":"https:\/\/observator.org.al\/sq\/wp-json\/wp\/v2\/pages\/4590","targetHints":{"allow":["GET"]}}],"collection":[{"href":"https:\/\/observator.org.al\/sq\/wp-json\/wp\/v2\/pages"}],"about":[{"href":"https:\/\/observator.org.al\/sq\/wp-json\/wp\/v2\/types\/page"}],"author":[{"embeddable":true,"href":"https:\/\/observator.org.al\/sq\/wp-json\/wp\/v2\/users\/4"}],"replies":[{"embeddable":true,"href":"https:\/\/observator.org.al\/sq\/wp-json\/wp\/v2\/comments?post=4590"}],"version-history":[{"count":6,"href":"https:\/\/observator.org.al\/sq\/wp-json\/wp\/v2\/pages\/4590\/revisions"}],"predecessor-version":[{"id":5182,"href":"https:\/\/observator.org.al\/sq\/wp-json\/wp\/v2\/pages\/4590\/revisions\/5182"}],"up":[{"embeddable":true,"href":"https:\/\/observator.org.al\/sq\/wp-json\/wp\/v2\/pages\/3883"}],"wp:attachment":[{"href":"https:\/\/observator.org.al\/sq\/wp-json\/wp\/v2\/media?parent=4590"}],"curies":[{"name":"wp","href":"https:\/\/api.w.org\/{rel}","templated":true}]}}