{"id":4541,"date":"2016-01-03T23:33:44","date_gmt":"2016-01-03T22:33:44","guid":{"rendered":"http:\/\/observator.org.al\/?page_id=4541"},"modified":"2017-06-01T22:27:23","modified_gmt":"2017-06-01T20:27:23","slug":"fact-sheet","status":"publish","type":"page","link":"https:\/\/observator.org.al\/sq\/publikime\/fact-sheet\/","title":{"rendered":"Relacion t\u00eb dh\u00ebnash"},"content":{"rendered":"<div class=\"flex_column av_two_fifth  flex_column_div av-zero-column-padding first  avia-builder-el-0  el_before_av_three_fifth  avia-builder-el-first  \" style='border-radius:0px; '><div  class='av-hotspot-image-container   avia_animated_image avia_animate_when_almost_visible fade-in av-hotspot-blank av-mobile-fallback-active    avia-builder-el-1  avia-builder-el-no-sibling  av-non-fullwidth-hotspot-image'  itemprop=\"image\" itemscope=\"itemscope\" itemtype=\"https:\/\/schema.org\/ImageObject\" ><div class='av-hotspot-container'><div class='av-hotspot-container-inner-cell'><div class='av-hotspot-container-inner-wrap'><div class='av-image-hotspot av-image-hotspot-1 ' data-avia-tooltip-position='right' data-avia-tooltip-alignment='top' data-avia-tooltip-class='av-tt-large-width av-tt-pos-right av-tt-align-top  av-mobile-fallback-active  main_color av-tooltip-shadow av-tt-hotspot' data-avia-tooltip='&lt;p&gt;Fact Sheet per\u00a0qarkun e Beratit&lt;\/p&gt;\n' style='top: 63.7%; left: 33.5%; '><a href=#toggle-id-1  class='av-image-hotspot_inner' style='background-color: #9019cc; '>1<\/a><div class='av-image-hotspot-pulse' style='background-color:#745f7e;'><\/div><\/div><div class='av-image-hotspot av-image-hotspot-2 ' data-avia-tooltip-position='right' data-avia-tooltip-alignment='top' data-avia-tooltip-class='av-tt-large-width av-tt-pos-right av-tt-align-top  av-mobile-fallback-active  main_color av-tooltip-shadow av-tt-hotspot' data-avia-tooltip='&lt;p&gt;Fact Sheet per qarkun Diber&lt;\/p&gt;\n' style='top: 29.4%; left: 63.8%; '><a href=#toggle-id-2  class='av-image-hotspot_inner' style='background-color: #9019cc; '>2<\/a><div class='av-image-hotspot-pulse' style='background-color:#745f7e;'><\/div><\/div><div class='av-image-hotspot av-image-hotspot-3 ' data-avia-tooltip-position='right' data-avia-tooltip-alignment='top' data-avia-tooltip-class='av-tt-large-width av-tt-pos-right av-tt-align-top  av-mobile-fallback-active  main_color av-tooltip-shadow av-tt-hotspot' data-avia-tooltip='&lt;p&gt;Fact Sheet per qarkun Durres&lt;\/p&gt;\n' style='top: 42.5%; left: 12.8%; '><a href=#toggle-id-3  class='av-image-hotspot_inner' style='background-color: #9019cc; '>3<\/a><div class='av-image-hotspot-pulse' style='background-color:#745f7e;'><\/div><\/div><div class='av-image-hotspot av-image-hotspot-4 ' data-avia-tooltip-position='right' data-avia-tooltip-alignment='top' data-avia-tooltip-class='av-tt-large-width av-tt-pos-right av-tt-align-top  av-mobile-fallback-active  main_color av-tooltip-shadow av-tt-hotspot' data-avia-tooltip='&lt;p&gt;Fact Sheet per qarkun Elbasan&lt;\/p&gt;\n' style='top: 51.2%; left: 44.5%; '><a href=#toggle-id-4  class='av-image-hotspot_inner' style='background-color: #9019cc; '>4<\/a><div class='av-image-hotspot-pulse' style='background-color:#745f7e;'><\/div><\/div><div class='av-image-hotspot av-image-hotspot-5 ' data-avia-tooltip-position='right' data-avia-tooltip-alignment='top' data-avia-tooltip-class='av-tt-large-width av-tt-pos-right av-tt-align-top  av-mobile-fallback-active  main_color av-tooltip-shadow av-tt-hotspot' data-avia-tooltip='&lt;p&gt;Fact Sheet per qarkun Fier&lt;\/p&gt;\n' style='top: 63.1%; left: 14.2%; '><a href=#toggle-id-5  class='av-image-hotspot_inner' style='background-color: #9019cc; '>5<\/a><div class='av-image-hotspot-pulse' style='background-color:#745f7e;'><\/div><\/div><div class='av-image-hotspot av-image-hotspot-6 ' data-avia-tooltip-position='right' data-avia-tooltip-alignment='top' data-avia-tooltip-class='av-tt-large-width av-tt-pos-right av-tt-align-top  av-mobile-fallback-active  main_color av-tooltip-shadow av-tt-hotspot' data-avia-tooltip='&lt;p&gt;Fact Sheet per qarkun Gjirokaster&lt;\/p&gt;\n' style='top: 83.7%; left: 44.5%; '><a href=#toggle-id-6  class='av-image-hotspot_inner' style='background-color: #9019cc; '>6<\/a><div class='av-image-hotspot-pulse' style='background-color:#745f7e;'><\/div><\/div><div class='av-image-hotspot av-image-hotspot-7 ' data-avia-tooltip-position='right' data-avia-tooltip-alignment='top' data-avia-tooltip-class='av-tt-large-width av-tt-pos-right av-tt-align-top  av-mobile-fallback-active  main_color av-tooltip-shadow av-tt-hotspot' data-avia-tooltip='&lt;p&gt;Fact Sheet per qarkun Korce&lt;\/p&gt;\n' style='top: 67.5%; left: 80.3%; '><a href=#toggle-id-7  class='av-image-hotspot_inner' style='background-color: #9019cc; '>7<\/a><div class='av-image-hotspot-pulse' style='background-color:#745f7e;'><\/div><\/div><div class='av-image-hotspot av-image-hotspot-8 ' data-avia-tooltip-position='right' data-avia-tooltip-alignment='top' data-avia-tooltip-class='av-tt-large-width av-tt-pos-right av-tt-align-top  av-mobile-fallback-active  main_color av-tooltip-shadow av-tt-hotspot' data-avia-tooltip='&lt;p&gt;Fact Sheet per qarkun Kukes&lt;\/p&gt;\n' style='top: 20%; left: 62.5%; '><a href=#toggle-id-8  class='av-image-hotspot_inner' style='background-color: #9019cc; '>8<\/a><div class='av-image-hotspot-pulse' style='background-color:#745f7e;'><\/div><\/div><div class='av-image-hotspot av-image-hotspot-9 ' data-avia-tooltip-position='right' data-avia-tooltip-alignment='top' data-avia-tooltip-class='av-tt-large-width av-tt-pos-right av-tt-align-top  av-mobile-fallback-active  main_color av-tooltip-shadow av-tt-hotspot' data-avia-tooltip='&lt;p&gt;Fact Sheet per qarkun Lezhe&lt;\/p&gt;\n' style='top: 28.7%; left: 23.9%; '><a href=#toggle-id-9  class='av-image-hotspot_inner' style='background-color: #9019cc; '>9<\/a><div class='av-image-hotspot-pulse' style='background-color:#745f7e;'><\/div><\/div><div class='av-image-hotspot av-image-hotspot-10 ' data-avia-tooltip-position='right' data-avia-tooltip-alignment='top' data-avia-tooltip-class='av-tt-large-width av-tt-pos-right av-tt-align-top  av-mobile-fallback-active  main_color av-tooltip-shadow av-tt-hotspot' data-avia-tooltip='&lt;p&gt;Fact Sheet per qarkun Shkoder&lt;\/p&gt;\n' style='top: 18.7%; left: 17%; '><a href=#toggle-id-10  class='av-image-hotspot_inner' style='background-color: #9019cc; '>10<\/a><div class='av-image-hotspot-pulse' style='background-color:#745f7e;'><\/div><\/div><div class='av-image-hotspot av-image-hotspot-11 ' data-avia-tooltip-position='right' data-avia-tooltip-alignment='top' data-avia-tooltip-class='av-tt-large-width av-tt-pos-right av-tt-align-top  av-mobile-fallback-active  main_color av-tooltip-shadow av-tt-hotspot' data-avia-tooltip='&lt;p&gt;Fact Sheet per qarkun Tirane&lt;\/p&gt;\n' style='top: 44.4%; left: 33.5%; '><a href=#toggle-id-11  class='av-image-hotspot_inner' style='background-color: #9019cc; '>11<\/a><div class='av-image-hotspot-pulse' style='background-color:#745f7e;'><\/div><\/div><div class='av-image-hotspot av-image-hotspot-12 ' data-avia-tooltip-position='right' data-avia-tooltip-alignment='top' data-avia-tooltip-class='av-tt-large-width av-tt-pos-right av-tt-align-top  av-mobile-fallback-active  main_color av-tooltip-shadow av-tt-hotspot' data-avia-tooltip='&lt;p&gt;Fact Sheet per qarkun Vlore&lt;\/p&gt;\n' style='top: 79.4%; left: 14.2%; '><a href=#toggle-id-12  class='av-image-hotspot_inner' style='background-color: #9019cc; '>12<\/a><div class='av-image-hotspot-pulse' style='background-color:#745f7e;'><\/div><\/div><img decoding=\"async\" class='wp-image-7953 avia-img-lazy-loading-not-7953 avia_image' src=\"https:\/\/observator.org.al\/wp-content\/uploads\/2016\/01\/fact-sheet-harta2016.jpg\" alt='' title='fact-sheet-harta2016'  height=\"661\" width=\"300\"  itemprop=\"thumbnailUrl\" srcset=\"https:\/\/observator.org.al\/wp-content\/uploads\/2016\/01\/fact-sheet-harta2016.jpg 300w, https:\/\/observator.org.al\/wp-content\/uploads\/2016\/01\/fact-sheet-harta2016-172x380.jpg 172w\" sizes=\"(max-width: 300px) 100vw, 300px\" \/><\/div><\/div><\/div><div class='av-hotspot-fallback-tooltip av-image-hotspot-1 '><div class='av-hotspot-fallback-tooltip-count'>1<div class='avia-arrow'><\/div><\/div><div class='av-hotspot-fallback-tooltip-inner clearfix'><p>\nFact Sheet per\u00a0qarkun e Beratit<\/p>\n<\/div><\/div><div class='av-hotspot-fallback-tooltip av-image-hotspot-2 '><div class='av-hotspot-fallback-tooltip-count'>2<div class='avia-arrow'><\/div><\/div><div class='av-hotspot-fallback-tooltip-inner clearfix'><p>\nFact Sheet per qarkun Diber<\/p>\n<\/div><\/div><div class='av-hotspot-fallback-tooltip av-image-hotspot-3 '><div class='av-hotspot-fallback-tooltip-count'>3<div class='avia-arrow'><\/div><\/div><div class='av-hotspot-fallback-tooltip-inner clearfix'><p>\nFact Sheet per qarkun Durres<\/p>\n<\/div><\/div><div class='av-hotspot-fallback-tooltip av-image-hotspot-4 '><div class='av-hotspot-fallback-tooltip-count'>4<div class='avia-arrow'><\/div><\/div><div class='av-hotspot-fallback-tooltip-inner clearfix'><p>\nFact Sheet per qarkun Elbasan<\/p>\n<\/div><\/div><div class='av-hotspot-fallback-tooltip av-image-hotspot-5 '><div class='av-hotspot-fallback-tooltip-count'>5<div class='avia-arrow'><\/div><\/div><div class='av-hotspot-fallback-tooltip-inner clearfix'><p>\nFact Sheet per qarkun Fier<\/p>\n<\/div><\/div><div class='av-hotspot-fallback-tooltip av-image-hotspot-6 '><div class='av-hotspot-fallback-tooltip-count'>6<div class='avia-arrow'><\/div><\/div><div class='av-hotspot-fallback-tooltip-inner clearfix'><p>\nFact Sheet per qarkun Gjirokaster<\/p>\n<\/div><\/div><div class='av-hotspot-fallback-tooltip av-image-hotspot-7 '><div class='av-hotspot-fallback-tooltip-count'>7<div class='avia-arrow'><\/div><\/div><div class='av-hotspot-fallback-tooltip-inner clearfix'><p>\nFact Sheet per qarkun Korce<\/p>\n<\/div><\/div><div class='av-hotspot-fallback-tooltip av-image-hotspot-8 '><div class='av-hotspot-fallback-tooltip-count'>8<div class='avia-arrow'><\/div><\/div><div class='av-hotspot-fallback-tooltip-inner clearfix'><p>\nFact Sheet per qarkun Kukes<\/p>\n<\/div><\/div><div class='av-hotspot-fallback-tooltip av-image-hotspot-9 '><div class='av-hotspot-fallback-tooltip-count'>9<div class='avia-arrow'><\/div><\/div><div class='av-hotspot-fallback-tooltip-inner clearfix'><p>\nFact Sheet per qarkun Lezhe<\/p>\n<\/div><\/div><div class='av-hotspot-fallback-tooltip av-image-hotspot-10 '><div class='av-hotspot-fallback-tooltip-count'>10<div class='avia-arrow'><\/div><\/div><div class='av-hotspot-fallback-tooltip-inner clearfix'><p>\nFact Sheet per qarkun Shkoder<\/p>\n<\/div><\/div><div class='av-hotspot-fallback-tooltip av-image-hotspot-11 '><div class='av-hotspot-fallback-tooltip-count'>11<div class='avia-arrow'><\/div><\/div><div class='av-hotspot-fallback-tooltip-inner clearfix'><p>\nFact Sheet per qarkun Tirane<\/p>\n<\/div><\/div><div class='av-hotspot-fallback-tooltip av-image-hotspot-12 '><div class='av-hotspot-fallback-tooltip-count'>12<div class='avia-arrow'><\/div><\/div><div class='av-hotspot-fallback-tooltip-inner clearfix'><p>\nFact Sheet per qarkun Vlore<\/p>\n<\/div><\/div><\/div><\/div>\n<div class=\"flex_column av_three_fifth  flex_column_div av-zero-column-padding   avia-builder-el-2  el_after_av_two_fifth  avia-builder-el-last  \" style='border-radius:0px; '><div  class=\"togglecontainer   toggle_close_all  avia-builder-el-3  avia-builder-el-no-sibling \" >\n<section class=\"av_toggle_section\"  itemscope=\"itemscope\" itemtype=\"https:\/\/schema.org\/CreativeWork\"  >    <div role=\"tablist\" class=\"single_toggle\" data-tags=\"{All} \"  >        <p data-fake-id=\"#toggle-id-1\" class=\"toggler activeTitle\"  itemprop=\"headline\"    role=\"tab\" tabindex=\"0\" aria-controls=\"toggle-id-1\">Qarku Berat<span class=\"toggle_icon\" >        <span class=\"vert_icon\"><\/span><span class=\"hor_icon\"><\/span><\/span><\/p>        <div id=\"toggle-id-1\" class=\"toggle_wrap active_tc\"  style='display:block;'>            <div class=\"toggle_content invers-color \"  itemprop=\"text\"   ><p><img loading=\"lazy\" decoding=\"async\" class=\"\" src=\"http:\/\/observator.org.al\/wp-content\/uploads\/2016\/01\/pdfIcon.jpg\" alt=\"pdf icon\" width=\"30\" height=\"31\" \/>\u00a0<a href=\"http:\/\/observator.org.al\/wp-content\/uploads\/2017\/02\/Relacion_te_dhenash_mbi_situaten_e_te_drejtave_te_femijeve-Bashkite_e_Qarkut_Berat.pdf\" target=\"_blank\" rel=\"noopener noreferrer\">Relacion t\u00eb dh\u00ebnash &#8211; Bashkia Berat<\/a><\/p>\n            <\/div>        <\/div>    <\/div><\/section>\n<section class=\"av_toggle_section\"  itemscope=\"itemscope\" itemtype=\"https:\/\/schema.org\/CreativeWork\"  >    <div role=\"tablist\" class=\"single_toggle\" data-tags=\"{All} \"  >        <p data-fake-id=\"#toggle-id-2\" class=\"toggler \"  itemprop=\"headline\"    role=\"tab\" tabindex=\"0\" aria-controls=\"toggle-id-2\">Qarku Diber<span class=\"toggle_icon\" >        <span class=\"vert_icon\"><\/span><span class=\"hor_icon\"><\/span><\/span><\/p>        <div id=\"toggle-id-2\" class=\"toggle_wrap \"  >            <div class=\"toggle_content invers-color \"  itemprop=\"text\"   ><p><img loading=\"lazy\" decoding=\"async\" class=\"\" src=\"http:\/\/observator.org.al\/wp-content\/uploads\/2016\/01\/pdfIcon.jpg\" alt=\"pdf icon\" width=\"30\" height=\"31\" \/> <a href=\"http:\/\/observator.org.al\/wp-content\/uploads\/2017\/02\/Relacion_te_dhenash_mbi_situaten_e_te_drejtave_te_femijeve-Bashkite_e_Qarkut_Diber.pdf\" target=\"_blank\" rel=\"noopener noreferrer\">Relacion t\u00eb dh\u00ebnash &#8211; Bashkia Diber<\/a><\/p>\n<p><img loading=\"lazy\" decoding=\"async\" class=\"\" src=\"http:\/\/observator.org.al\/wp-content\/uploads\/2016\/01\/pdfIcon.jpg\" alt=\"pdf icon\" width=\"30\" height=\"31\" \/> <a href=\"http:\/\/observator.org.al\/wp-content\/uploads\/2017\/06\/Vleresimi_i_sfidave_te_emigranteve_te_kthyer_ne_integrimin_ne_vend-Qarku_Diber.pdf\" target=\"_blank\" rel=\"noopener noreferrer\">Vler\u00ebsimi i sfidave t\u00eb emigrant\u00ebve t\u00eb kthyer n\u00eb integrimin n\u00eb vend- Qarku Dib\u00ebr<\/a><\/p>\n            <\/div>        <\/div>    <\/div><\/section>\n<section class=\"av_toggle_section\"  itemscope=\"itemscope\" itemtype=\"https:\/\/schema.org\/CreativeWork\"  >    <div role=\"tablist\" class=\"single_toggle\" data-tags=\"{All} \"  >        <p data-fake-id=\"#toggle-id-3\" class=\"toggler \"  itemprop=\"headline\"    role=\"tab\" tabindex=\"0\" aria-controls=\"toggle-id-3\">Qarku Durres<span class=\"toggle_icon\" >        <span class=\"vert_icon\"><\/span><span class=\"hor_icon\"><\/span><\/span><\/p>        <div id=\"toggle-id-3\" class=\"toggle_wrap \"  >            <div class=\"toggle_content invers-color \"  itemprop=\"text\"   ><p><img loading=\"lazy\" decoding=\"async\" class=\"\" src=\"http:\/\/observator.org.al\/wp-content\/uploads\/2016\/01\/pdfIcon.jpg\" alt=\"pdf icon\" width=\"30\" height=\"31\" \/> <a href=\"http:\/\/observator.org.al\/wp-content\/uploads\/2017\/02\/Relacion_te_dhenash_mbi_situaten_e_te_drejtave_te_femijeve-Bashkite_e_Qarkut_Durres.pdf\" target=\"_blank\" rel=\"noopener noreferrer\">Relacion t\u00eb dh\u00ebnash &#8211; Bashkia Durres<\/a><\/p>\n            <\/div>        <\/div>    <\/div><\/section>\n<section class=\"av_toggle_section\"  itemscope=\"itemscope\" itemtype=\"https:\/\/schema.org\/CreativeWork\"  >    <div role=\"tablist\" class=\"single_toggle\" data-tags=\"{All} \"  >        <p data-fake-id=\"#toggle-id-4\" class=\"toggler \"  itemprop=\"headline\"    role=\"tab\" tabindex=\"0\" aria-controls=\"toggle-id-4\">Qarku Elbasan<span class=\"toggle_icon\" >        <span class=\"vert_icon\"><\/span><span class=\"hor_icon\"><\/span><\/span><\/p>        <div id=\"toggle-id-4\" class=\"toggle_wrap \"  >            <div class=\"toggle_content invers-color \"  itemprop=\"text\"   ><p><img loading=\"lazy\" decoding=\"async\" class=\"\" src=\"http:\/\/observator.org.al\/wp-content\/uploads\/2016\/01\/pdfIcon.jpg\" alt=\"pdf icon\" width=\"30\" height=\"31\" \/> <a href=\"http:\/\/observator.org.al\/wp-content\/uploads\/2017\/02\/Relacion_te_dhenash_mbi_situaten_e_te_drejtave_te_femijeve-Bashkite_e_Qarkut_Elbasan.pdf\" target=\"_blank\" rel=\"noopener noreferrer\">Relacion t\u00eb dh\u00ebnash &#8211; Bashkia Elbasan<\/a><\/p>\n            <\/div>        <\/div>    <\/div><\/section>\n<section class=\"av_toggle_section\"  itemscope=\"itemscope\" itemtype=\"https:\/\/schema.org\/CreativeWork\"  >    <div role=\"tablist\" class=\"single_toggle\" data-tags=\"{All} \"  >        <p data-fake-id=\"#toggle-id-5\" class=\"toggler \"  itemprop=\"headline\"    role=\"tab\" tabindex=\"0\" aria-controls=\"toggle-id-5\">Qarku Fier<span class=\"toggle_icon\" >        <span class=\"vert_icon\"><\/span><span class=\"hor_icon\"><\/span><\/span><\/p>        <div id=\"toggle-id-5\" class=\"toggle_wrap \"  >            <div class=\"toggle_content invers-color \"  itemprop=\"text\"   ><p><img loading=\"lazy\" decoding=\"async\" class=\"\" src=\"http:\/\/observator.org.al\/wp-content\/uploads\/2016\/01\/pdfIcon.jpg\" alt=\"pdf icon\" width=\"30\" height=\"31\" \/> <a href=\"http:\/\/observator.org.al\/wp-content\/uploads\/2017\/02\/Relacion_te_dhenash_mbi_situaten_e_te_drejtave_te_femijeve-Bashkite_e_Qarkut_Fier.pdf\" target=\"_blank\" rel=\"noopener noreferrer\">Relacion t\u00eb dh\u00ebnash &#8211; Bashkia Fier<\/a><\/p>\n<p><img loading=\"lazy\" decoding=\"async\" class=\"\" src=\"http:\/\/observator.org.al\/wp-content\/uploads\/2016\/01\/pdfIcon.jpg\" alt=\"pdf icon\" width=\"30\" height=\"31\" \/> <a href=\"http:\/\/observator.org.al\/wp-content\/uploads\/2017\/06\/Vleresimi_i_sfidave_te_emigranteve_te_kthyer_ne_integrimin_ne_vend-Qarku_Fier.pdf\" target=\"_blank\" rel=\"noopener noreferrer\">Vler\u00ebsimi i sfidave t\u00eb emigrant\u00ebve t\u00eb kthyer n\u00eb integrimin n\u00eb vend &#8211; Qarku Fier<\/a><\/p>\n            <\/div>        <\/div>    <\/div><\/section>\n<section class=\"av_toggle_section\"  itemscope=\"itemscope\" itemtype=\"https:\/\/schema.org\/CreativeWork\"  >    <div role=\"tablist\" class=\"single_toggle\" data-tags=\"{All} \"  >        <p data-fake-id=\"#toggle-id-6\" class=\"toggler \"  itemprop=\"headline\"    role=\"tab\" tabindex=\"0\" aria-controls=\"toggle-id-6\">Qarku Gjirokaster<span class=\"toggle_icon\" >        <span class=\"vert_icon\"><\/span><span class=\"hor_icon\"><\/span><\/span><\/p>        <div id=\"toggle-id-6\" class=\"toggle_wrap \"  >            <div class=\"toggle_content invers-color \"  itemprop=\"text\"   ><p><img loading=\"lazy\" decoding=\"async\" class=\"\" src=\"http:\/\/observator.org.al\/wp-content\/uploads\/2016\/01\/pdfIcon.jpg\" alt=\"pdf icon\" width=\"30\" height=\"31\" \/> <a href=\"http:\/\/observator.org.al\/wp-content\/uploads\/2017\/02\/Relacion_te_dhenash_mbi_situaten_e_te_drejtave_te_femijeve-Bashkite_e_Qarkut_Gjirokaster.pdf\" target=\"_blank\" rel=\"noopener noreferrer\">Relacion t\u00eb dh\u00ebnash &#8211; Bashkia Gjirokaster<\/a><\/p>\n            <\/div>        <\/div>    <\/div><\/section>\n<section class=\"av_toggle_section\"  itemscope=\"itemscope\" itemtype=\"https:\/\/schema.org\/CreativeWork\"  >    <div role=\"tablist\" class=\"single_toggle\" data-tags=\"{All} \"  >        <p data-fake-id=\"#toggle-id-7\" class=\"toggler \"  itemprop=\"headline\"    role=\"tab\" tabindex=\"0\" aria-controls=\"toggle-id-7\">Qarku Korce<span class=\"toggle_icon\" >        <span class=\"vert_icon\"><\/span><span class=\"hor_icon\"><\/span><\/span><\/p>        <div id=\"toggle-id-7\" class=\"toggle_wrap \"  >            <div class=\"toggle_content invers-color \"  itemprop=\"text\"   ><p><img loading=\"lazy\" decoding=\"async\" class=\"\" src=\"http:\/\/observator.org.al\/wp-content\/uploads\/2016\/01\/pdfIcon.jpg\" alt=\"pdf icon\" width=\"30\" height=\"31\" \/> <a href=\"http:\/\/observator.org.al\/wp-content\/uploads\/2017\/02\/Relacion_te_dhenash_mbi_situaten_e_te_drejtave_te_femijeve-Bashkite_e_Qarkut_Korce.pdf\" target=\"_blank\" rel=\"noopener noreferrer\">Relacion t\u00eb dh\u00ebnash &#8211; Bashkia Korce<\/a><\/p>\n            <\/div>        <\/div>    <\/div><\/section>\n<section class=\"av_toggle_section\"  itemscope=\"itemscope\" itemtype=\"https:\/\/schema.org\/CreativeWork\"  >    <div role=\"tablist\" class=\"single_toggle\" data-tags=\"{All} \"  >        <p data-fake-id=\"#toggle-id-8\" class=\"toggler \"  itemprop=\"headline\"    role=\"tab\" tabindex=\"0\" aria-controls=\"toggle-id-8\">Qarku Kukes<span class=\"toggle_icon\" >        <span class=\"vert_icon\"><\/span><span class=\"hor_icon\"><\/span><\/span><\/p>        <div id=\"toggle-id-8\" class=\"toggle_wrap \"  >            <div class=\"toggle_content invers-color \"  itemprop=\"text\"   ><p><img loading=\"lazy\" decoding=\"async\" class=\"\" src=\"http:\/\/observator.org.al\/wp-content\/uploads\/2016\/01\/pdfIcon.jpg\" alt=\"pdf icon\" width=\"30\" height=\"31\" \/> <a href=\"http:\/\/observator.org.al\/wp-content\/uploads\/2017\/02\/Relacion_te_dhenash_mbi_situaten_e_te_drejtave_te_femijeve-Bashkite_e_Qarkut_Kukes.pdf\" target=\"_blank\" rel=\"noopener noreferrer\">Relacion t\u00eb dh\u00ebnash &#8211; Bashkia Kukes<\/a><\/p>\n            <\/div>        <\/div>    <\/div><\/section>\n<section class=\"av_toggle_section\"  itemscope=\"itemscope\" itemtype=\"https:\/\/schema.org\/CreativeWork\"  >    <div role=\"tablist\" class=\"single_toggle\" data-tags=\"{All} \"  >        <p data-fake-id=\"#toggle-id-9\" class=\"toggler \"  itemprop=\"headline\"    role=\"tab\" tabindex=\"0\" aria-controls=\"toggle-id-9\">Qarku Lezhe<span class=\"toggle_icon\" >        <span class=\"vert_icon\"><\/span><span class=\"hor_icon\"><\/span><\/span><\/p>        <div id=\"toggle-id-9\" class=\"toggle_wrap \"  >            <div class=\"toggle_content invers-color \"  itemprop=\"text\"   ><p><img loading=\"lazy\" decoding=\"async\" class=\"\" src=\"http:\/\/observator.org.al\/wp-content\/uploads\/2016\/01\/pdfIcon.jpg\" alt=\"pdf icon\" width=\"30\" height=\"31\" \/> <a href=\"http:\/\/observator.org.al\/wp-content\/uploads\/2017\/02\/Relacion_te_dhenash_mbi_situaten_e_te_drejtave_te_femijeve-Bashkite_e_Qarkut_Lezhe.pdf\" target=\"_blank\" rel=\"noopener noreferrer\">Relacion t\u00eb dh\u00ebnash &#8211; Bashkia Lezhe<\/a><\/p>\n            <\/div>        <\/div>    <\/div><\/section>\n<section class=\"av_toggle_section\"  itemscope=\"itemscope\" itemtype=\"https:\/\/schema.org\/CreativeWork\"  >    <div role=\"tablist\" class=\"single_toggle\" data-tags=\"{All} \"  >        <p data-fake-id=\"#toggle-id-10\" class=\"toggler \"  itemprop=\"headline\"    role=\"tab\" tabindex=\"0\" aria-controls=\"toggle-id-10\">Qarku Shkoder<span class=\"toggle_icon\" >        <span class=\"vert_icon\"><\/span><span class=\"hor_icon\"><\/span><\/span><\/p>        <div id=\"toggle-id-10\" class=\"toggle_wrap \"  >            <div class=\"toggle_content invers-color \"  itemprop=\"text\"   ><p><img loading=\"lazy\" decoding=\"async\" class=\"\" src=\"http:\/\/observator.org.al\/wp-content\/uploads\/2016\/01\/pdfIcon.jpg\" alt=\"pdf icon\" width=\"30\" height=\"31\" \/> <a href=\"http:\/\/observator.org.al\/wp-content\/uploads\/2017\/02\/Relacion_te_dhenash_mbi_situaten_e_te_drejtave_te_femijeve-Bashkite_e_Qarkut_Shkoder.pdf\" target=\"_blank\" rel=\"noopener noreferrer\">Relacion t\u00eb dh\u00ebnash &#8211; Bashkia Shkoder<\/a><\/p>\n            <\/div>        <\/div>    <\/div><\/section>\n<section class=\"av_toggle_section\"  itemscope=\"itemscope\" itemtype=\"https:\/\/schema.org\/CreativeWork\"  >    <div role=\"tablist\" class=\"single_toggle\" data-tags=\"{All} \"  >        <p data-fake-id=\"#toggle-id-11\" class=\"toggler \"  itemprop=\"headline\"    role=\"tab\" tabindex=\"0\" aria-controls=\"toggle-id-11\">Qarku Tirane<span class=\"toggle_icon\" >        <span class=\"vert_icon\"><\/span><span class=\"hor_icon\"><\/span><\/span><\/p>        <div id=\"toggle-id-11\" class=\"toggle_wrap \"  >            <div class=\"toggle_content invers-color \"  itemprop=\"text\"   ><p><img loading=\"lazy\" decoding=\"async\" class=\"\" src=\"http:\/\/observator.org.al\/wp-content\/uploads\/2016\/01\/pdfIcon.jpg\" alt=\"pdf icon\" width=\"30\" height=\"31\" \/> <a href=\"http:\/\/observator.org.al\/wp-content\/uploads\/2017\/02\/Relacion_te_dhenash_mbi_situaten_e_te_drejtave_te_femijeve-Bashkite_e_Qarkut_Tirane.pdf\" target=\"_blank\" rel=\"noopener noreferrer\">Relacion t\u00eb dh\u00ebnash &#8211; Bashkia Tirane<\/a><\/p>\n<p><img loading=\"lazy\" decoding=\"async\" class=\"\" src=\"http:\/\/observator.org.al\/wp-content\/uploads\/2016\/01\/pdfIcon.jpg\" alt=\"pdf icon\" width=\"30\" height=\"31\" \/> <a href=\"http:\/\/observator.org.al\/wp-content\/uploads\/2017\/06\/Vleresimi_i_sfidave_te_emigranteve_te_kthyer_ne_integrimin_ne_vend-Qarku_Tirane.pdf\" target=\"_blank\" rel=\"noopener noreferrer\">Vler\u00ebsimi i sfidave t\u00eb emigrant\u00ebve t\u00eb kthyer n\u00eb integrimin n\u00eb vend- Qarku Tiran\u00eb<\/a><\/p>\n            <\/div>        <\/div>    <\/div><\/section>\n<section class=\"av_toggle_section\"  itemscope=\"itemscope\" itemtype=\"https:\/\/schema.org\/CreativeWork\"  >    <div role=\"tablist\" class=\"single_toggle\" data-tags=\"{All} \"  >        <p data-fake-id=\"#toggle-id-12\" class=\"toggler \"  itemprop=\"headline\"    role=\"tab\" tabindex=\"0\" aria-controls=\"toggle-id-12\">Qarku Vlore<span class=\"toggle_icon\" >        <span class=\"vert_icon\"><\/span><span class=\"hor_icon\"><\/span><\/span><\/p>        <div id=\"toggle-id-12\" class=\"toggle_wrap \"  >            <div class=\"toggle_content invers-color \"  itemprop=\"text\"   ><p><img loading=\"lazy\" decoding=\"async\" class=\"\" src=\"http:\/\/observator.org.al\/wp-content\/uploads\/2016\/01\/pdfIcon.jpg\" alt=\"pdf icon\" width=\"30\" height=\"31\" \/> <a href=\"http:\/\/observator.org.al\/wp-content\/uploads\/2017\/02\/Relacion_te_dhenash_mbi_situaten_e_te_drejtave_te_femijeve-Bashkite_e_Qarkut_Vlore.pdf\" target=\"_blank\" rel=\"noopener noreferrer\">Relacion t\u00eb dh\u00ebnash &#8211; Bashkia Vlore<\/a><\/p>\n            <\/div>        <\/div>    <\/div><\/section>\n<\/div><\/div>\n","protected":false},"excerpt":{"rendered":"","protected":false},"author":4,"featured_media":0,"parent":2487,"menu_order":0,"comment_status":"closed","ping_status":"closed","template":"","meta":{"_mc_calendar":[],"footnotes":""},"class_list":["post-4541","page","type-page","status-publish","hentry"],"_links":{"self":[{"href":"https:\/\/observator.org.al\/sq\/wp-json\/wp\/v2\/pages\/4541","targetHints":{"allow":["GET"]}}],"collection":[{"href":"https:\/\/observator.org.al\/sq\/wp-json\/wp\/v2\/pages"}],"about":[{"href":"https:\/\/observator.org.al\/sq\/wp-json\/wp\/v2\/types\/page"}],"author":[{"embeddable":true,"href":"https:\/\/observator.org.al\/sq\/wp-json\/wp\/v2\/users\/4"}],"replies":[{"embeddable":true,"href":"https:\/\/observator.org.al\/sq\/wp-json\/wp\/v2\/comments?post=4541"}],"version-history":[{"count":22,"href":"https:\/\/observator.org.al\/sq\/wp-json\/wp\/v2\/pages\/4541\/revisions"}],"predecessor-version":[{"id":5508,"href":"https:\/\/observator.org.al\/sq\/wp-json\/wp\/v2\/pages\/4541\/revisions\/5508"}],"up":[{"embeddable":true,"href":"https:\/\/observator.org.al\/sq\/wp-json\/wp\/v2\/pages\/2487"}],"wp:attachment":[{"href":"https:\/\/observator.org.al\/sq\/wp-json\/wp\/v2\/media?parent=4541"}],"curies":[{"name":"wp","href":"https:\/\/api.w.org\/{rel}","templated":true}]}}