{"id":4175,"date":"2015-09-19T16:37:43","date_gmt":"2015-09-19T14:37:43","guid":{"rendered":"http:\/\/observator.org.al\/?page_id=4175"},"modified":"2017-06-19T16:28:55","modified_gmt":"2017-06-19T14:28:55","slug":"vendimet-e-keshillit-te-ministrave","status":"publish","type":"page","link":"https:\/\/observator.org.al\/sq\/legjislacioni\/vendimet-e-keshillit-te-ministrave\/","title":{"rendered":"Vendimet e K\u00ebshillit t\u00eb Ministrave"},"content":{"rendered":"<div class=\"flex_column av_one_full  flex_column_div av-zero-column-padding first  avia-builder-el-0  el_before_av_hr  avia-builder-el-first  \" style='border-radius:0px; '><p><div  style='padding-bottom:10px; ' class='av-special-heading av-special-heading-h3    avia-builder-el-1  el_before_av_toggle_container  avia-builder-el-first  '><h3 class='av-special-heading-tag '  itemprop=\"headline\"  >Vendime<\/h3><div class='special-heading-border'><div class='special-heading-inner-border' ><\/div><\/div><\/div><br \/>\n<div  class=\"togglecontainer   toggle_close_all  avia-builder-el-2  el_after_av_heading  avia-builder-el-last \" >\n<section class=\"av_toggle_section\"  itemscope=\"itemscope\" itemtype=\"https:\/\/schema.org\/CreativeWork\"  >    <div role=\"tablist\" class=\"single_toggle\" data-tags=\"{All} {1} \"  >        <p data-fake-id=\"#toggle-id-1\" class=\"toggler activeTitle\"  itemprop=\"headline\"    role=\"tab\" tabindex=\"0\" aria-controls=\"toggle-id-1\">Per transportin e mesuesve dhe nxenesve jashte vendbanimit<span class=\"toggle_icon\" >        <span class=\"vert_icon\"><\/span><span class=\"hor_icon\"><\/span><\/span><\/p>        <div id=\"toggle-id-1\" class=\"toggle_wrap active_tc\"  style='display:block;'>            <div class=\"toggle_content invers-color \"  itemprop=\"text\"   ><p><a href=\"http:\/\/observator.org.al\/wp-content\/uploads\/2015\/09\/VKM_682_date_29_07_2015_Per_transportin_e_mesuesve_dhe_nxenesve_jashte_vendbanimit.doc\"><img loading=\"lazy\" decoding=\"async\" class=\"alignleft size-full wp-image-3268\" src=\"http:\/\/observator.org.al\/wp-content\/uploads\/2014\/01\/word_icon.png\" alt=\"word_icon\" width=\"190\" height=\"137\" \/><\/a>VKM 682 date 29\/07\/2015<\/p>\n<p>Per transportin e mesuesve dhe nxenesve jashte vendbanimit<\/p>\n            <\/div>        <\/div>    <\/div><\/section>\n<section class=\"av_toggle_section\"  itemscope=\"itemscope\" itemtype=\"https:\/\/schema.org\/CreativeWork\"  >    <div role=\"tablist\" class=\"single_toggle\" data-tags=\"{All} \"  >        <p data-fake-id=\"#toggle-id-2\" class=\"toggler \"  itemprop=\"headline\"    role=\"tab\" tabindex=\"0\" aria-controls=\"toggle-id-2\">Per botimin shtypjen shperndarjen dhe shitjen e teksteve shkollore<span class=\"toggle_icon\" >        <span class=\"vert_icon\"><\/span><span class=\"hor_icon\"><\/span><\/span><\/p>        <div id=\"toggle-id-2\" class=\"toggle_wrap \"  >            <div class=\"toggle_content invers-color \"  itemprop=\"text\"   ><p><a href=\"http:\/\/observator.org.al\/wp-content\/uploads\/2015\/09\/VKM_nr.707_dt.26.8.2015_Per_botimin_shtypjen_shperndarjen_dhe_shitjen_e_teksteve_shkollore.pdf\"><img loading=\"lazy\" decoding=\"async\" class=\"alignleft size-full wp-image-3422\" src=\"http:\/\/observator.org.al\/wp-content\/uploads\/2014\/05\/pdflogo.png\" alt=\"pdflogo\" width=\"190\" height=\"137\" \/><\/a>VKM nr.707 dt.26.8.2015<\/p>\n<p>Per botimin shtypjen shperndarjen dhe shitjen e teksteve shkollore<\/p>\n            <\/div>        <\/div>    <\/div><\/section>\n<section class=\"av_toggle_section\"  itemscope=\"itemscope\" itemtype=\"https:\/\/schema.org\/CreativeWork\"  >    <div role=\"tablist\" class=\"single_toggle\" data-tags=\"{All} \"  >        <p data-fake-id=\"#toggle-id-3\" class=\"toggler \"  itemprop=\"headline\"    role=\"tab\" tabindex=\"0\" aria-controls=\"toggle-id-3\">P\u00cbR P\u00cbRDORIMIN E FONDEVE PUBLIKE P\u00cbR TRANSPORTIMIN E M\u00cbSUESVE DHE T\u00cb NX\u00cbN\u00cbSVE Q\u00cb PUNOJN\u00cb E M\u00cbSOJN\u00cb JASHT\u00cb VENDBANIMIT <span class=\"toggle_icon\" >        <span class=\"vert_icon\"><\/span><span class=\"hor_icon\"><\/span><\/span><\/p>        <div id=\"toggle-id-3\" class=\"toggle_wrap \"  >            <div class=\"toggle_content invers-color \"  itemprop=\"text\"   ><p><a href=\"http:\/\/observator.org.al\/wp-content\/uploads\/2015\/09\/VKM_nr.709_dt.5.10.2011_Per_perdorimin_e_fond.publik.doc\"><img loading=\"lazy\" decoding=\"async\" class=\"alignleft size-full wp-image-3268\" src=\"http:\/\/observator.org.al\/wp-content\/uploads\/2014\/01\/word_icon.png\" alt=\"word_icon\" width=\"190\" height=\"137\" \/><\/a><\/p>\n<p>Nr.709, dat\u00eb 5.10.2011<\/p>\n<p>P\u00cbR P\u00cbRDORIMIN E FONDEVE PUBLIKE P\u00cbR TRANSPORTIMIN E M\u00cbSUESVE DHE \u00a0T\u00cb NX\u00cbN\u00cbSVE Q\u00cb PUNOJN\u00cb E M\u00cbSOJN\u00cb JASHT\u00cb VENDBANIMIT<\/p>\n            <\/div>        <\/div>    <\/div><\/section>\n<section class=\"av_toggle_section\"  itemscope=\"itemscope\" itemtype=\"https:\/\/schema.org\/CreativeWork\"  >    <div role=\"tablist\" class=\"single_toggle\" data-tags=\"{All} \"  >        <p data-fake-id=\"#toggle-id-4\" class=\"toggler \"  itemprop=\"headline\"    role=\"tab\" tabindex=\"0\" aria-controls=\"toggle-id-4\">PER PERCAKTIMIN E KRITEREVE DHE TE DOKUMENTACIONIT TE NEVOJSHEM PER PRANIMIN E PERSONAVE NE INSTITUCIONET REZIDENCIALE, PUBLIKE DHE PRIVATE, TE PERKUJDESIT SHOQEROR<span class=\"toggle_icon\" >        <span class=\"vert_icon\"><\/span><span class=\"hor_icon\"><\/span><\/span><\/p>        <div id=\"toggle-id-4\" class=\"toggle_wrap \"  >            <div class=\"toggle_content invers-color \"  itemprop=\"text\"   ><p><a href=\"http:\/\/observator.org.al\/wp-content\/uploads\/2015\/09\/VKM-209-date-14.4.2006.pdf\"><img loading=\"lazy\" decoding=\"async\" class=\"alignleft size-full wp-image-3422\" src=\"http:\/\/observator.org.al\/wp-content\/uploads\/2014\/05\/pdflogo.png\" alt=\"pdflogo\" width=\"190\" height=\"137\" \/><\/a>V E N D IM<br \/>\nNr. 209, date 14.4.2006<br \/>\nPER\u00a0PERCAKTIMIN E KRITEREVE DHE TE DOKUMENTACIONIT TE\u00a0NEVOJSHEM PER PRANIMIN E PERSONAVE NE\u00a0INSTITUCIONET REZIDENCIALE, PUBLIKE\u00a0DHE PRIVATE, TE PERKUJDESIT SHOQEROR<\/p>\n            <\/div>        <\/div>    <\/div><\/section>\n<\/div><\/p><\/div>\n<div   class='hr hr-default   avia-builder-el-3  el_after_av_one_full  el_before_av_one_full '><span class='hr-inner ' ><span class='hr-inner-style'><\/span><\/span><\/div>\n<div class=\"flex_column av_one_full  flex_column_div av-zero-column-padding first  avia-builder-el-4  el_after_av_hr  avia-builder-el-last  \" style='border-radius:0px; '><p><div  style='padding-bottom:10px; ' class='av-special-heading av-special-heading-h3    avia-builder-el-5  el_before_av_toggle_container  avia-builder-el-first  '><h3 class='av-special-heading-tag '  itemprop=\"headline\"  >Udh\u00ebzime<\/h3><div class='special-heading-border'><div class='special-heading-inner-border' ><\/div><\/div><\/div><br \/>\n<div  class=\"togglecontainer   toggle_close_all  avia-builder-el-6  el_after_av_heading  avia-builder-el-last \" >\n<section class=\"av_toggle_section\"  itemscope=\"itemscope\" itemtype=\"https:\/\/schema.org\/CreativeWork\"  >    <div role=\"tablist\" class=\"single_toggle\" data-tags=\"{All} {1} \"  >        <p data-fake-id=\"#toggle-id-5\" class=\"toggler activeTitle\"  itemprop=\"headline\"    role=\"tab\" tabindex=\"0\" aria-controls=\"toggle-id-5\">P\u00ebr Shkoll\u00ebn Qend\u00ebr Komunitare - Shkoll\u00eb Miq\u00ebsore P\u00ebr T\u00eb Gjith\u00eb<span class=\"toggle_icon\" >        <span class=\"vert_icon\"><\/span><span class=\"hor_icon\"><\/span><\/span><\/p>        <div id=\"toggle-id-5\" class=\"toggle_wrap active_tc\"  style='display:block;'>            <div class=\"toggle_content invers-color \"  itemprop=\"text\"   ><p><a href=\"http:\/\/observator.org.al\/wp-content\/uploads\/2015\/09\/UDHEZUES_GJITHEPERFSHIRJA_SHQK_2_18-02-15.pdf\"><img loading=\"lazy\" decoding=\"async\" class=\"alignleft size-full wp-image-3422\" src=\"http:\/\/observator.org.al\/wp-content\/uploads\/2014\/05\/pdflogo.png\" alt=\"pdflogo\" width=\"190\" height=\"137\" \/><\/a>UDH\u00cbZUESI I GJITH\u00cbP\u00cbRFSHIRJES<br \/>\nP\u00ebr Shkoll\u00ebn Qend\u00ebr Komunitare &#8211;\u00a0Shkoll\u00eb Miq\u00ebsore P\u00ebr T\u00eb Gjith\u00eb<\/p>\n            <\/div>        <\/div>    <\/div><\/section>\n<section class=\"av_toggle_section\"  itemscope=\"itemscope\" itemtype=\"https:\/\/schema.org\/CreativeWork\"  >    <div role=\"tablist\" class=\"single_toggle\" data-tags=\"{All} \"  >        <p data-fake-id=\"#toggle-id-6\" class=\"toggler \"  itemprop=\"headline\"    role=\"tab\" tabindex=\"0\" aria-controls=\"toggle-id-6\">UDH\u00cbZUES P\u00cbR SHKOLL\u00cbN SI QEND\u00cbR KOMUNITARE - SHKOLL\u00cb MIQ\u00cbSORE P\u00cbR T\u00cb GJITH\u00cb<span class=\"toggle_icon\" >        <span class=\"vert_icon\"><\/span><span class=\"hor_icon\"><\/span><\/span><\/p>        <div id=\"toggle-id-6\" class=\"toggle_wrap \"  >            <div class=\"toggle_content invers-color \"  itemprop=\"text\"   ><p><a href=\"http:\/\/observator.org.al\/wp-content\/uploads\/2015\/09\/UDHEZUESI_SHQK_09-02-15.pdf\"><img loading=\"lazy\" decoding=\"async\" class=\"alignleft size-full wp-image-3422\" src=\"http:\/\/observator.org.al\/wp-content\/uploads\/2014\/05\/pdflogo.png\" alt=\"pdflogo\" width=\"190\" height=\"137\" \/><\/a>\u201cUDH\u00cbZUES P\u00cbR SHKOLL\u00cbN SI QEND\u00cbR KOMUNITARE &#8211; SHKOLL\u00cb MIQ\u00cbSORE P\u00cbR T\u00cb GJITH\u00cb\u201d<\/p>\n            <\/div>        <\/div>    <\/div><\/section>\n<section class=\"av_toggle_section\"  itemscope=\"itemscope\" itemtype=\"https:\/\/schema.org\/CreativeWork\"  >    <div role=\"tablist\" class=\"single_toggle\" data-tags=\"{All} \"  >        <p data-fake-id=\"#toggle-id-7\" class=\"toggler \"  itemprop=\"headline\"    role=\"tab\" tabindex=\"0\" aria-controls=\"toggle-id-7\">UDHEZIM PER IDENTIFIKIMIN DHE REGJISTRIMIN NE SHKOLLE TE TE GJITHE FEMIJEVE TE MOSHES SE DETYRIMIT SHKOLLOR<span class=\"toggle_icon\" >        <span class=\"vert_icon\"><\/span><span class=\"hor_icon\"><\/span><\/span><\/p>        <div id=\"toggle-id-7\" class=\"toggle_wrap \"  >            <div class=\"toggle_content invers-color \"  itemprop=\"text\"   ><p><a href=\"http:\/\/observator.org.al\/wp-content\/uploads\/2015\/09\/Udhezimi_3Ministror_5Jan2015.pdf\"><img loading=\"lazy\" decoding=\"async\" class=\"alignleft size-full wp-image-3422\" src=\"http:\/\/observator.org.al\/wp-content\/uploads\/2014\/05\/pdflogo.png\" alt=\"pdflogo\" width=\"190\" height=\"137\" \/><\/a>PER MIRATIMIN E RREGULLORES PER ZBATIMIN E MARREVESHJES SE BASHKEPUNIMIT DATE 02.08.2013 &#8220;PER IDENTIFIKIMIN DHE REGJISTRIMIN NE SHKOLLE TE TE GJITHE FEMIJEVE TE MOSHES SE DETYRIMIT SHKOLLOR&#8221;<\/p>\n            <\/div>        <\/div>    <\/div><\/section>\n<section class=\"av_toggle_section\"  itemscope=\"itemscope\" itemtype=\"https:\/\/schema.org\/CreativeWork\"  >    <div role=\"tablist\" class=\"single_toggle\" data-tags=\"{All} \"  >        <p data-fake-id=\"#toggle-id-8\" class=\"toggler \"  itemprop=\"headline\"    role=\"tab\" tabindex=\"0\" aria-controls=\"toggle-id-8\">UDHEZIM PER RRITJEN E NDJEKJES SE ARSIMIT PARASHKOLLOR NGA FEMIJET ROME<span class=\"toggle_icon\" >        <span class=\"vert_icon\"><\/span><span class=\"hor_icon\"><\/span><\/span><\/p>        <div id=\"toggle-id-8\" class=\"toggle_wrap \"  >            <div class=\"toggle_content invers-color \"  itemprop=\"text\"   ><p><a href=\"http:\/\/observator.org.al\/wp-content\/uploads\/2017\/06\/Udhezim_rregjistrimi-me-perparesi-i-femijeve-Rom-omet-ne-kopshte-Gusht-2014.pdf\"><img loading=\"lazy\" decoding=\"async\" class=\"alignleft size-full wp-image-3422\" src=\"http:\/\/observator.org.al\/wp-content\/uploads\/2014\/05\/pdflogo.png\" alt=\"pdflogo\" width=\"190\" height=\"137\" \/><\/a>PER RRITJEN E NDJEKJES SE ARSIMIT PARASHKOLLOR NGA FEMIJET ROME<\/p>\n            <\/div>        <\/div>    <\/div><\/section>\n<\/div><\/p><\/div>\n","protected":false},"excerpt":{"rendered":"","protected":false},"author":4,"featured_media":0,"parent":4004,"menu_order":0,"comment_status":"closed","ping_status":"closed","template":"","meta":{"_mc_calendar":[],"footnotes":""},"class_list":["post-4175","page","type-page","status-publish","hentry"],"_links":{"self":[{"href":"https:\/\/observator.org.al\/sq\/wp-json\/wp\/v2\/pages\/4175","targetHints":{"allow":["GET"]}}],"collection":[{"href":"https:\/\/observator.org.al\/sq\/wp-json\/wp\/v2\/pages"}],"about":[{"href":"https:\/\/observator.org.al\/sq\/wp-json\/wp\/v2\/types\/page"}],"author":[{"embeddable":true,"href":"https:\/\/observator.org.al\/sq\/wp-json\/wp\/v2\/users\/4"}],"replies":[{"embeddable":true,"href":"https:\/\/observator.org.al\/sq\/wp-json\/wp\/v2\/comments?post=4175"}],"version-history":[{"count":11,"href":"https:\/\/observator.org.al\/sq\/wp-json\/wp\/v2\/pages\/4175\/revisions"}],"predecessor-version":[{"id":5528,"href":"https:\/\/observator.org.al\/sq\/wp-json\/wp\/v2\/pages\/4175\/revisions\/5528"}],"up":[{"embeddable":true,"href":"https:\/\/observator.org.al\/sq\/wp-json\/wp\/v2\/pages\/4004"}],"wp:attachment":[{"href":"https:\/\/observator.org.al\/sq\/wp-json\/wp\/v2\/media?parent=4175"}],"curies":[{"name":"wp","href":"https:\/\/api.w.org\/{rel}","templated":true}]}}