{"id":3826,"date":"2015-05-04T23:15:24","date_gmt":"2015-05-04T21:15:24","guid":{"rendered":"http:\/\/observator.org.al\/?page_id=3826"},"modified":"2015-05-04T23:15:24","modified_gmt":"2015-05-04T21:15:24","slug":"zyrat-rajonale","status":"publish","type":"page","link":"https:\/\/observator.org.al\/sq\/observatoret\/zyrat-rajonale\/","title":{"rendered":"Zyrat rajonale"},"content":{"rendered":"<div class=\"flex_column av_one_full  flex_column_div first  avia-builder-el-0  avia-builder-el-no-sibling  \" ><section class=\"av_textblock_section \"  itemscope=\"itemscope\" itemtype=\"https:\/\/schema.org\/CreativeWork\" ><div class='avia_textblock  '   itemprop=\"text\" ><div class=\"tpg-get-posts\" ><div class=\"tpg-get-posts-post\" ><div class=\"tpg-title-class\"><h2><a href=\"https:\/\/observator.org.al\/sq\/ekspert-per-permiresimin-e-programeve-edukative-mbi-monitorimin-dhe-vleresimin-e-programeve-dhe-politikave\/\" >Ekspert p\u00ebr p\u00ebrmiresimin e programeve edukative mbi monitorimin dhe vler\u00ebsimin e programeve dhe politikave<\/a><\/h2><\/div><div  class=\"tpg-byline-class\">By Observatori i te drejtave te femijeve  on 20 Janar, 2023<\/div><div class=\"tpg-content-class\"><a href=\"https:\/\/observator.org.al\/sq\/ekspert-per-permiresimin-e-programeve-edukative-mbi-monitorimin-dhe-vleresimin-e-programeve-dhe-politikave\/\"><\/p>\n<div class=\"tpg-thumbnail-class\"><\/div>\n<p><\/a><\/p>\n<p style=\"text-align: right;\"><strong>Tiran\u00eb, m\u00eb 20 Janar 2023<\/strong><\/p>\n<p><strong>\u00a0<\/strong><\/p>\n<p><strong>Thirrje p\u00ebr shprehje interesi- Ekspert p\u00ebr t\u00eb prmir\u00ebsimin e kurikul\u00ebs mbi monitorimin dhe vler\u00ebsimin<\/strong><\/p>\n<p><strong>\u00a0<\/strong><\/p>\n<p><strong>\u201cObservatori p\u00ebr t\u00eb Drejtat e F\u00ebmij\u00ebve dhe t\u00eb Rinjve\u201d,\u00a0<\/strong>n\u00eb kuad\u00ebr t\u00eb zbatimit t\u00eb projektit \u201c<em>Monitoring and reporting on children rights for better policy options<\/em>\u201d t\u00eb zbatuar n\u00eb partneritet me UNICEF n\u00eb Shqip\u00ebri \u00ebsht\u00eb i interesuar t\u00eb p\u00ebrfitoj\u00eb sh\u00ebrbim p\u00ebr ekspertiz\u00eb nga individ\u00eb, persona fizik ose juridik.<\/p>\n<p><strong>Titulli i pun\u00ebs<\/strong>:<\/p>\n<ol>\n<li>Ekspert p\u00ebr identifikimin e boshll\u00ebq\u00ebve dhe mund\u00ebsive n\u00eb p\u00ebrmiresimin e programeve edukative n\u00eb kuader t\u00eb rritje s\u00eb kapacititeve mbi monitorimin dhe vler\u00ebsimin e programeve &#8230; <a href=\"https:\/\/observator.org.al\/sq\/ekspert-per-permiresimin-e-programeve-edukative-mbi-monitorimin-dhe-vleresimin-e-programeve-dhe-politikave\/\" class=\"more-link\">Lexoni m\u00eb shum\u00eb<\/a><\/li>\n<\/ol>\n<\/div>\n<div class=\"tpg-metadata-class\"><span>Komentet <span class=\"screen-reader-text\"> te Ekspert p\u00ebr p\u00ebrmiresimin e programeve edukative mbi monitorimin dhe vler\u00ebsimin e programeve dhe politikave<\/span> Jan\u00eb t\u00eb Mbyllura<\/span>&nbsp;&nbsp;|&nbsp;&nbsp;Filed under: <a href=\"https:\/\/observator.org.al\/sq\/category\/lajme\/\" title=\"View all posts in Lajme\">Lajme<\/a>, <a href=\"https:\/\/observator.org.al\/sq\/category\/tepergjithshme\/\" title=\"View all posts in Te pergjithshme\">Te pergjithshme<\/a>, <a href=\"https:\/\/observator.org.al\/sq\/category\/tirana\/\" title=\"View all posts in Tiran\u00eb\">Tiran\u00eb<\/a>&nbsp;&nbsp;|&nbsp;&nbsp;<b>Tags:<\/b> No Tag<\/div><\/div><div class=\"tpg-get-posts-post\" ><div class=\"tpg-title-class\"><h2><a href=\"https:\/\/observator.org.al\/sq\/thirrje-per-shprehje-interesi-ekspert-per-permiresimin-e-kurikules-mbi-monitorimin-dhe-vleresimin\/\" >THIRRJE P\u00cbR SHPREHJE INTERESI-EKSPERT P\u00cbR P\u00cbRMIR\u00cbSIMIN E KURIKUL\u00cbS MBI MONITORIMIN DHE VLER\u00cbSIMIN<\/a><\/h2><\/div><div  class=\"tpg-byline-class\">By Observatori i te drejtave te femijeve  on 9 Janar, 2023<\/div><div class=\"tpg-content-class\"><a href=\"https:\/\/observator.org.al\/sq\/thirrje-per-shprehje-interesi-ekspert-per-permiresimin-e-kurikules-mbi-monitorimin-dhe-vleresimin\/\"><\/p>\n<div class=\"tpg-thumbnail-class\"><\/div>\n<p><\/a><\/p>\n<p style=\"text-align: right;\"><strong>Tiran\u00eb, m\u00eb 9 Janar 2023<\/strong><\/p>\n<p><strong>\u00a0<\/strong><\/p>\n<p style=\"text-align: center;\"><strong>Thirrje p\u00ebr shprehje interesi- Ekspert p\u00ebr t\u00eb prmir\u00ebsimin e kurikul\u00ebs mbi monitorimin dhe vler\u00ebsimin<\/strong><\/p>\n<p><strong>\u00a0<\/strong><\/p>\n<p><strong>\u201cObservatori p\u00ebr t\u00eb Drejtat e F\u00ebmij\u00ebve dhe t\u00eb Rinjve\u201d, <\/strong>n\u00eb kuad\u00ebr t\u00eb zbatimit t\u00eb projektit \u201c<em>Monitoring and reporting on children rights for better policy options<\/em>\u201d t\u00eb zbatuar n\u00eb partneritet me UNICEF n\u00eb Shqip\u00ebri \u00ebsht\u00eb i interesuar t\u00eb p\u00ebrfitoj\u00eb sh\u00ebrbim p\u00ebr ekspertiz\u00eb nga individ\u00eb, persona fizik ose juridik.<\/p>\n<p><strong>Titulli i pun\u00ebs<\/strong>:<\/p>\n<ol>\n<li>Ekspert p\u00ebr p\u00ebrmir\u00ebsimin e kurikul\u00ebs mbi monitorimin dhe vler\u00ebsimin, duke p\u00ebrfshir\u00eb: P\u00ebrmir\u00ebsimin e kurikul\u00ebs s\u00eb l\u00ebnd\u00ebs \u201cVler\u00ebsimi i &#8230; <a href=\"https:\/\/observator.org.al\/sq\/thirrje-per-shprehje-interesi-ekspert-per-permiresimin-e-kurikules-mbi-monitorimin-dhe-vleresimin\/\" class=\"more-link\">Lexoni m\u00eb shum\u00eb<\/a><\/li>\n<\/ol>\n<\/div>\n<div class=\"tpg-metadata-class\"><span>Komentet <span class=\"screen-reader-text\"> te THIRRJE P\u00cbR SHPREHJE INTERESI-EKSPERT P\u00cbR P\u00cbRMIR\u00cbSIMIN E KURIKUL\u00cbS MBI MONITORIMIN DHE VLER\u00cbSIMIN<\/span> Jan\u00eb t\u00eb Mbyllura<\/span>&nbsp;&nbsp;|&nbsp;&nbsp;Filed under: <a href=\"https:\/\/observator.org.al\/sq\/category\/lajme\/\" title=\"View all posts in Lajme\">Lajme<\/a>, <a href=\"https:\/\/observator.org.al\/sq\/category\/tepergjithshme\/\" title=\"View all posts in Te pergjithshme\">Te pergjithshme<\/a>, <a href=\"https:\/\/observator.org.al\/sq\/category\/tirana\/\" title=\"View all posts in Tiran\u00eb\">Tiran\u00eb<\/a>&nbsp;&nbsp;|&nbsp;&nbsp;<b>Tags:<\/b> No Tag<\/div><\/div><div class=\"tpg-get-posts-post\" ><div class=\"tpg-title-class\"><h2><a href=\"https:\/\/observator.org.al\/sq\/kerkese-per-oferte-2\/\" >K\u00ebrkes\u00eb P\u00ebr Ofert\u00eb<\/a><\/h2><\/div><div  class=\"tpg-byline-class\">By Observatori i te drejtave te femijeve  on 2 Dhjetor, 2022<\/div><div class=\"tpg-content-class\"><a href=\"https:\/\/observator.org.al\/sq\/kerkese-per-oferte-2\/\"><\/p>\n<div class=\"tpg-thumbnail-class\"><\/div>\n<p><\/a><\/p>\n<p style=\"text-align: right;\"><strong>Tiran\u00eb, m\u00eb 02 Dhjetor 2022<\/strong><\/p>\n<p><strong>\u201cObservatori p\u00ebr t\u00eb Drejtat e F\u00ebmij\u00ebve dhe t\u00eb Rinjve\u201d <\/strong>\u00ebsht\u00eb e interesuar q\u00eb t\u00eb pun\u00ebsoj <strong>Subjekt per Organizimin e Eventeve<\/strong> p\u00ebr zbatimin e Projektit me donator <strong>UNICEF Monitoring and Reporting on children rights for better policy option\u201d <em>.<\/em><\/strong><\/p>\n<p>&nbsp;<\/p>\n<p>Subjektet duhet t\u00eb sigurojn\u00eb nevojat e m\u00ebposhtme :<\/p>\n<ul>\n<li>Qera Salle (6 dite)<\/li>\n<li>Refreshment ( 322 persona)<\/li>\n<li>Pushim Kafeje (50 persona)<\/li>\n<li>Sherbim Transporti per femije ( 4 aktivitete )<\/li>\n<\/ul>\n<p>&nbsp;<\/p>\n<p>Subjektet e interesuara preferohet t\u00eb ken\u00eb eksperienca t\u00eb m\u00ebparshme angazhimi me Organizatat, Nderkombetare dhe Institucionet lokale dhe Qendrore, .<\/p>\n<p>Subjektet e interesuar jan\u00eb t\u00eb lutur &#8230; <a href=\"https:\/\/observator.org.al\/sq\/kerkese-per-oferte-2\/\" class=\"more-link\">Lexoni m\u00eb shum\u00eb<\/a><\/div>\n<div class=\"tpg-metadata-class\"><span>Komentet <span class=\"screen-reader-text\"> te K\u00ebrkes\u00eb P\u00ebr Ofert\u00eb<\/span> Jan\u00eb t\u00eb Mbyllura<\/span>&nbsp;&nbsp;|&nbsp;&nbsp;Filed under: <a href=\"https:\/\/observator.org.al\/sq\/category\/durresi\/\" title=\"View all posts in Durr\u00ebs\">Durr\u00ebs<\/a>, <a href=\"https:\/\/observator.org.al\/sq\/category\/lajme\/\" title=\"View all posts in Lajme\">Lajme<\/a>, <a href=\"https:\/\/observator.org.al\/sq\/category\/tepergjithshme\/\" title=\"View all posts in Te pergjithshme\">Te pergjithshme<\/a>, <a href=\"https:\/\/observator.org.al\/sq\/category\/tirana\/\" title=\"View all posts in Tiran\u00eb\">Tiran\u00eb<\/a>&nbsp;&nbsp;|&nbsp;&nbsp;<b>Tags:<\/b> No Tag<\/div><\/div><div class=\"tpg-get-posts-post\" ><div class=\"tpg-title-class\"><h2><a href=\"https:\/\/observator.org.al\/sq\/kerkese-per-oferte\/\" >K\u00cbRKES\u00cb P\u00cbR OFERT\u00cb<\/a><\/h2><\/div><div  class=\"tpg-byline-class\">By Observatori i te drejtave te femijeve  on 1 Dhjetor, 2022<\/div><div class=\"tpg-content-class\"><a href=\"https:\/\/observator.org.al\/sq\/kerkese-per-oferte\/\"><\/p>\n<div class=\"tpg-thumbnail-class\"><\/div>\n<p><\/a><strong>Tiran\u00eb, m\u00eb 01 Dhjetor 2022<\/strong><\/p>\n<p><strong>\u201cObservatori p\u00ebr t\u00eb Drejtat e F\u00ebmij\u00ebve dhe t\u00eb Rinjve\u201d <\/strong>\u00ebsht\u00eb e interesuar q\u00eb t\u00eb pun\u00ebsoj <strong>Subjekt per Organizimin e Eventeve<\/strong> p\u00ebr zbatimin e Projektit me donator <strong>UNICEF \u201c <\/strong><strong>I am Young and my voice matter<\/strong><strong>\u201d <em>.<\/em><\/strong><\/p>\n<p>&nbsp;<\/p>\n<p>Subjektet duhet t\u00eb sigurojn\u00eb nevojat e m\u00ebposhtme :<\/p>\n<ul>\n<li>Moderator (50 Aktivitete)<\/li>\n<li>Sherbim Transporti ( 50 aktivitete )<\/li>\n<li>Shprenzime akomodim+ushqim ( 50 persona)<\/li>\n<\/ul>\n<p>&nbsp;<\/p>\n<p>Subjektet e interesuara preferohet t\u00eb ken\u00eb eksperienca t\u00eb m\u00ebparshme angazhimi me Organizatat, Nderkombetare dhe Institucionet lokale dhe Qendrore.<\/p>\n<p>Subjektet e interesuar jan\u00eb t\u00eb lutur q\u00eb t\u00eb d\u00ebrgojn\u00eb Oferten Financiare \u00a0brenda dt. &#8230; <a href=\"https:\/\/observator.org.al\/sq\/kerkese-per-oferte\/\" class=\"more-link\">Lexoni m\u00eb shum\u00eb<\/a><\/div>\n<div class=\"tpg-metadata-class\"><span>Komentet <span class=\"screen-reader-text\"> te K\u00cbRKES\u00cb P\u00cbR OFERT\u00cb<\/span> Jan\u00eb t\u00eb Mbyllura<\/span>&nbsp;&nbsp;|&nbsp;&nbsp;Filed under: <a href=\"https:\/\/observator.org.al\/sq\/category\/lajme\/\" title=\"View all posts in Lajme\">Lajme<\/a>, <a href=\"https:\/\/observator.org.al\/sq\/category\/tepergjithshme\/\" title=\"View all posts in Te pergjithshme\">Te pergjithshme<\/a>, <a href=\"https:\/\/observator.org.al\/sq\/category\/tirana\/\" title=\"View all posts in Tiran\u00eb\">Tiran\u00eb<\/a>&nbsp;&nbsp;|&nbsp;&nbsp;<b>Tags:<\/b> No Tag<\/div><\/div><div class=\"tpg-get-posts-post\" ><div class=\"tpg-title-class\"><h2><a href=\"https:\/\/observator.org.al\/sq\/thirrje-per-shprehje-interesi-eksperte-per-te-analizuar-dhe-interpretuar-treguesit-e-privimit-te-femijeve\/\" >THIRRJE P\u00cbR SHPREHJE INTERESI-EKSPERT\u00cb P\u00cbR T\u00cb ANALIZUAR DHE INTERPRETUAR TREGUESIT E PRIVIMIT T\u00cb F\u00cbMIJ\u00cbVE<\/a><\/h2><\/div><div  class=\"tpg-byline-class\">By Observatori i te drejtave te femijeve  on 16 N\u00ebntor, 2022<\/div><div class=\"tpg-content-class\"><a href=\"https:\/\/observator.org.al\/sq\/thirrje-per-shprehje-interesi-eksperte-per-te-analizuar-dhe-interpretuar-treguesit-e-privimit-te-femijeve\/\"><\/p>\n<div class=\"tpg-thumbnail-class\"><\/div>\n<p><\/a><\/p>\n<p style=\"text-align: right;\"><strong>Tiran\u00eb, m\u00eb 16 N\u00ebntor 2022<\/strong><\/p>\n<p><strong>\u00a0<\/strong><\/p>\n<p style=\"text-align: center;\"><strong>Thirrje p\u00ebr shprehje interesi- Ekspert\u00eb p\u00ebr t\u00eb analizuar dhe interpretuar treguesit e privimit t\u00eb f\u00ebmij\u00ebve<\/strong><\/p>\n<p><strong>\u00a0<\/strong><\/p>\n<p><strong>\u201cObservatori p\u00ebr t\u00eb Drejtat e F\u00ebmij\u00ebve dhe t\u00eb Rinjve\u201d,\u00a0<\/strong>n\u00eb kuad\u00ebr t\u00eb zbatimit t\u00eb projektit \u201cMonitoring and reporting on children rights for better policy options\u201d t\u00eb zbatuar n\u00eb partneritet me UNICEF n\u00eb Shqip\u00ebri \u00ebsht\u00eb i interesuar t\u00eb p\u00ebrfitoj\u00eb sh\u00ebrbim p\u00ebr\u00a0 ekspertiz\u00eb nga individ\u00eb, persona fizik ose juridik.<\/p>\n<p><strong><u>Titulli i pun<\/u><\/strong><strong>\u00ebs<\/strong>:<\/p>\n<ol>\n<li>Ekspert p\u00ebr t\u00eb p\u00ebrgatitur nj\u00eb broshur\u00eb p\u00ebr t\u00eb analizuar treguesit e privimit dhe intepretimin e tyre- 7 dit\u00eb pune<\/li>\n<p> &#8230; <a href=\"https:\/\/observator.org.al\/sq\/thirrje-per-shprehje-interesi-eksperte-per-te-analizuar-dhe-interpretuar-treguesit-e-privimit-te-femijeve\/\" class=\"more-link\">Lexoni m\u00eb shum\u00eb<\/a><\/ol>\n<\/div>\n<div class=\"tpg-metadata-class\"><span>Komentet <span class=\"screen-reader-text\"> te THIRRJE P\u00cbR SHPREHJE INTERESI-EKSPERT\u00cb P\u00cbR T\u00cb ANALIZUAR DHE INTERPRETUAR TREGUESIT E PRIVIMIT T\u00cb F\u00cbMIJ\u00cbVE<\/span> Jan\u00eb t\u00eb Mbyllura<\/span>&nbsp;&nbsp;|&nbsp;&nbsp;Filed under: <a href=\"https:\/\/observator.org.al\/sq\/category\/lajme\/\" title=\"View all posts in Lajme\">Lajme<\/a>, <a href=\"https:\/\/observator.org.al\/sq\/category\/tepergjithshme\/\" title=\"View all posts in Te pergjithshme\">Te pergjithshme<\/a>, <a href=\"https:\/\/observator.org.al\/sq\/category\/tirana\/\" title=\"View all posts in Tiran\u00eb\">Tiran\u00eb<\/a>&nbsp;&nbsp;|&nbsp;&nbsp;<b>Tags:<\/b> No Tag<\/div><\/div><\/div><!-- #tpg-get-posts -->\n<\/div><\/section><\/div>\n","protected":false},"excerpt":{"rendered":"","protected":false},"author":4,"featured_media":0,"parent":2554,"menu_order":0,"comment_status":"closed","ping_status":"closed","template":"","meta":{"_mc_calendar":[],"footnotes":""},"class_list":["post-3826","page","type-page","status-publish","hentry"],"_links":{"self":[{"href":"https:\/\/observator.org.al\/sq\/wp-json\/wp\/v2\/pages\/3826","targetHints":{"allow":["GET"]}}],"collection":[{"href":"https:\/\/observator.org.al\/sq\/wp-json\/wp\/v2\/pages"}],"about":[{"href":"https:\/\/observator.org.al\/sq\/wp-json\/wp\/v2\/types\/page"}],"author":[{"embeddable":true,"href":"https:\/\/observator.org.al\/sq\/wp-json\/wp\/v2\/users\/4"}],"replies":[{"embeddable":true,"href":"https:\/\/observator.org.al\/sq\/wp-json\/wp\/v2\/comments?post=3826"}],"version-history":[{"count":1,"href":"https:\/\/observator.org.al\/sq\/wp-json\/wp\/v2\/pages\/3826\/revisions"}],"predecessor-version":[{"id":3827,"href":"https:\/\/observator.org.al\/sq\/wp-json\/wp\/v2\/pages\/3826\/revisions\/3827"}],"up":[{"embeddable":true,"href":"https:\/\/observator.org.al\/sq\/wp-json\/wp\/v2\/pages\/2554"}],"wp:attachment":[{"href":"https:\/\/observator.org.al\/sq\/wp-json\/wp\/v2\/media?parent=3826"}],"curies":[{"name":"wp","href":"https:\/\/api.w.org\/{rel}","templated":true}]}}