{"id":3805,"date":"2015-05-04T09:22:19","date_gmt":"2015-05-04T07:22:19","guid":{"rendered":"http:\/\/observator.org.al\/?page_id=3805"},"modified":"2016-01-10T22:20:58","modified_gmt":"2016-01-10T21:20:58","slug":"mobilizimi-i-rinise-dhe-i-komunitetit-per-llogaridhenien-e-zyrtareve-publike","status":"publish","type":"page","link":"https:\/\/observator.org.al\/sq\/nismat-tona\/projekte\/mobilizimi-i-rinise-dhe-i-komunitetit-per-llogaridhenien-e-zyrtareve-publike\/","title":{"rendered":"Mobilizimi i rinis\u00eb dhe i komunitetit p\u00ebr llogaridh\u00ebnien e zyrtar\u00ebve publik\u00eb"},"content":{"rendered":"<div class=\"flex_column av_one_fifth  flex_column_div first  avia-builder-el-0  el_before_av_one_fifth  avia-builder-el-first  \" ><div  class='avia-image-container avia_animated_image avia_animate_when_almost_visible top-to-bottom av-styling-    avia-builder-el-1  avia-builder-el-no-sibling  avia-align-center '  itemprop=\"image\" itemscope=\"itemscope\" itemtype=\"https:\/\/schema.org\/ImageObject\"  ><div class='avia-image-container-inner'><div class='avia-image-overlay-wrap'><img decoding=\"async\" class='wp-image-7645 avia-img-lazy-loading-not-7645 avia_image' src=\"https:\/\/observator.org.al\/wp-content\/uploads\/2013\/04\/odf-avatar-alb.png\" alt='' title='odf-avatar-alb' height=\"221\" width=\"254\"  itemprop=\"thumbnailUrl\"  \/><\/div><\/div><\/div><\/div><div class=\"flex_column av_one_fifth  flex_column_div   avia-builder-el-2  el_after_av_one_fifth  el_before_av_one_fifth  \" ><\/div><\/p>\n<div class=\"flex_column av_one_fifth  flex_column_div   avia-builder-el-3  el_after_av_one_fifth  el_before_av_one_fifth  \" ><div  class='avia-image-container avia_animated_image avia_animate_when_almost_visible top-to-bottom av-styling-    avia-builder-el-4  avia-builder-el-no-sibling  avia-align-center '  itemprop=\"image\" itemscope=\"itemscope\" itemtype=\"https:\/\/schema.org\/ImageObject\"  ><div class='avia-image-container-inner'><div class='avia-image-overlay-wrap'><img decoding=\"async\" class='wp-image-7728 avia-img-lazy-loading-not-7728 avia_image' src=\"https:\/\/observator.org.al\/wp-content\/uploads\/2015\/03\/Logo_BCCD2.png\" alt='' title='Logo_BCCD2' height=\"184\" width=\"240\"  itemprop=\"thumbnailUrl\"  \/><\/div><\/div><\/div><\/div>\n<div class=\"flex_column av_one_fifth  flex_column_div   avia-builder-el-5  el_after_av_one_fifth  el_before_av_one_fifth  \" ><\/div>\n<div class=\"flex_column av_one_fifth  flex_column_div   avia-builder-el-6  el_after_av_one_fifth  el_before_av_one_full  \" ><div  class='avia-image-container avia_animated_image avia_animate_when_almost_visible top-to-bottom av-styling-    avia-builder-el-7  avia-builder-el-no-sibling  avia-align-center '  itemprop=\"image\" itemscope=\"itemscope\" itemtype=\"https:\/\/schema.org\/ImageObject\"  ><div class='avia-image-container-inner'><div class='avia-image-overlay-wrap'><img decoding=\"async\" class='wp-image-7747 avia-img-lazy-loading-not-7747 avia_image' src=\"https:\/\/observator.org.al\/wp-content\/uploads\/2015\/03\/Logo_amshc-180x180.png\" alt='' title='Logo_amshc' height=\"180\" width=\"180\"  itemprop=\"thumbnailUrl\" srcset=\"https:\/\/observator.org.al\/wp-content\/uploads\/2015\/03\/Logo_amshc-180x180.png 180w, https:\/\/observator.org.al\/wp-content\/uploads\/2015\/03\/Logo_amshc-80x80.png 80w, https:\/\/observator.org.al\/wp-content\/uploads\/2015\/03\/Logo_amshc-36x36.png 36w, https:\/\/observator.org.al\/wp-content\/uploads\/2015\/03\/Logo_amshc-120x120.png 120w\" sizes=\"(max-width: 180px) 100vw, 180px\" \/><\/div><\/div><\/div><\/div>\n<div class=\"flex_column av_one_full  flex_column_div first  avia-builder-el-8  el_after_av_one_fifth  avia-builder-el-last  column-top-margin\" ><section class=\"av_textblock_section \"  itemscope=\"itemscope\" itemtype=\"https:\/\/schema.org\/CreativeWork\" ><div class='avia_textblock  '   itemprop=\"text\" ><h3 style=\"text-align: center;\">Projekti<\/h3>\n<h3 style=\"text-align: center;\"><strong>\u201cMobilizimi i rinis\u00eb dhe i komunitetit p\u00ebr llogaridh\u00ebnien e zyrtar\u00ebve publik\u00eb\u201d<\/strong><\/h3>\n<p><strong>Donator:<\/strong> Agjencia p\u00ebr Mb\u00ebshtetjen e Shoq\u00ebris\u00eb Civile (AMSHC)<\/p>\n<p><strong>Entiteti zbatues:<\/strong> Observatori p\u00ebr t\u00eb Drejtat e F\u00ebmij\u00ebve, Qendra Ballkanike p\u00ebr Bashk\u00ebpunim dhe Zhvillim (BCCD)<\/p>\n<p><strong>Koh\u00ebzgjatja:<\/strong><strong>\u00a0<\/strong>20 Prill 2015- 18 Dhjetor 2015<\/p>\n<p><strong>Zonat e projektit:<\/strong> Fier, Vlor\u00eb<\/p>\n<p>Projekti <em>&#8220;Mobilizimi i rinis\u00eb dhe i komunitetit p\u00ebr llogaridh\u00ebnien e zyrtar\u00ebve publik\u00eb&#8221; <\/em>\u00ebsht\u00eb nj\u00eb projekt inovativ q\u00eb ka n\u00eb fokus edukimin qytetar t\u00eb t\u00eb rinjve (18-25 vje\u00e7) n\u00eb Shqip\u00ebri, p\u00ebr t\u2019i inkurajuar ata q\u00eb t\u00eb marrin pjes\u00eb n\u00ebp\u00ebrmjet votimit. <em>Fokusi kryesor i projektit \u00ebsht\u00eb nxitja e t\u00eb rinjve, jo vet\u00ebm p\u00ebr t\u00eb qen\u00eb votues aktiv, por edhe p\u00ebr t\u00eb qen\u00eb qytetar\u00eb aktiv\u00eb t\u00eb zhvillimit t\u00eb tyre, komunitetit dhe shoq\u00ebris\u00eb n\u00eb p\u00ebrgjith\u00ebsi<\/em><\/p>\n<p><strong>Q\u00ebllimi<\/strong> i projektit \u00ebsht\u00eb rritja e pjes\u00ebmarrjes dinamike t\u00eb t\u00eb rinjve n\u00eb m\u00ebnyr\u00eb q\u00eb t\u00eb jen\u00eb qytetar\u00eb aktiv\u00eb, protagonist\u00eb t\u00eb zhvillimit t\u00eb tyre. Ky projekt ndihmon dhe mb\u00ebshtet t\u00eb rinjt\u00eb (18-25 vje\u00e7), p\u00ebr t\u00eb marr\u00eb pjes\u00eb n\u00eb m\u00ebnyr\u00eb aktive n\u00eb vendimmarrje, n\u00eb nd\u00ebrtimin e nj\u00eb komuniteti q\u00eb i mban zyrtar\u00ebt publik t\u00eb p\u00ebrgjegjsh\u00ebm.<\/p>\n<p>Nd\u00ebr <strong>objektivat kryesore<\/strong> t\u00eb projektit jan\u00eb nd\u00ebrgjegj\u00ebsimi i t\u00eb rinjve p\u00ebr pjes\u00ebmarrje aktive qytetare n\u00eb vendimmarrje, inkurajimin e debatit politik dhe dialogut publik, matjen e perceptimit t\u00eb t\u00eb rinjve mbi prioritetet e strategjis\u00eb politike t\u00eb vendimmarr\u00ebsve.<\/p>\n<p><strong>Disa nga aktivitetet kryesore n\u00eb fokus t\u00eb projektit jan\u00eb:<\/strong><\/p>\n<p><strong>\u00a0<\/strong><\/p>\n<ul>\n<li><strong><em>Trajnimet nd\u00ebrgjegj\u00ebsuese me t\u00eb rinjt\u00eb e grupmosh\u00ebs 18-25 vje<\/em><\/strong><strong><em>\u00e7are<\/em><\/strong>, p\u00ebr t\u00eb rritur pjes\u00ebmarrjen e tyre aktive n\u00eb votim dhe n\u00eb aspektet e r\u00ebnd\u00ebsishme t\u00eb vendimmarrjes, t\u00eb cilat influencojn\u00eb drejtp\u00ebrdrejt\u00eb n\u00eb m\u00ebnyr\u00ebn e tyre t\u00eb jetes\u00ebs.<\/li>\n<li><strong><em>D\u00ebgjimet publike<\/em><\/strong> nd\u00ebrmjet kandidat\u00ebve t\u00eb forcave t\u00eb ndryshme politike me q\u00ebllim rritjen e angazhimit qytetar n\u00ebp\u00ebrmjet njohjes s\u00eb platformave dhe programeve politike q\u00eb ofrohen si mund\u00ebsi zgjedhjeje p\u00ebr t\u00eb rinjt\u00eb.<\/li>\n<li><strong><em>Matja e p\u00ebrceptimit<\/em><\/strong> t\u00eb t\u00eb rinjve lidhur me rolin dhe ndikimin e tyre n\u00eb prioritetet lokale t\u00eb p\u00ebrcaktuara.<\/li>\n<li><strong><em>Ndjekja e sesioneve t\u00eb d\u00ebgjimeve publike<\/em><\/strong>, si nj\u00eb mekaniz\u00ebm p\u00ebr t\u00eb garantuar transparenc\u00ebn e sh\u00ebrbimeve t\u00eb premtuara nga ana e kandidat\u00ebve fitues n\u00eb zonat q\u00eb jan\u00eb p\u00ebrzgjedhur p\u00ebr t\u00eb qen\u00eb pjes\u00eb e projektit.<\/li>\n<\/ul>\n<p><strong><em>\u00a0<\/em><\/strong><\/p>\n<p><strong><em>T\u00eb gjitha veprimtarit\u00eb e projektit jan\u00eb n\u00ebn v\u00ebmendjen dhe fokusin e ve\u00e7ant\u00eb t\u00eb medias s\u00eb shkruar, elektronike n\u00eb median lokale q\u00eb ka nj\u00eb audienc\u00eb t\u00eb konsiderueshme.<\/em><\/strong><\/p>\n<\/div><\/section><\/div>\n","protected":false},"excerpt":{"rendered":"","protected":false},"author":4,"featured_media":0,"parent":4569,"menu_order":0,"comment_status":"closed","ping_status":"closed","template":"","meta":{"_mc_calendar":[],"footnotes":""},"class_list":["post-3805","page","type-page","status-publish","hentry"],"_links":{"self":[{"href":"https:\/\/observator.org.al\/sq\/wp-json\/wp\/v2\/pages\/3805","targetHints":{"allow":["GET"]}}],"collection":[{"href":"https:\/\/observator.org.al\/sq\/wp-json\/wp\/v2\/pages"}],"about":[{"href":"https:\/\/observator.org.al\/sq\/wp-json\/wp\/v2\/types\/page"}],"author":[{"embeddable":true,"href":"https:\/\/observator.org.al\/sq\/wp-json\/wp\/v2\/users\/4"}],"replies":[{"embeddable":true,"href":"https:\/\/observator.org.al\/sq\/wp-json\/wp\/v2\/comments?post=3805"}],"version-history":[{"count":2,"href":"https:\/\/observator.org.al\/sq\/wp-json\/wp\/v2\/pages\/3805\/revisions"}],"predecessor-version":[{"id":3807,"href":"https:\/\/observator.org.al\/sq\/wp-json\/wp\/v2\/pages\/3805\/revisions\/3807"}],"up":[{"embeddable":true,"href":"https:\/\/observator.org.al\/sq\/wp-json\/wp\/v2\/pages\/4569"}],"wp:attachment":[{"href":"https:\/\/observator.org.al\/sq\/wp-json\/wp\/v2\/media?parent=3805"}],"curies":[{"name":"wp","href":"https:\/\/api.w.org\/{rel}","templated":true}]}}