{"id":3408,"date":"2014-05-04T19:42:48","date_gmt":"2014-05-04T17:42:48","guid":{"rendered":"http:\/\/observator.org.al\/?page_id=3408"},"modified":"2016-08-15T00:43:37","modified_gmt":"2016-08-14T22:43:37","slug":"linidta-luzo","status":"publish","type":"page","link":"https:\/\/observator.org.al\/sq\/rreth-nesh\/linidta-luzo\/","title":{"rendered":"Lindita Luzo"},"content":{"rendered":"<div class=\"flex_column av_one_fourth  flex_column_div first  avia-builder-el-0  el_before_av_three_fourth  avia-builder-el-first  \" ><section  class='avia-team-member   avia-builder-el-1  avia-builder-el-no-sibling '  itemscope=\"itemscope\" itemtype=\"https:\/\/schema.org\/Person\" ><div class='team-img-container'><img decoding=\"async\" width=\"150\" height=\"150\" class='wp-image-5153 avia-img-lazy-loading-not-5153 avia_image avia_image_team' src=\"http:\/\/observator.org.al\/wp-content\/uploads\/2016\/08\/lindita-luzo.jpg\" alt='Lindita Luzo'  itemprop=\"image\" srcset=\"https:\/\/observator.org.al\/wp-content\/uploads\/2016\/08\/lindita-luzo.jpg 150w, https:\/\/observator.org.al\/wp-content\/uploads\/2016\/08\/lindita-luzo-80x80.jpg 80w, https:\/\/observator.org.al\/wp-content\/uploads\/2016\/08\/lindita-luzo-36x36.jpg 36w, https:\/\/observator.org.al\/wp-content\/uploads\/2016\/08\/lindita-luzo-120x120.jpg 120w\" sizes=\"(max-width: 150px) 100vw, 150px\" \/><div class='team-social'><div class='team-social-inner'><span class='hidden av_member_url_markup '  itemprop=\"email\" >gjirokastra@observator.org.al<\/span><a rel='v:url' data-avia-tooltip=\"Email\"  class=' avia-team-icon ' href='http:\/\/gjirokastra@observator.org.al' aria-hidden='true' data-av_icon='\ue805' data-av_iconfont='entypo-fontello'><\/a><\/div><\/div><\/div><h3 class='team-member-name'    itemprop=\"name\" >Lindita Luzo<\/h3><div class='team-member-job-title '   itemprop=\"jobTitle\" >Eksperte e ODF - Gjirokast\u00ebr<\/div><span class='hidden team-member-affiliation'  itemprop=\"affiliation\" >Observatori<\/span><\/section><\/div>\n<div class=\"flex_column av_three_fourth  flex_column_div av-zero-column-padding   avia-builder-el-2  el_after_av_one_fourth  avia-builder-el-last  \" style='border-radius:0px; '><section class=\"av_textblock_section \"  itemscope=\"itemscope\" itemtype=\"https:\/\/schema.org\/CreativeWork\" ><div class='avia_textblock  '   itemprop=\"text\" ><p>Diplomuar n\u00eb vitin 1998 Universiteti Gjirokast\u00ebr, Fakuleti i Shkencave sociale p\u00ebr Gjuh\u00eb dhe Let\u00ebrsi Angleze. N\u00eb vitin 2006 n\u00eb po t\u00eb nj\u00ebjtin Universitet mbaroi studimet n\u00eb deg\u00ebn Administrim Publik. Nga viti 1998-2002 punoi n\u00eb institucionin e Prefektur\u00ebs Qarku Gjirokast\u00ebr. M\u00eb pas punoi si koordinatore n\u00eb projektin \u201cProgrami i Qeverisjes Vendore\u201d UNDP, duke u njohur m\u00eb nga af\u00ebr me problemet dhe politikat lokale. N\u00eb periudh\u00ebn 2008-2012 u angazhua si asitente pran\u00eb zyr\u00ebs s\u00eb OSCE n\u00eb Gjirokast\u00ebr. S\u00eb fundimi ajo \u00ebsht\u00eb e angazhuar n\u00eb nj\u00eb organizat\u00eb lokale, duke adresuar probleme t\u00eb ndryshm\u00eb lokale, t\u00eb ngritura nga disa grupe interesi.<\/p>\n<p>Lindita ka nj\u00eb experience 14 vje\u00e7are n\u00eb fush\u00ebn e shoqeris\u00eb civile n\u00eb qarkun e Gjirokastr\u00ebs. Ajo \u00ebsht\u00eb p\u00ebrfshir\u00eb n\u00eb organizata , forume dhe koalicione t\u00eb ndryshme q\u00eb kan\u00eb n\u00eb fokus t\u00eb pun\u00ebs s\u00eb tyre f\u00ebmij\u00ebt dhe t\u00eb rinjt\u00eb.<\/p>\n<\/div><\/section><\/div>\n","protected":false},"excerpt":{"rendered":"","protected":false},"author":4,"featured_media":0,"parent":2557,"menu_order":0,"comment_status":"closed","ping_status":"closed","template":"","meta":{"_mc_calendar":[],"footnotes":""},"class_list":["post-3408","page","type-page","status-publish","hentry"],"_links":{"self":[{"href":"https:\/\/observator.org.al\/sq\/wp-json\/wp\/v2\/pages\/3408","targetHints":{"allow":["GET"]}}],"collection":[{"href":"https:\/\/observator.org.al\/sq\/wp-json\/wp\/v2\/pages"}],"about":[{"href":"https:\/\/observator.org.al\/sq\/wp-json\/wp\/v2\/types\/page"}],"author":[{"embeddable":true,"href":"https:\/\/observator.org.al\/sq\/wp-json\/wp\/v2\/users\/4"}],"replies":[{"embeddable":true,"href":"https:\/\/observator.org.al\/sq\/wp-json\/wp\/v2\/comments?post=3408"}],"version-history":[{"count":4,"href":"https:\/\/observator.org.al\/sq\/wp-json\/wp\/v2\/pages\/3408\/revisions"}],"predecessor-version":[{"id":5180,"href":"https:\/\/observator.org.al\/sq\/wp-json\/wp\/v2\/pages\/3408\/revisions\/5180"}],"up":[{"embeddable":true,"href":"https:\/\/observator.org.al\/sq\/wp-json\/wp\/v2\/pages\/2557"}],"wp:attachment":[{"href":"https:\/\/observator.org.al\/sq\/wp-json\/wp\/v2\/media?parent=3408"}],"curies":[{"name":"wp","href":"https:\/\/api.w.org\/{rel}","templated":true}]}}