{"id":3332,"date":"2014-02-11T15:39:06","date_gmt":"2014-02-11T14:39:06","guid":{"rendered":"http:\/\/observator.org.al\/?page_id=3332"},"modified":"2016-01-10T22:20:50","modified_gmt":"2016-01-10T21:20:50","slug":"policia-dhe-komuniteti-nje-bashkepunim-i-domosdoshem-per-nje-jete-me-te-sigurt","status":"publish","type":"page","link":"https:\/\/observator.org.al\/sq\/nismat-tona\/projekte\/policia-dhe-komuniteti-nje-bashkepunim-i-domosdoshem-per-nje-jete-me-te-sigurt\/","title":{"rendered":"Policia dhe Komuniteti nj\u00eb bashk\u00ebpunim i domosdosh\u00ebm p\u00ebr nj\u00eb jet\u00eb m\u00eb t\u00eb sigurt"},"content":{"rendered":"<div class=\"flex_column av_one_fifth  flex_column_div first  avia-builder-el-0  el_before_av_one_fifth  avia-builder-el-first  \" ><div  class='avia-image-container  av-styling-    avia-builder-el-1  avia-builder-el-no-sibling  avia-align-center '  itemprop=\"image\" itemscope=\"itemscope\" itemtype=\"https:\/\/schema.org\/ImageObject\"  ><div class='avia-image-container-inner'><div class='avia-image-overlay-wrap'><img decoding=\"async\" width=\"150\" height=\"103\" class='wp-image-7642 avia-img-lazy-loading-not-7642 avia_image' src=\"http:\/\/observator.org.al\/wp-content\/uploads\/2014\/02\/sacp-logo.jpg\" alt='' title='sacp-logo'   itemprop=\"thumbnailUrl\"  \/><\/div><\/div><\/div><\/div>\n<div class=\"flex_column av_one_fifth  flex_column_div   avia-builder-el-2  el_after_av_one_fifth  el_before_av_one_fifth  \" ><\/div>\n<div class=\"flex_column av_one_fifth  flex_column_div   avia-builder-el-3  el_after_av_one_fifth  el_before_av_one_fifth  \" ><\/div>\n<div class=\"flex_column av_one_fifth  flex_column_div   avia-builder-el-4  el_after_av_one_fifth  el_before_av_one_fifth  \" ><\/div>\n<div class=\"flex_column av_one_fifth  flex_column_div   avia-builder-el-5  el_after_av_one_fifth  el_before_av_one_full  \" ><div  class='avia-image-container  av-styling-    avia-builder-el-6  avia-builder-el-no-sibling  avia-align-center '  itemprop=\"image\" itemscope=\"itemscope\" itemtype=\"https:\/\/schema.org\/ImageObject\"  ><div class='avia-image-container-inner'><div class='avia-image-overlay-wrap'><img decoding=\"async\" width=\"254\" height=\"221\" class='wp-image-7645 avia-img-lazy-loading-not-7645 avia_image' src=\"http:\/\/observator.org.al\/wp-content\/uploads\/2013\/04\/odf-avatar-alb.png\" alt='' title='odf-avatar-alb'   itemprop=\"thumbnailUrl\"  \/><\/div><\/div><\/div><\/div>\n<div class=\"flex_column av_one_full  flex_column_div first  avia-builder-el-7  el_after_av_one_fifth  avia-builder-el-last  column-top-margin\" ><section class=\"av_textblock_section \"  itemscope=\"itemscope\" itemtype=\"https:\/\/schema.org\/CreativeWork\" ><div class='avia_textblock  '   itemprop=\"text\" ><p align=\"center\"><b>Projekti<\/b><\/p>\n<p align=\"center\"><b>\u00a0\u201cPolicia dhe Komuniteti nj\u00eb bashk\u00ebpunim i domosdosh\u00ebm p\u00ebr nj\u00eb jet\u00eb m\u00eb t\u00eb sigurt\u201d<\/b><\/p>\n<p align=\"center\"><b>Donator: <\/b>Mb\u00ebshtetja Suedeze p\u00ebr MB\/Psh mbi Policimin n\u00eb Komunitet.<\/p>\n<p align=\"center\"><b>Koh\u00ebzgjatja: <\/b>Dhjetor 2013- Janar 2014<\/p>\n<p>Observator\u00ebt p\u00ebr t\u00eb drejtat e f\u00ebmij\u00ebve n\u00eb Qarkun Shkod\u00ebr dhe Kor\u00e7\u00eb p\u00ebrgjat\u00eb periudh\u00ebs <b>Dhjetor 2013 \u2013 Janar 2014 <\/b>zbatuan projektet respektive \u201cPolicia dhe Komuniteti nj\u00eb Bashk\u00ebpunim i domosdosh\u00ebm p\u00ebr nj\u00eb jet\u00eb m\u00eb t\u00eb sigurt\u201d financuar <b>nga Mb\u00ebshtetja Suedeze<\/b> p\u00ebr Ministrin\u00eb e Brendshme dhe Policin\u00eb e Shtetit mbi Policimin n\u00eb komunitet.<\/p>\n<p>T\u00eb gjitha aktivitetet e nd\u00ebrmarra ishin n\u00eb p\u00ebrmbushje t\u00eb Q\u00ebllimit kryesor t\u00eb projektit dhe Objektivave t\u00eb tij si m\u00eb posht\u00eb:<\/p>\n<p align=\"center\"><b>Q\u00ebllimi<\/b>:<\/p>\n<p>Krijimi i nj\u00eb rrjeti lokal me mandat p\u00ebrmisimin e komunikimit dhe zgjidhjen e problemeve sociale ne komunitet.<\/p>\n<p align=\"center\"><b>Objektivat<\/b>:<\/p>\n<p>a. Krijimi i nj\u00eb rrjeti t\u00eb p\u00ebrhersh\u00ebm komunikimi midis policis\u00eb, komunitetit dhe pushtetit vendor;<\/p>\n<p>b. Informimi i komuniteteve, ve\u00e7an\u00ebrisht t\u00eb rinjve mbi objektivat e Policimit n\u00eb komunitet si nj\u00eb sh\u00ebrbim komunitar.<\/p>\n<p>c. Rritja e informacionit dhe aksesit t\u00eb komuniteteve ndaj sh\u00ebrbimeve t\u00eb policis\u00eb.<\/p>\n<p>T\u00eb gjitha aktivitetet e nd\u00ebrmarra n\u00eb Qarkun Kor\u00e7\u00eb e Shkod\u00ebr synonin t\u00eb nd\u00ebrhynin n\u00eb disa aspekte t\u00eb r\u00ebnd\u00ebsishme si: krijimin e nj\u00eb Policie moderne dhe efektive; gjetjen e m\u00ebnyrave t\u00eb reja krijuese; vendosjen e raporteve t\u00eb bashk\u00ebpunimit nd\u00ebrmjet Policis\u00eb dhe komunitetit; edukimin dhe inkurajimin e qytetar\u00ebve se Policia \u00ebsht\u00eb burim q\u00eb ato mund ta p\u00ebrdorin n\u00eb ndihm\u00eb t\u00eb tyre p\u00ebr t\u00eb zgjidhur problemet si dhe rritjen e besimit tek figura e oficerit t\u00eb Policis\u00eb.<\/p>\n<p>Disa nga aktivitetet kryesore q\u00eb u realizuan:<\/p>\n<p>&#8211;\u00a0\u00a0\u00a0\u00a0\u00a0\u00a0\u00a0\u00a0\u00a0 U ngrit\u00ebn respektivisht <b>3 grupe komunitare <\/b>n\u00eb Bashkin\u00eb Shkod\u00ebr e Vau t\u00eb Dej\u00ebs dhe gjithashtu <b>3 grupe komunitare <\/b>n\u00eb Bashkin\u00eb Korc\u00eb e Pogradec.<\/p>\n<p>&#8211;\u00a0\u00a0\u00a0\u00a0\u00a0\u00a0\u00a0\u00a0\u00a0 U realizua <b>trajnimi i punonj\u00ebsve t\u00eb Policis\u00eb s\u00eb Shtetit dhe administrator\u00ebve t\u00eb Rajoneve <\/b>administrative n\u00eb Shkod\u00ebr e Vau i Dej\u00ebs mbi Mbrojtjen e f\u00ebmij\u00ebve, mekanizmin referues dhe fenomenet negative q\u00eb p\u00ebrballen sot t\u00eb rinjt\u00eb.<\/p>\n<p>&#8211;\u00a0\u00a0\u00a0\u00a0\u00a0\u00a0\u00a0\u00a0\u00a0 <b>Trajnimi i grupeve komunitare <\/b>(n\u00eb p\u00ebrb\u00ebrje t\u00eb cil\u00ebve n\u00ebna, baballar\u00eb, t\u00eb rinj) mbi Policimin n\u00eb Komunitet si nj\u00eb sh\u00ebrbim komunitar n\u00eb Bashkin\u00eb Shkod\u00ebr; Kor\u00e7\u00eb; Vau i Dej\u00ebs e Pogradec.<\/p>\n<p>&#8211;\u00a0\u00a0\u00a0\u00a0\u00a0\u00a0\u00a0\u00a0\u00a0 <b>T\u00eb rinjt\u00eb e trajnuar shp\u00ebrndan\u00eb informacionin <\/b>mbi Policimin n\u00eb Komunitet t\u00eb ndihmuar nga inspektori i Policis\u00eb dhe kryetari i Rajonit respektivisht n\u00eb shkollat : Mati<\/p>\n<p>&#8211;\u00a0\u00a0\u00a0\u00a0\u00a0\u00a0\u00a0\u00a0\u00a0 Logoreci, Oso Kuka n\u00eb Bashkin\u00eb Shkod\u00ebr e shkolla e Mesme e Bashkuar n\u00eb Vau t\u00eb Dejes; Shkollat \u201c Naim Frash\u00ebri\u201d, \u201cAsdreni\u201d e Gjimnazi i Gjuh\u00ebve t\u00eb Huaja n\u00eb Kor\u00e7\u00eb.<\/p>\n<p>&#8211;\u00a0\u00a0\u00a0\u00a0\u00a0\u00a0\u00a0\u00a0\u00a0 Nd\u00ebrtimi i <b>3 k\u00ebndeve informative <\/b>n\u00eb shkollat e Bashkis\u00eb Shkod\u00ebr e Vau i Dej\u00ebs.<\/p>\n<p>&#8211;\u00a0\u00a0\u00a0\u00a0\u00a0\u00a0\u00a0\u00a0\u00a0 <b>Sesion informues <\/b>mbi Policimin ne Komunitet <b>me grupe t\u00eb margjinalizuara <\/b>\u2013 p\u00ebrfitues t\u00eb sh\u00ebrbimeve t\u00eb SOS Fshatrat e F\u00ebmij\u00ebve, Programi i Fuqizimit t\u00eb familjes,Shkod\u00ebr.<\/p>\n<p>&#8211;\u00a0\u00a0\u00a0\u00a0\u00a0\u00a0\u00a0\u00a0\u00a0 <b>Sesion informues <\/b>mbi Policimin ne Komunitet <b>me grupe te margjinalizuara- Rom\u00eb Egjiptian\u00eb <\/b>\u2013 p\u00ebrfitues t\u00eb sh\u00ebrbimeve t\u00eb Kor\u00e7\u00ebs.<\/p>\n<p>&#8211;\u00a0\u00a0\u00a0\u00a0\u00a0\u00a0\u00a0\u00a0\u00a0 <b>Takim me t\u00eb rinjt\u00eb e <\/b>Universitetit Fan Nolin n\u00eb Kor\u00e7\u00eb<b>.<\/b><\/p>\n<p>&#8211;\u00a0\u00a0\u00a0\u00a0\u00a0\u00a0\u00a0\u00a0\u00a0 <b>Trajnim e sensibilizim <\/b>i Student\u00ebve t\u00eb Fakultetit t\u00eb Shkencave Humane Kor\u00e7\u00eb.<\/p>\n<p>&#8211;\u00a0\u00a0\u00a0\u00a0\u00a0\u00a0\u00a0\u00a0\u00a0 <b>Workshop\u00a0 finalizues <\/b>t\u00eb projektit n\u00eb Shkod\u00ebr e Kor\u00e7\u00eb.<\/p>\n<p>&#8211;\u00a0\u00a0\u00a0\u00a0\u00a0\u00a0\u00a0\u00a0\u00a0 <b>Aktivitet nd\u00ebrgjegj\u00ebsues <\/b>n\u00eb Pedonalen e qytetit Kor\u00e7\u00eb.<\/p>\n<p>&#8211;\u00a0\u00a0\u00a0\u00a0\u00a0\u00a0\u00a0\u00a0\u00a0 <b>Kronika ne media <\/b>me qellim shp\u00ebrndarjen e informacionit n\u00eb media n\u00eb Shkod\u00ebr e Kor\u00e7\u00eb.<\/p>\n<p><b><span style=\"text-decoration: underline;\">Aspekte p\u00ebr tu adresuar\/Rekomandime <\/span><\/b><\/p>\n<ul>\n<li><b>\u00c7\u00ebshtja e siguris\u00eb n\u00eb shkolla dhe n\u00eb af\u00ebrsi t\u00eb tyre <\/b>(vendosje e sinjalistik\u00ebs rrugore, vij\u00ebzime t\u00eb bardha, tabela sinjalizuese p\u00ebr pranin\u00eb e shkoll\u00ebs; siguria e nx\u00ebn\u00ebsve).<\/li>\n<li><b>Patrullime me t\u00eb shpeshta <\/b>t\u00eb Policis\u00eb s\u00eb Shtetit n\u00eb af\u00ebrsi t\u00eb shkollave dhe n\u00eb komunitet.<\/li>\n<li><b>Procedura m\u00eb t\u00eb thjesht\u00ebzuara <\/b>n\u00eb format dhe koh\u00eb lidhur denoncimet e rasteve nga komuniteti.<\/li>\n<li><b>Konsultime me oficer\u00ebt e Policis\u00eb s\u00eb Shtetit mund<\/b> t\u00eb b\u00ebhen edhe n\u00eb t\u00eb nj\u00ebjt\u00ebn zyre me at\u00eb t\u00eb Rajonit administrativ. Mungesa e infrastruktur\u00ebs.<\/li>\n<li><b>Fuqizimi i Mekanizmit referues <\/b>dhe bashk\u00ebpunues nga komuniteti me q\u00ebllim parandalimin e fenomeneve.<\/li>\n<li>Fuqizimi i Qeverive te Nx\u00ebn\u00ebsve dhe parlamentit Rinor p\u00ebr t\u00eb referuar rastet problematike.<\/li>\n<li><b>P\u00ebr\u00e7imi i praktikave\/ modeleve pozitive<\/b>.<\/li>\n<\/ul>\n<\/div><\/section><\/div>\n","protected":false},"excerpt":{"rendered":"","protected":false},"author":2,"featured_media":0,"parent":4569,"menu_order":0,"comment_status":"closed","ping_status":"closed","template":"","meta":{"_mc_calendar":[],"footnotes":""},"class_list":["post-3332","page","type-page","status-publish","hentry"],"_links":{"self":[{"href":"https:\/\/observator.org.al\/sq\/wp-json\/wp\/v2\/pages\/3332","targetHints":{"allow":["GET"]}}],"collection":[{"href":"https:\/\/observator.org.al\/sq\/wp-json\/wp\/v2\/pages"}],"about":[{"href":"https:\/\/observator.org.al\/sq\/wp-json\/wp\/v2\/types\/page"}],"author":[{"embeddable":true,"href":"https:\/\/observator.org.al\/sq\/wp-json\/wp\/v2\/users\/2"}],"replies":[{"embeddable":true,"href":"https:\/\/observator.org.al\/sq\/wp-json\/wp\/v2\/comments?post=3332"}],"version-history":[{"count":2,"href":"https:\/\/observator.org.al\/sq\/wp-json\/wp\/v2\/pages\/3332\/revisions"}],"predecessor-version":[{"id":3338,"href":"https:\/\/observator.org.al\/sq\/wp-json\/wp\/v2\/pages\/3332\/revisions\/3338"}],"up":[{"embeddable":true,"href":"https:\/\/observator.org.al\/sq\/wp-json\/wp\/v2\/pages\/4569"}],"wp:attachment":[{"href":"https:\/\/observator.org.al\/sq\/wp-json\/wp\/v2\/media?parent=3332"}],"curies":[{"name":"wp","href":"https:\/\/api.w.org\/{rel}","templated":true}]}}