{"id":2903,"date":"2013-10-10T16:33:15","date_gmt":"2013-10-10T14:33:15","guid":{"rendered":"http:\/\/observator.org.al\/?page_id=2903"},"modified":"2015-07-14T23:34:40","modified_gmt":"2015-07-14T21:34:40","slug":"migena-vallja","status":"publish","type":"page","link":"https:\/\/observator.org.al\/sq\/rreth-nesh\/migena-vallja\/","title":{"rendered":"Migena Vallja"},"content":{"rendered":"<div class=\"flex_column av_one_fourth  flex_column_div first  avia-builder-el-0  el_before_av_three_fourth  avia-builder-el-first  \" ><section  class='avia-team-member   avia-builder-el-1  avia-builder-el-no-sibling '  itemscope=\"itemscope\" itemtype=\"https:\/\/schema.org\/Person\" ><div class='team-img-container'><img decoding=\"async\" width=\"132\" height=\"207\" class='wp-image-3933 avia-img-lazy-loading-not-3933 avia_image avia_image_team' src=\"http:\/\/observator.org.al\/wp-content\/uploads\/2013\/10\/Staf-Migena_Vallja.jpg\" alt='Migena Vallja'  itemprop=\"image\"  \/><div class='team-social'><div class='team-social-inner'><span class='hidden av_member_url_markup '  itemprop=\"email\" >mailto:m.vallja@observator.org.al<\/span><a rel='v:url' data-avia-tooltip=\"Email\"  class=' avia-team-icon ' href='mailto:m.vallja@observator.org.al' aria-hidden='true' data-av_icon='\ue805' data-av_iconfont='entypo-fontello'><\/a><\/div><\/div><\/div><h3 class='team-member-name'    itemprop=\"name\" >Migena Vallja<\/h3><div class='team-member-job-title '   itemprop=\"jobTitle\" >Eksperte e ODF - Fier<\/div><span class='hidden team-member-affiliation'  itemprop=\"affiliation\" >Observatori<\/span><\/section><\/div><div class=\"flex_column av_three_fourth  flex_column_div av-zero-column-padding   avia-builder-el-2  el_after_av_one_fourth  avia-builder-el-last  \" style='border-radius:0px; '><section class=\"av_textblock_section \"  itemscope=\"itemscope\" itemtype=\"https:\/\/schema.org\/CreativeWork\" ><div class='avia_textblock  '   itemprop=\"text\" ><p>Migena Vallja \u00ebsht\u00eb diplomuar n\u00eb Universitetin Ismail Qemali n\u00eb Vlor\u00eb, dega Infermieri e P\u00ebrgjithshme si dhe ka p\u00ebrfunduar Master Profesional n\u00eb 2013- 2015 n\u00eb t\u00eb nj\u00ebjtin Universitet. Ajo \u00ebsht\u00eb angazhuar vullnetarisht n\u00eb projekte t\u00eb ndryshme p\u00ebr mbrojtjen e t\u00eb drejtave t\u00eb gruas dhe grupeve vulnerab\u00ebl, nxitjen e nivelit t\u00eb pjes\u00ebmarrjes s\u00eb qytetar\u00ebve, n\u00eb mbrojtjen e t\u00eb drejtave t\u00eb f\u00ebmij\u00ebve, f\u00ebmij\u00ebt e dhunuar dhe komunitetet Rome n\u00eb zonat e ndryshme t\u00eb qarkut Fier. Ajo \u00ebsht\u00eb Eksperte rajonale e Observatorit p\u00ebr t\u00eb Drejtat e F\u00ebmij\u00ebve p\u00ebr Qarkun e Fierit.<\/p>\n<\/div><\/section><\/div><\/p>\n","protected":false},"excerpt":{"rendered":"","protected":false},"author":2,"featured_media":0,"parent":2557,"menu_order":0,"comment_status":"closed","ping_status":"closed","template":"","meta":{"_mc_calendar":[],"footnotes":""},"class_list":["post-2903","page","type-page","status-publish","hentry"],"_links":{"self":[{"href":"https:\/\/observator.org.al\/sq\/wp-json\/wp\/v2\/pages\/2903","targetHints":{"allow":["GET"]}}],"collection":[{"href":"https:\/\/observator.org.al\/sq\/wp-json\/wp\/v2\/pages"}],"about":[{"href":"https:\/\/observator.org.al\/sq\/wp-json\/wp\/v2\/types\/page"}],"author":[{"embeddable":true,"href":"https:\/\/observator.org.al\/sq\/wp-json\/wp\/v2\/users\/2"}],"replies":[{"embeddable":true,"href":"https:\/\/observator.org.al\/sq\/wp-json\/wp\/v2\/comments?post=2903"}],"version-history":[{"count":4,"href":"https:\/\/observator.org.al\/sq\/wp-json\/wp\/v2\/pages\/2903\/revisions"}],"predecessor-version":[{"id":3940,"href":"https:\/\/observator.org.al\/sq\/wp-json\/wp\/v2\/pages\/2903\/revisions\/3940"}],"up":[{"embeddable":true,"href":"https:\/\/observator.org.al\/sq\/wp-json\/wp\/v2\/pages\/2557"}],"wp:attachment":[{"href":"https:\/\/observator.org.al\/sq\/wp-json\/wp\/v2\/media?parent=2903"}],"curies":[{"name":"wp","href":"https:\/\/api.w.org\/{rel}","templated":true}]}}