{"id":2895,"date":"2013-10-10T16:29:06","date_gmt":"2013-10-10T14:29:06","guid":{"rendered":"http:\/\/observator.org.al\/?page_id=2895"},"modified":"2013-10-10T16:29:06","modified_gmt":"2013-10-10T14:29:06","slug":"estela-koka-cuka","status":"publish","type":"page","link":"https:\/\/observator.org.al\/sq\/rreth-nesh\/estela-koka-cuka\/","title":{"rendered":"Estela Koka (\u00c7uka)"},"content":{"rendered":"<div class=\"flex_column av_one_fourth  flex_column_div first  avia-builder-el-0  el_before_av_three_fourth  avia-builder-el-first  \" ><section  class='avia-team-member   avia-builder-el-1  avia-builder-el-no-sibling '  itemscope=\"itemscope\" itemtype=\"https:\/\/schema.org\/Person\" ><div class='team-img-container'><img decoding=\"async\" width=\"150\" height=\"150\" class='wp-image-2827 avia-img-lazy-loading-not-2827 avia_image avia_image_team' src=\"http:\/\/observator.org.al\/wp-content\/uploads\/2013\/10\/Staf-Estela_Koka.jpg\" alt='Estela Koka (\u00c7uka)'  itemprop=\"image\" srcset=\"https:\/\/observator.org.al\/wp-content\/uploads\/2013\/10\/Staf-Estela_Koka.jpg 150w, https:\/\/observator.org.al\/wp-content\/uploads\/2013\/10\/Staf-Estela_Koka-80x80.jpg 80w, https:\/\/observator.org.al\/wp-content\/uploads\/2013\/10\/Staf-Estela_Koka-36x36.jpg 36w, https:\/\/observator.org.al\/wp-content\/uploads\/2013\/10\/Staf-Estela_Koka-120x120.jpg 120w\" sizes=\"(max-width: 150px) 100vw, 150px\" \/><div class='team-social'><div class='team-social-inner'><span class='hidden av_member_url_markup '  itemprop=\"email\" >mailto:berat@observator.org.al<\/span><a rel='v:url' data-avia-tooltip=\"Email\"  class=' avia-team-icon ' href='mailto:berat@observator.org.al' aria-hidden='true' data-av_icon='\ue805' data-av_iconfont='entypo-fontello'><\/a><\/div><\/div><\/div><h3 class='team-member-name'    itemprop=\"name\" >Estela Koka (\u00c7uka)<\/h3><div class='team-member-job-title '   itemprop=\"jobTitle\" >Eksperte e ODF - Berat<\/div><span class='hidden team-member-affiliation'  itemprop=\"affiliation\" >Observatori<\/span><\/section><\/div><div class=\"flex_column av_three_fourth  flex_column_div   avia-builder-el-2  el_after_av_one_fourth  avia-builder-el-last  \" ><section class=\"av_textblock_section \"  itemscope=\"itemscope\" itemtype=\"https:\/\/schema.org\/CreativeWork\" ><div class='avia_textblock  '   itemprop=\"text\" ><p>Estela Koka (\u00c7uka) \u00ebsht\u00eb diplomuar n\u00eb Fakultetin e Shkencave t\u00eb Natyr\u00ebs n\u00eb Tiran\u00eb, si dhe ka p\u00ebrfunduar studimet n\u00eb Master p\u00ebr M\u00ebsimdh\u00ebnie p\u00ebr Arsimin e mes\u00ebm. Q\u00eb nga 2007 \u00ebsht\u00eb angazhuar vullnetarisht n\u00eb projekte t\u00eb ndryshme p\u00ebr mbrojtjen e t\u00eb drejtave t\u00eb gruas, nxitjen e pjes\u00ebmarrjes se mbrojtjes ne te drejtat e f\u00ebmij\u00ebve, aktivitete sociale me f\u00ebmij\u00ebt jetim, te dhunuar dhe Rome, menaxhim vullnetaresh dhe mbledhje fondesh. N\u00eb fillim t\u00eb karrieres s\u00eb saj ka qen\u00eb e angazhuar si m\u00ebsuese, n\u00eb lidhje t\u00eb drejtp\u00ebrdrejt me f\u00ebmij\u00ebt, dhe aktualisht \u00ebsht\u00eb Eksperte e \u201cObservatorit p\u00ebr t\u00eb Drejtat e F\u00ebmij\u00ebs\u201d p\u00ebr Qarkun e Beratit.<\/p>\n<p>Estela ka kontribuar n\u00eb hartimin e Strategjis\u00eb Rajonale 2012-2015 p\u00ebr Qarkun e Beratit. Si pjes\u00eb e pun\u00ebs dhe angazhimit t\u00eb saj me Observatorin, ajo ka realizuar dhe raportet vjetore(q\u00eb prej 2 vitesh) p\u00ebr realizimin e t\u00eb drejtave t\u00eb f\u00ebmij\u00ebve.<\/p>\n<\/div><\/section><\/div><\/p>\n","protected":false},"excerpt":{"rendered":"","protected":false},"author":2,"featured_media":0,"parent":2557,"menu_order":0,"comment_status":"closed","ping_status":"closed","template":"","meta":{"_mc_calendar":[],"footnotes":""},"class_list":["post-2895","page","type-page","status-publish","hentry"],"_links":{"self":[{"href":"https:\/\/observator.org.al\/sq\/wp-json\/wp\/v2\/pages\/2895","targetHints":{"allow":["GET"]}}],"collection":[{"href":"https:\/\/observator.org.al\/sq\/wp-json\/wp\/v2\/pages"}],"about":[{"href":"https:\/\/observator.org.al\/sq\/wp-json\/wp\/v2\/types\/page"}],"author":[{"embeddable":true,"href":"https:\/\/observator.org.al\/sq\/wp-json\/wp\/v2\/users\/2"}],"replies":[{"embeddable":true,"href":"https:\/\/observator.org.al\/sq\/wp-json\/wp\/v2\/comments?post=2895"}],"version-history":[{"count":1,"href":"https:\/\/observator.org.al\/sq\/wp-json\/wp\/v2\/pages\/2895\/revisions"}],"predecessor-version":[{"id":2896,"href":"https:\/\/observator.org.al\/sq\/wp-json\/wp\/v2\/pages\/2895\/revisions\/2896"}],"up":[{"embeddable":true,"href":"https:\/\/observator.org.al\/sq\/wp-json\/wp\/v2\/pages\/2557"}],"wp:attachment":[{"href":"https:\/\/observator.org.al\/sq\/wp-json\/wp\/v2\/media?parent=2895"}],"curies":[{"name":"wp","href":"https:\/\/api.w.org\/{rel}","templated":true}]}}