{"id":2891,"date":"2013-10-10T16:26:30","date_gmt":"2013-10-10T14:26:30","guid":{"rendered":"http:\/\/observator.org.al\/?page_id=2891"},"modified":"2016-04-09T00:02:05","modified_gmt":"2016-04-08T22:02:05","slug":"marjan-ndoci","status":"publish","type":"page","link":"https:\/\/observator.org.al\/sq\/rreth-nesh\/marjan-ndoci\/","title":{"rendered":"Marjan Ndoci"},"content":{"rendered":"<div class=\"flex_column av_one_fourth  flex_column_div first  avia-builder-el-0  el_before_av_three_fourth  avia-builder-el-first  \" ><section  class='avia-team-member   avia-builder-el-1  avia-builder-el-no-sibling '  itemscope=\"itemscope\" itemtype=\"https:\/\/schema.org\/Person\" ><div class='team-img-container'><img decoding=\"async\" width=\"150\" height=\"150\" class='wp-image-5024 avia-img-lazy-loading-not-5024 avia_image avia_image_team' src=\"http:\/\/observator.org.al\/wp-content\/uploads\/2013\/10\/staf-marjan-ndoci.jpg\" alt='Marjan Ndoci'  itemprop=\"image\" srcset=\"https:\/\/observator.org.al\/wp-content\/uploads\/2013\/10\/staf-marjan-ndoci.jpg 150w, https:\/\/observator.org.al\/wp-content\/uploads\/2013\/10\/staf-marjan-ndoci-80x80.jpg 80w, https:\/\/observator.org.al\/wp-content\/uploads\/2013\/10\/staf-marjan-ndoci-36x36.jpg 36w, https:\/\/observator.org.al\/wp-content\/uploads\/2013\/10\/staf-marjan-ndoci-120x120.jpg 120w\" sizes=\"(max-width: 150px) 100vw, 150px\" \/><div class='team-social'><div class='team-social-inner'><span class='hidden av_member_url_markup '  itemprop=\"email\" >mailto:lezhe@observator.org.al<\/span><a rel='v:url' data-avia-tooltip=\"Email\"  class=' avia-team-icon ' href='mailto:lezhe@observator.org.al' aria-hidden='true' data-av_icon='\ue805' data-av_iconfont='entypo-fontello'><\/a><\/div><\/div><\/div><h3 class='team-member-name'    itemprop=\"name\" >Marjan Ndoci<\/h3><div class='team-member-job-title '   itemprop=\"jobTitle\" >Ekspert i ODF - Lezha<\/div><span class='hidden team-member-affiliation'  itemprop=\"affiliation\" >Observatori<\/span><\/section><\/div><div class=\"flex_column av_three_fourth  flex_column_div av-zero-column-padding   avia-builder-el-2  el_after_av_one_fourth  avia-builder-el-last  \" style='border-radius:0px; '><section class=\"av_textblock_section \"  itemscope=\"itemscope\" itemtype=\"https:\/\/schema.org\/CreativeWork\" ><div class='avia_textblock  '   itemprop=\"text\" ><p>Marjan Ndoci \u00ebsht\u00eb diplomuar n\u00eb Fakultetin e Shkencave Sociale n\u00eb \u00a0Universitetin \u201c Luigj\u00a0Gurakuqi\u201d Shkod\u00ebr. \u00a0Si dhe \u00ebsht\u00eb diplomuar n\u00eb dy mastera p\u00ebrkat\u00ebsishte n\u00eb Master Profesional\u00a0n\u00eb K\u00ebshillim Psikologjik, dhe Master Shkencor\u00eb n\u00eb Psikologji Ligjore. Nga viti 2012 \u2013 2014\u00a0\u00ebsht\u00eb angazhuar pran\u00eb organizat\u00ebs World Vision dega Lezh\u00eb, n\u00eb nj\u00eb projekt t\u00eb saj q\u00eb kishte n\u00eb\u00a0fokus zhvillimin dhe mirqenien e f\u00ebmij\u00ebve. Q\u00eb prej Janarit t\u00eb \u00a0vitit 2016 ai punon si ekspert i\u00a0Observatorit t\u00eb Drejtave t\u00eb F\u00ebmij\u00ebve p\u00ebr qarkun Lezh\u00eb.<\/p>\n<\/div><\/section><\/div><\/p>\n","protected":false},"excerpt":{"rendered":"","protected":false},"author":2,"featured_media":0,"parent":2557,"menu_order":0,"comment_status":"closed","ping_status":"closed","template":"","meta":{"_mc_calendar":[],"footnotes":""},"class_list":["post-2891","page","type-page","status-publish","hentry"],"_links":{"self":[{"href":"https:\/\/observator.org.al\/sq\/wp-json\/wp\/v2\/pages\/2891","targetHints":{"allow":["GET"]}}],"collection":[{"href":"https:\/\/observator.org.al\/sq\/wp-json\/wp\/v2\/pages"}],"about":[{"href":"https:\/\/observator.org.al\/sq\/wp-json\/wp\/v2\/types\/page"}],"author":[{"embeddable":true,"href":"https:\/\/observator.org.al\/sq\/wp-json\/wp\/v2\/users\/2"}],"replies":[{"embeddable":true,"href":"https:\/\/observator.org.al\/sq\/wp-json\/wp\/v2\/comments?post=2891"}],"version-history":[{"count":3,"href":"https:\/\/observator.org.al\/sq\/wp-json\/wp\/v2\/pages\/2891\/revisions"}],"predecessor-version":[{"id":5027,"href":"https:\/\/observator.org.al\/sq\/wp-json\/wp\/v2\/pages\/2891\/revisions\/5027"}],"up":[{"embeddable":true,"href":"https:\/\/observator.org.al\/sq\/wp-json\/wp\/v2\/pages\/2557"}],"wp:attachment":[{"href":"https:\/\/observator.org.al\/sq\/wp-json\/wp\/v2\/media?parent=2891"}],"curies":[{"name":"wp","href":"https:\/\/api.w.org\/{rel}","templated":true}]}}