{"id":2887,"date":"2013-10-10T16:24:46","date_gmt":"2013-10-10T14:24:46","guid":{"rendered":"http:\/\/observator.org.al\/?page_id=2887"},"modified":"2013-10-10T16:24:46","modified_gmt":"2013-10-10T14:24:46","slug":"shkelqim-muca","status":"publish","type":"page","link":"https:\/\/observator.org.al\/sq\/rreth-nesh\/shkelqim-muca\/","title":{"rendered":"Shkelqim Mu\u00e7a"},"content":{"rendered":"<div class=\"flex_column av_one_fourth  flex_column_div first  avia-builder-el-0  el_before_av_three_fourth  avia-builder-el-first  \" ><section  class='avia-team-member   avia-builder-el-1  avia-builder-el-no-sibling '  itemscope=\"itemscope\" itemtype=\"https:\/\/schema.org\/Person\" ><div class='team-img-container'><img decoding=\"async\" class='avia-img-lazy-loading-not- avia_image avia_image_team' src=\"http:\/\/observator.org.al\/wp-content\/uploads\/2013\/10\/Staf-Shkelqim_Muca.jpg\" alt='Shkelqim Mu\u00e7a'  itemprop=\"image\"  \/><div class='team-social'><div class='team-social-inner'><span class='hidden av_member_url_markup '  itemprop=\"email\" >mailto:kukes@observator.org.al<\/span><a rel='v:url' data-avia-tooltip=\"Email\"  class=' avia-team-icon ' href='mailto:kukes@observator.org.al' aria-hidden='true' data-av_icon='\ue805' data-av_iconfont='entypo-fontello'><\/a><\/div><\/div><\/div><h3 class='team-member-name'    itemprop=\"name\" >Shkelqim Mu\u00e7a<\/h3><div class='team-member-job-title '   itemprop=\"jobTitle\" >Ekspert i ODF - Kuk\u00ebs<\/div><span class='hidden team-member-affiliation'  itemprop=\"affiliation\" >Observatori<\/span><\/section><\/div><div class=\"flex_column av_three_fourth  flex_column_div   avia-builder-el-2  el_after_av_one_fourth  avia-builder-el-last  \" ><section class=\"av_textblock_section \"  itemscope=\"itemscope\" itemtype=\"https:\/\/schema.org\/CreativeWork\" ><div class='avia_textblock  '   itemprop=\"text\" ><p>Shk\u00eblqim Mu\u00e7a ka lindur n\u00eb Kuk\u00ebs n\u00eb vitin 1971. \u00cbsht\u00eb diplomuar n\u00eb Universitetin \u201cLuigj Gurakuqi\u201d n\u00eb Shkod\u00ebr, Fakulteti i Ekonomis\u00eb, Dega Administrim-Biznes. Ka nj\u00eb eksperience pune disa vje\u00e7are ne administrat\u00ebn publike dhe institucione financiare. Q\u00eb nga viti 2009 \u00ebsht\u00eb angazhuar me shoq\u00ebrin\u00eb civile n\u00eb programe t\u00eb ndryshme p\u00ebr mbrojtjen e t\u00eb drejtave t\u00eb f\u00ebmij\u00ebs. Shk\u00eblqimi ka qen\u00eb pjes\u00eb e grupeve t\u00eb pun\u00ebs p\u00ebr p\u00ebrgatitjen e nj\u00eb s\u00ebr\u00eb studimesh; Nd\u00ebr me kryesoret p\u00ebrmendim: Raportet p\u00ebr realizimin e t\u00eb drejtave t\u00eb f\u00ebmij\u00ebve n\u00eb vitet 2009-2010-2011; Situata e p\u00ebrgjithshme e Arm\u00ebve t\u00eb vogla dhe t\u00eb lehta dhe municioneve n\u00eb Shqip\u00ebri1997 \u2013 2009, publikuar n\u00eb vitin 2010.<\/p>\n<p>Gjithashtu ai ka bashk\u00ebpunuar me institucione t\u00eb ndryshme k\u00ebrkimore si IDRA, QKSC etj. k\u00ebrkime t\u00eb cilat kan\u00eb pasur n\u00eb fokus probleme t\u00eb ndryshme sociale. \u00cbsht\u00eb an\u00ebtar i komiteteve t\u00eb ndryshme q\u00eb kan\u00eb n\u00eb fokus mbrojtjen e f\u00ebmij\u00ebve.<\/p>\n<\/div><\/section><\/div><\/p>\n","protected":false},"excerpt":{"rendered":"","protected":false},"author":2,"featured_media":0,"parent":2557,"menu_order":0,"comment_status":"closed","ping_status":"closed","template":"","meta":{"_mc_calendar":[],"footnotes":""},"class_list":["post-2887","page","type-page","status-publish","hentry"],"_links":{"self":[{"href":"https:\/\/observator.org.al\/sq\/wp-json\/wp\/v2\/pages\/2887","targetHints":{"allow":["GET"]}}],"collection":[{"href":"https:\/\/observator.org.al\/sq\/wp-json\/wp\/v2\/pages"}],"about":[{"href":"https:\/\/observator.org.al\/sq\/wp-json\/wp\/v2\/types\/page"}],"author":[{"embeddable":true,"href":"https:\/\/observator.org.al\/sq\/wp-json\/wp\/v2\/users\/2"}],"replies":[{"embeddable":true,"href":"https:\/\/observator.org.al\/sq\/wp-json\/wp\/v2\/comments?post=2887"}],"version-history":[{"count":1,"href":"https:\/\/observator.org.al\/sq\/wp-json\/wp\/v2\/pages\/2887\/revisions"}],"predecessor-version":[{"id":2888,"href":"https:\/\/observator.org.al\/sq\/wp-json\/wp\/v2\/pages\/2887\/revisions\/2888"}],"up":[{"embeddable":true,"href":"https:\/\/observator.org.al\/sq\/wp-json\/wp\/v2\/pages\/2557"}],"wp:attachment":[{"href":"https:\/\/observator.org.al\/sq\/wp-json\/wp\/v2\/media?parent=2887"}],"curies":[{"name":"wp","href":"https:\/\/api.w.org\/{rel}","templated":true}]}}