{"id":2883,"date":"2013-10-10T16:21:34","date_gmt":"2013-10-10T14:21:34","guid":{"rendered":"http:\/\/observator.org.al\/?page_id=2883"},"modified":"2015-04-19T23:48:22","modified_gmt":"2015-04-19T21:48:22","slug":"ina-zallemi","status":"publish","type":"page","link":"https:\/\/observator.org.al\/sq\/rreth-nesh\/ina-zallemi\/","title":{"rendered":"Ina Zallemi"},"content":{"rendered":"<div class=\"flex_column av_one_fourth  flex_column_div first  avia-builder-el-0  el_before_av_three_fourth  avia-builder-el-first  \" ><section  class='avia-team-member   avia-builder-el-1  avia-builder-el-no-sibling '  itemscope=\"itemscope\" itemtype=\"https:\/\/schema.org\/Person\" ><h3 class='team-member-name'    itemprop=\"name\" >Ina Zallemi<\/h3><div class='team-member-job-title '   itemprop=\"jobTitle\" >Eksperte e ODF - Kor\u00e7\u00eb<\/div><span class='hidden team-member-affiliation'  itemprop=\"affiliation\" >Observatori<\/span><\/section><\/div><div class=\"flex_column av_three_fourth  flex_column_div   avia-builder-el-2  el_after_av_one_fourth  avia-builder-el-last  \" ><section class=\"av_textblock_section \"  itemscope=\"itemscope\" itemtype=\"https:\/\/schema.org\/CreativeWork\" ><div class='avia_textblock  '   itemprop=\"text\" ><p>Ina Zallemi diplommuar p\u00ebr studimet e p\u00ebrgjithshme universitare \u00ab Drejt\u00ebsi sociale dhe Shkenca Politike dhe Sociale n\u00eb deg\u00ebn Administrim Ekonomik dhe Social \u00bb pran\u00eb Universitetit Paris 1 Panth\u00e9on Sorbonne 2007-2009. N\u00eb vitin 2009-2010 ka p\u00ebrfunduar bachelor p\u00ebr \u00ab Drejtesi sociale, Shkenca Politike n\u00eb deg\u00ebn Administrim Ekonomik dhe Social \u00bb pran\u00eb Universitetit Paris 1 Panth\u00e9on Sorbonne. N\u00eb vitin 2010-2011 ka p\u00ebrfunduar mast\u00ebr p\u00ebr \u00ab Drejt\u00ebsi pune, Shkenca politike dhe organizim i burimeve njer\u00ebzore \u00bb pran\u00eb Universitetit Paris 1 Panth\u00e9on Sorbonne. N\u00eb vitin 2011-2012 ka p\u00ebrfunduar master p\u00ebr koordinim t\u00eb politikave sociale pran\u00eb \u00ab Universitetit Paris 1 Panth\u00e9on Sorbonne \u00bb. N\u00eb vitin 2013 dhe ne vazhdim.po mbron doktoratur\u00ebn me tem\u00eb : \u00ab Elaborim dhe implementim i politikave p\u00ebr f\u00ebmij\u00ebt \u00bb pran\u00eb Institutit t\u00eb Studimeve Europjane Tiran\u00eb.<br \/>\nIna Zallemi ka eksperienca t\u00eb pun\u00ebs vullnetare (2010-2012) pran\u00eb nj\u00eb OJQ-je \u00ab EMMA\u00dcS France dhe Arm\u00e9e du Salut \u00bb q\u00eb ushtron aktivitetin e saj n\u00eb ndihm\u00eb t\u00eb personave vulnerabel. Korrik-Shtator 2011 ka b\u00ebr\u00eb stazh pune si administratore n\u00eb Sekretariatin e Konvent\u00ebs n\u00eb luft\u00ebn kund\u00ebr shfryt\u00ebzimit t\u00eb qenieve njerzore. Shtator 2011-Maj 2012 ka q\u00ebn\u00eb asistente pedagoge pran\u00eb \u00ab Univesitetit Paris 1 Panth\u00e9on Sorbonne \u00bb dega Administrim Ekonomik dhe Social.Tetor 2012 ka punuar si pedagoge pran\u00eb \u00ab Universitetit \u00ab F. S.Noli \u00bb Kor\u00e7\u00eb. Tetor 2013 dhe n\u00eb vazhdim ka q\u00ebn\u00eb sekretare nderi pran\u00eb \u00abAleances Franceze \u00bb Kor\u00e7\u00eb.<\/p>\n<\/div><\/section><\/div><\/p>\n","protected":false},"excerpt":{"rendered":"","protected":false},"author":2,"featured_media":0,"parent":2557,"menu_order":0,"comment_status":"closed","ping_status":"closed","template":"","meta":{"_mc_calendar":[],"footnotes":""},"class_list":["post-2883","page","type-page","status-publish","hentry"],"_links":{"self":[{"href":"https:\/\/observator.org.al\/sq\/wp-json\/wp\/v2\/pages\/2883","targetHints":{"allow":["GET"]}}],"collection":[{"href":"https:\/\/observator.org.al\/sq\/wp-json\/wp\/v2\/pages"}],"about":[{"href":"https:\/\/observator.org.al\/sq\/wp-json\/wp\/v2\/types\/page"}],"author":[{"embeddable":true,"href":"https:\/\/observator.org.al\/sq\/wp-json\/wp\/v2\/users\/2"}],"replies":[{"embeddable":true,"href":"https:\/\/observator.org.al\/sq\/wp-json\/wp\/v2\/comments?post=2883"}],"version-history":[{"count":2,"href":"https:\/\/observator.org.al\/sq\/wp-json\/wp\/v2\/pages\/2883\/revisions"}],"predecessor-version":[{"id":3774,"href":"https:\/\/observator.org.al\/sq\/wp-json\/wp\/v2\/pages\/2883\/revisions\/3774"}],"up":[{"embeddable":true,"href":"https:\/\/observator.org.al\/sq\/wp-json\/wp\/v2\/pages\/2557"}],"wp:attachment":[{"href":"https:\/\/observator.org.al\/sq\/wp-json\/wp\/v2\/media?parent=2883"}],"curies":[{"name":"wp","href":"https:\/\/api.w.org\/{rel}","templated":true}]}}