{"id":2879,"date":"2013-10-10T16:17:59","date_gmt":"2013-10-10T14:17:59","guid":{"rendered":"http:\/\/observator.org.al\/?page_id=2879"},"modified":"2015-01-08T21:38:28","modified_gmt":"2015-01-08T20:38:28","slug":"elona-mustafaraj","status":"publish","type":"page","link":"https:\/\/observator.org.al\/sq\/rreth-nesh\/elona-mustafaraj\/","title":{"rendered":"Elona Mustafaraj"},"content":{"rendered":"<div class=\"flex_column av_one_fourth  flex_column_div first  avia-builder-el-0  el_before_av_three_fourth  avia-builder-el-first  \" ><section  class='avia-team-member   avia-builder-el-1  avia-builder-el-no-sibling '  itemscope=\"itemscope\" itemtype=\"https:\/\/schema.org\/Person\" ><div class='team-img-container'><img decoding=\"async\" width=\"150\" height=\"150\" class='wp-image-3565 avia-img-lazy-loading-not-3565 avia_image avia_image_team' src=\"http:\/\/observator.org.al\/wp-content\/uploads\/2013\/10\/Staf-Elona_Mustafaraj.jpg\" alt='Elona Mustafaraj'  itemprop=\"image\" srcset=\"https:\/\/observator.org.al\/wp-content\/uploads\/2013\/10\/Staf-Elona_Mustafaraj.jpg 150w, https:\/\/observator.org.al\/wp-content\/uploads\/2013\/10\/Staf-Elona_Mustafaraj-80x80.jpg 80w, https:\/\/observator.org.al\/wp-content\/uploads\/2013\/10\/Staf-Elona_Mustafaraj-36x36.jpg 36w, https:\/\/observator.org.al\/wp-content\/uploads\/2013\/10\/Staf-Elona_Mustafaraj-120x120.jpg 120w\" sizes=\"(max-width: 150px) 100vw, 150px\" \/><div class='team-social'><div class='team-social-inner'><span class='hidden av_member_url_markup '  itemprop=\"email\" >mailto:elbasan@observator.org.al<\/span><a rel='v:url' data-avia-tooltip=\"Email\"  class=' avia-team-icon ' href='mailto:elbasan@observator.org.al' aria-hidden='true' data-av_icon='\ue805' data-av_iconfont='entypo-fontello'><\/a><\/div><\/div><\/div><h3 class='team-member-name'    itemprop=\"name\" >Elona Mustafaraj<\/h3><div class='team-member-job-title '   itemprop=\"jobTitle\" >Eksperte e ODF - Elbasan<\/div><span class='hidden team-member-affiliation'  itemprop=\"affiliation\" >Observatori<\/span><\/section><\/div><div class=\"flex_column av_three_fourth  flex_column_div   avia-builder-el-2  el_after_av_one_fourth  avia-builder-el-last  \" ><section class=\"av_textblock_section \"  itemscope=\"itemscope\" itemtype=\"https:\/\/schema.org\/CreativeWork\" ><div class='avia_textblock  '   itemprop=\"text\" ><p>Elona Mustafaraj ka p\u00ebrfunduar studimet n\u00eb vitin 2007 n\u00eb Universitetin e Tiran\u00ebs, Fakultetin e Shkencave Sociale, n\u00eb profilin Psikolog Shkollor dhe Organizimi. N\u00eb vitin 2013 ka p\u00ebrfunduar studime Master n\u00eb K\u00ebshillim Psikologjik. Gjat\u00eb k\u00ebtyre viteve ka punuar si : Instruktore e Operatorit Social, psikologe n\u00eb Qendren e Rehabilitimit t\u00eb Verb\u00ebrve dhe n\u00eb disa projekte t\u00eb shoq\u00ebris\u00eb civile. Prej vitit 2008 punon si asistente pedagoge pran\u00eb departamenti t\u00eb Psikologjis\u00eb, n\u00eb Fakultetin e Shkencave t\u00eb Edukimit, n\u00eb universitetin \u201cAleksand\u00ebr Xhuvani\u201d.<\/p>\n<p>Bashk\u00ebautore e botimeve \u201cOperatori Social\u201d, \u201cUdh\u00ebrr\u00ebfyes p\u00ebr zbatimin e strategjis\u00eb komb\u00ebtare n\u00eb kuad\u00ebr t\u00eb Dekad\u00ebs Rome\u201d dhe \u201c Praktikat m\u00eb t\u00eb mira t\u00eb rehabilitimin me baz\u00eb komunitare\u201d.<\/p>\n<p>Gjithashtu pjes\u00ebmarr\u00ebse dhe referuese e disa artikujve n\u00eb konfernca komb\u00ebtare dhe nd\u00ebrkomb\u00ebtare.<\/p>\n<\/div><\/section><\/div><\/p>\n","protected":false},"excerpt":{"rendered":"","protected":false},"author":2,"featured_media":0,"parent":2557,"menu_order":0,"comment_status":"closed","ping_status":"closed","template":"","meta":{"_mc_calendar":[],"footnotes":""},"class_list":["post-2879","page","type-page","status-publish","hentry"],"_links":{"self":[{"href":"https:\/\/observator.org.al\/sq\/wp-json\/wp\/v2\/pages\/2879","targetHints":{"allow":["GET"]}}],"collection":[{"href":"https:\/\/observator.org.al\/sq\/wp-json\/wp\/v2\/pages"}],"about":[{"href":"https:\/\/observator.org.al\/sq\/wp-json\/wp\/v2\/types\/page"}],"author":[{"embeddable":true,"href":"https:\/\/observator.org.al\/sq\/wp-json\/wp\/v2\/users\/2"}],"replies":[{"embeddable":true,"href":"https:\/\/observator.org.al\/sq\/wp-json\/wp\/v2\/comments?post=2879"}],"version-history":[{"count":3,"href":"https:\/\/observator.org.al\/sq\/wp-json\/wp\/v2\/pages\/2879\/revisions"}],"predecessor-version":[{"id":3569,"href":"https:\/\/observator.org.al\/sq\/wp-json\/wp\/v2\/pages\/2879\/revisions\/3569"}],"up":[{"embeddable":true,"href":"https:\/\/observator.org.al\/sq\/wp-json\/wp\/v2\/pages\/2557"}],"wp:attachment":[{"href":"https:\/\/observator.org.al\/sq\/wp-json\/wp\/v2\/media?parent=2879"}],"curies":[{"name":"wp","href":"https:\/\/api.w.org\/{rel}","templated":true}]}}