{"id":2874,"date":"2013-10-10T15:49:43","date_gmt":"2013-10-10T13:49:43","guid":{"rendered":"http:\/\/observator.org.al\/?page_id=2874"},"modified":"2013-10-10T15:49:43","modified_gmt":"2013-10-10T13:49:43","slug":"jonida-rustemaj","status":"publish","type":"page","link":"https:\/\/observator.org.al\/sq\/rreth-nesh\/jonida-rustemaj\/","title":{"rendered":"Jonida Rustemaj"},"content":{"rendered":"<div class=\"flex_column av_one_fourth  flex_column_div first  avia-builder-el-0  el_before_av_three_fourth  avia-builder-el-first  \" ><section  class='avia-team-member   avia-builder-el-1  avia-builder-el-no-sibling '  itemscope=\"itemscope\" itemtype=\"https:\/\/schema.org\/Person\" ><div class='team-img-container'><img decoding=\"async\" class='avia-img-lazy-loading-not- avia_image avia_image_team' src=\"http:\/\/observator.org.al\/wp-content\/uploads\/2013\/10\/Staf-Jonida_Rustemaj.jpg\" alt='Jonida Rustemaj'  itemprop=\"image\"  \/><div class='team-social'><div class='team-social-inner'><span class='hidden av_member_url_markup '  itemprop=\"email\" >mailto:vlore@observator.org.al<\/span><a rel='v:url' data-avia-tooltip=\"Email\"  class=' avia-team-icon ' href='mailto:vlore@observator.org.al' aria-hidden='true' data-av_icon='\ue805' data-av_iconfont='entypo-fontello'><\/a><\/div><\/div><\/div><h3 class='team-member-name'    itemprop=\"name\" >Jonida Rustemaj<\/h3><div class='team-member-job-title '   itemprop=\"jobTitle\" >Eksperte e ODF - Vlore<\/div><span class='hidden team-member-affiliation'  itemprop=\"affiliation\" >Observatori<\/span><\/section><\/div><div class=\"flex_column av_three_fourth  flex_column_div   avia-builder-el-2  el_after_av_one_fourth  avia-builder-el-last  \" ><section class=\"av_textblock_section \"  itemscope=\"itemscope\" itemtype=\"https:\/\/schema.org\/CreativeWork\" ><div class='avia_textblock  '   itemprop=\"text\" ><p>Jonida Rustemaj \u00ebsht\u00eb diplomuar n\u00eb Fakultetin e Ekonomis\u00eb pran\u00eb Universitetit \u201cIsmail Qemali\u201d n\u00eb Vlor\u00eb, ka p\u00ebrfunduar studimet n\u00eb Master t\u00eb shkencave n\u00eb Matematik\u00eb Financ\u00eb.<br \/>\nQ\u00eb nga viti 2010 \u00ebsht\u00eb angazhuar si eksperte rajonale pran\u00eb \u201cObservatorit p\u00ebr t\u00eb Drejtat e F\u00ebmij\u00ebve \u201c n\u00eb qarkun e Vlor\u00ebs.<\/p>\n<p>Jonida \u00ebsht\u00eb pjes\u00eb aktive e lobimeve p\u00ebr t\u00eb drejtat e f\u00ebmij\u00ebve n\u00eb Qarkun e Vlor\u00ebs , n\u00eb hartimin e Strategjive Rajonale p\u00ebr t\u00eb Drejtat e F\u00ebmij\u00ebve , n\u00eb Menaxhim Vullnetar\u00ebsh dhe Mbledhje fondesh p\u00ebr f\u00ebmij\u00ebt jasht\u00eb kujdesit prind\u00ebror n\u00eb qendra rezidenciale . Pjes\u00eb e pun\u00ebs s\u00eb saj jan\u00eb dhe raportet vjetore n\u00eb fush\u00ebn e t\u00eb Drejtave t\u00eb F\u00ebmij\u00ebve.<\/p>\n<\/div><\/section><\/div><\/p>\n","protected":false},"excerpt":{"rendered":"","protected":false},"author":2,"featured_media":0,"parent":2557,"menu_order":0,"comment_status":"closed","ping_status":"closed","template":"","meta":{"_mc_calendar":[],"footnotes":""},"class_list":["post-2874","page","type-page","status-publish","hentry"],"_links":{"self":[{"href":"https:\/\/observator.org.al\/sq\/wp-json\/wp\/v2\/pages\/2874","targetHints":{"allow":["GET"]}}],"collection":[{"href":"https:\/\/observator.org.al\/sq\/wp-json\/wp\/v2\/pages"}],"about":[{"href":"https:\/\/observator.org.al\/sq\/wp-json\/wp\/v2\/types\/page"}],"author":[{"embeddable":true,"href":"https:\/\/observator.org.al\/sq\/wp-json\/wp\/v2\/users\/2"}],"replies":[{"embeddable":true,"href":"https:\/\/observator.org.al\/sq\/wp-json\/wp\/v2\/comments?post=2874"}],"version-history":[{"count":2,"href":"https:\/\/observator.org.al\/sq\/wp-json\/wp\/v2\/pages\/2874\/revisions"}],"predecessor-version":[{"id":2876,"href":"https:\/\/observator.org.al\/sq\/wp-json\/wp\/v2\/pages\/2874\/revisions\/2876"}],"up":[{"embeddable":true,"href":"https:\/\/observator.org.al\/sq\/wp-json\/wp\/v2\/pages\/2557"}],"wp:attachment":[{"href":"https:\/\/observator.org.al\/sq\/wp-json\/wp\/v2\/media?parent=2874"}],"curies":[{"name":"wp","href":"https:\/\/api.w.org\/{rel}","templated":true}]}}