{"id":2866,"date":"2013-10-10T15:42:11","date_gmt":"2013-10-10T13:42:11","guid":{"rendered":"http:\/\/observator.org.al\/?page_id=2866"},"modified":"2015-01-20T22:02:11","modified_gmt":"2015-01-20T21:02:11","slug":"zana-kondi","status":"publish","type":"page","link":"https:\/\/observator.org.al\/sq\/rreth-nesh\/zana-kondi\/","title":{"rendered":"Zana Kondi"},"content":{"rendered":"<div class=\"flex_column av_one_fourth  flex_column_div first  avia-builder-el-0  el_before_av_three_fourth  avia-builder-el-first  \" ><section  class='avia-team-member   avia-builder-el-1  avia-builder-el-no-sibling '  itemscope=\"itemscope\" itemtype=\"https:\/\/schema.org\/Person\" ><div class='team-img-container'><img decoding=\"async\" width=\"320\" height=\"320\" class='wp-image-3582 avia-img-lazy-loading-not-3582 avia_image avia_image_team' src=\"http:\/\/observator.org.al\/wp-content\/uploads\/2013\/10\/Staf-Zana_Kondi.jpg\" alt='Zana Kondi'  itemprop=\"image\" srcset=\"https:\/\/observator.org.al\/wp-content\/uploads\/2013\/10\/Staf-Zana_Kondi.jpg 320w, https:\/\/observator.org.al\/wp-content\/uploads\/2013\/10\/Staf-Zana_Kondi-80x80.jpg 80w, https:\/\/observator.org.al\/wp-content\/uploads\/2013\/10\/Staf-Zana_Kondi-36x36.jpg 36w, https:\/\/observator.org.al\/wp-content\/uploads\/2013\/10\/Staf-Zana_Kondi-180x180.jpg 180w, https:\/\/observator.org.al\/wp-content\/uploads\/2013\/10\/Staf-Zana_Kondi-120x120.jpg 120w\" sizes=\"(max-width: 320px) 100vw, 320px\" \/><div class='team-social'><div class='team-social-inner'><span class='hidden av_member_url_markup '  itemprop=\"email\" >mailto:tirana@observator.org.al<\/span><a rel='v:url' data-avia-tooltip=\"Email\"  class=' avia-team-icon ' href='mailto:tirana@observator.org.al' aria-hidden='true' data-av_icon='\ue805' data-av_iconfont='entypo-fontello'><\/a><\/div><\/div><\/div><h3 class='team-member-name'    itemprop=\"name\" >Zana Kondi<\/h3><div class='team-member-job-title '   itemprop=\"jobTitle\" >Expert of ODF - Tirana<\/div><span class='hidden team-member-affiliation'  itemprop=\"affiliation\" >Observatori<\/span><\/section><\/div><div class=\"flex_column av_three_fourth  flex_column_div   avia-builder-el-2  el_after_av_one_fourth  avia-builder-el-last  \" ><section class=\"av_textblock_section \"  itemscope=\"itemscope\" itemtype=\"https:\/\/schema.org\/CreativeWork\" ><div class='avia_textblock  '   itemprop=\"text\" ><p>Zana Kondi \u00ebsht\u00eb specializuar n\u00eb pun\u00eb sociale n\u00eb Universitetin e Tiran\u00ebs pran\u00eb fakultetit te Shkencave Sociale dega Pune Sociale n\u00eb vitin 1993. Ajo ka punuar n\u00eb institucionet shtet\u00ebrore t\u00eb nivelit qendror, rajonal dhe lokal si Ministria e Pun\u00ebs dhe \u00c7\u00ebshtjeve Sociale, Sh\u00ebrbimi Social Shtet\u00ebror dhe bashkia Tiran\u00eb duke filluar nga vitit 1993 -2012. Eksperienca e gjat\u00eb e pun\u00ebs n\u00eb k\u00ebto institucione e ka b\u00ebr\u00eb at\u00eb nj\u00eb eksperte t\u00eb fush\u00ebs s\u00eb \u00e7eshtjeve sociale n\u00eb p\u00ebrgjith\u00ebsi pasi ka mbuluar mbrojtjen sociale t\u00eb grupeve n\u00eb nevoj\u00eb, politikat sociale dhe \u00ebsht\u00eb mar\u00eb me studime e projekte t\u00eb fush\u00ebs. Gjat\u00eb k\u00ebsaj periudhe t\u00eb gjat\u00eb pune Zana Kondi ka b\u00ebr\u00eb nj\u00eb s\u00ebr\u00eb kualifikimesh br\u00ebnda dhe jasht\u00eb vendit. Prej vitit 2013 ka filluar pun\u00eb pran\u00eb Observatorit p\u00ebr t\u00eb Drejtat e F\u00ebmij\u00ebve si eksperte p\u00ebr nd\u00ebrtimin e marr\u00ebdh\u00ebnieve t\u00eb bashk\u00ebpunimit me institucionet q\u00ebndrore, rajonale dhe t\u00eb qeverisjes vendore p\u00ebr mbledhjen e t\u00eb dh\u00ebnave dhe treguesve q\u00eb ndihmojn\u00eb n\u00eb krijimin e nj\u00eb pamje t\u00eb qart\u00eb t\u00eb gjendjes s\u00eb respektimit t\u00eb t\u00eb drejtave t\u00eb f\u00ebmij\u00ebve. P\u00ebr momentin ajo mbulon zyr\u00ebn e Observatorit p\u00ebr Qarkun Tiran\u00eb.<\/p>\n<\/div><\/section><\/div><\/p>\n","protected":false},"excerpt":{"rendered":"","protected":false},"author":2,"featured_media":0,"parent":2557,"menu_order":0,"comment_status":"closed","ping_status":"closed","template":"","meta":{"_mc_calendar":[],"footnotes":""},"class_list":["post-2866","page","type-page","status-publish","hentry"],"_links":{"self":[{"href":"https:\/\/observator.org.al\/sq\/wp-json\/wp\/v2\/pages\/2866","targetHints":{"allow":["GET"]}}],"collection":[{"href":"https:\/\/observator.org.al\/sq\/wp-json\/wp\/v2\/pages"}],"about":[{"href":"https:\/\/observator.org.al\/sq\/wp-json\/wp\/v2\/types\/page"}],"author":[{"embeddable":true,"href":"https:\/\/observator.org.al\/sq\/wp-json\/wp\/v2\/users\/2"}],"replies":[{"embeddable":true,"href":"https:\/\/observator.org.al\/sq\/wp-json\/wp\/v2\/comments?post=2866"}],"version-history":[{"count":3,"href":"https:\/\/observator.org.al\/sq\/wp-json\/wp\/v2\/pages\/2866\/revisions"}],"predecessor-version":[{"id":3585,"href":"https:\/\/observator.org.al\/sq\/wp-json\/wp\/v2\/pages\/2866\/revisions\/3585"}],"up":[{"embeddable":true,"href":"https:\/\/observator.org.al\/sq\/wp-json\/wp\/v2\/pages\/2557"}],"wp:attachment":[{"href":"https:\/\/observator.org.al\/sq\/wp-json\/wp\/v2\/media?parent=2866"}],"curies":[{"name":"wp","href":"https:\/\/api.w.org\/{rel}","templated":true}]}}