{"id":2862,"date":"2013-10-10T15:16:43","date_gmt":"2013-10-10T13:16:43","guid":{"rendered":"http:\/\/observator.org.al\/?page_id=2862"},"modified":"2017-01-19T22:29:01","modified_gmt":"2017-01-19T21:29:01","slug":"julia-alushi","status":"publish","type":"page","link":"https:\/\/observator.org.al\/sq\/rreth-nesh\/julia-alushi\/","title":{"rendered":"Julia Alushi"},"content":{"rendered":"<div class=\"flex_column av_one_fourth  flex_column_div first  avia-builder-el-0  el_before_av_three_fourth  avia-builder-el-first  \" ><section  class='avia-team-member   avia-builder-el-1  avia-builder-el-no-sibling '  itemscope=\"itemscope\" itemtype=\"https:\/\/schema.org\/Person\" ><div class='team-img-container'><img decoding=\"async\" width=\"150\" height=\"150\" class='wp-image-5325 avia-img-lazy-loading-not-5325 avia_image avia_image_team' src=\"http:\/\/observator.org.al\/wp-content\/uploads\/2013\/10\/staf_Julia-Alushi.jpg\" alt='Julia Alushi'  itemprop=\"image\" srcset=\"https:\/\/observator.org.al\/wp-content\/uploads\/2013\/10\/staf_Julia-Alushi.jpg 150w, https:\/\/observator.org.al\/wp-content\/uploads\/2013\/10\/staf_Julia-Alushi-80x80.jpg 80w, https:\/\/observator.org.al\/wp-content\/uploads\/2013\/10\/staf_Julia-Alushi-36x36.jpg 36w, https:\/\/observator.org.al\/wp-content\/uploads\/2013\/10\/staf_Julia-Alushi-120x120.jpg 120w\" sizes=\"(max-width: 150px) 100vw, 150px\" \/><div class='team-social'><div class='team-social-inner'><span class='hidden av_member_url_markup '  itemprop=\"email\" >mailto:stat@observator.org.al<\/span><a rel='v:url' data-avia-tooltip=\"Email\"  class=' avia-team-icon ' href='mailto:stat@observator.org.al' aria-hidden='true' data-av_icon='\ue805' data-av_iconfont='entypo-fontello'><\/a><\/div><\/div><\/div><h3 class='team-member-name'    itemprop=\"name\" >Julia Alushi<\/h3><div class='team-member-job-title '   itemprop=\"jobTitle\" >Administratore e t\u00eb dh\u00ebnave komb\u00ebtare<\/div><span class='hidden team-member-affiliation'  itemprop=\"affiliation\" >Observatori<\/span><\/section><\/div><div class=\"flex_column av_three_fourth  flex_column_div av-zero-column-padding   avia-builder-el-2  el_after_av_one_fourth  avia-builder-el-last  \" style='border-radius:0px; '><section class=\"av_textblock_section \"  itemscope=\"itemscope\" itemtype=\"https:\/\/schema.org\/CreativeWork\" ><div class='avia_textblock  '   itemprop=\"text\" ><p>Julia Alushi \u00ebsht\u00eb diplomuar pran\u00eb Universitetit t\u00eb Tiran\u00ebs, Fakulteti i Ekonomis\u00eb n\u00eb vitin 2016 n\u00eb deg\u00ebn Ekonomiks. Ajo ka mbaruar studimet master shkencor n\u00eb Ekonomiks n\u00eb Universitetin e Tiran\u00ebs. Ajo \u00ebsht\u00eb angazhuar n\u00eb projekte t\u00eb ndryshme p\u00ebr mbledhjen dhe p\u00ebrpunimin e t\u00eb dh\u00ebnave. Q\u00eb nga shtatori i vitit 2016, ajo punon si Administratore e t\u00eb Dh\u00ebnave Komb\u00ebtare pran\u00eb Observatorit p\u00ebr t\u00eb Drejtat e F\u00ebmij\u00ebve.<\/p>\n<\/div><\/section><\/div><\/p>\n","protected":false},"excerpt":{"rendered":"","protected":false},"author":2,"featured_media":0,"parent":2557,"menu_order":0,"comment_status":"closed","ping_status":"closed","template":"","meta":{"_mc_calendar":[],"footnotes":""},"class_list":["post-2862","page","type-page","status-publish","hentry"],"_links":{"self":[{"href":"https:\/\/observator.org.al\/sq\/wp-json\/wp\/v2\/pages\/2862","targetHints":{"allow":["GET"]}}],"collection":[{"href":"https:\/\/observator.org.al\/sq\/wp-json\/wp\/v2\/pages"}],"about":[{"href":"https:\/\/observator.org.al\/sq\/wp-json\/wp\/v2\/types\/page"}],"author":[{"embeddable":true,"href":"https:\/\/observator.org.al\/sq\/wp-json\/wp\/v2\/users\/2"}],"replies":[{"embeddable":true,"href":"https:\/\/observator.org.al\/sq\/wp-json\/wp\/v2\/comments?post=2862"}],"version-history":[{"count":3,"href":"https:\/\/observator.org.al\/sq\/wp-json\/wp\/v2\/pages\/2862\/revisions"}],"predecessor-version":[{"id":5326,"href":"https:\/\/observator.org.al\/sq\/wp-json\/wp\/v2\/pages\/2862\/revisions\/5326"}],"up":[{"embeddable":true,"href":"https:\/\/observator.org.al\/sq\/wp-json\/wp\/v2\/pages\/2557"}],"wp:attachment":[{"href":"https:\/\/observator.org.al\/sq\/wp-json\/wp\/v2\/media?parent=2862"}],"curies":[{"name":"wp","href":"https:\/\/api.w.org\/{rel}","templated":true}]}}