{"id":2840,"date":"2013-10-08T21:38:38","date_gmt":"2013-10-08T19:38:38","guid":{"rendered":"http:\/\/observator.org.al\/?page_id=2840"},"modified":"2021-09-16T13:03:47","modified_gmt":"2021-09-16T11:03:47","slug":"elma-tershana","status":"publish","type":"page","link":"https:\/\/observator.org.al\/sq\/rreth-nesh\/elma-tershana\/","title":{"rendered":"Elma Tershana"},"content":{"rendered":"<div  style='padding-bottom:10px; ' class='av-special-heading av-special-heading-h3    avia-builder-el-0  el_before_av_one_fourth  avia-builder-el-first  '><h3 class='av-special-heading-tag '  itemprop=\"headline\"  >Elma Tershana<\/h3><div class='special-heading-border'><div class='special-heading-inner-border' ><\/div><\/div><\/div>\n<div class=\"flex_column av_one_fourth  flex_column_div first  avia-builder-el-1  el_after_av_heading  el_before_av_three_fourth  \" ><p><div  class='avia-image-container avia_animated_image avia_animate_when_almost_visible top-to-bottom av-styling-    avia-builder-el-2  el_before_av_icon_box  avia-builder-el-first  avia-align-center '  itemprop=\"image\" itemscope=\"itemscope\" itemtype=\"https:\/\/schema.org\/ImageObject\"  ><div class='avia-image-container-inner'><div class='avia-image-overlay-wrap'><img decoding=\"async\" class='wp-image-7745 avia-img-lazy-loading-not-7745 avia_image' src=\"https:\/\/observator.org.al\/wp-content\/uploads\/2013\/10\/ema-ok_11-180x180.jpg\" alt='' title='ema ok_1' height=\"180\" width=\"180\"  itemprop=\"thumbnailUrl\" srcset=\"https:\/\/observator.org.al\/wp-content\/uploads\/2013\/10\/ema-ok_11-180x180.jpg 180w, https:\/\/observator.org.al\/wp-content\/uploads\/2013\/10\/ema-ok_11-80x80.jpg 80w, https:\/\/observator.org.al\/wp-content\/uploads\/2013\/10\/ema-ok_11-380x380.jpg 380w, https:\/\/observator.org.al\/wp-content\/uploads\/2013\/10\/ema-ok_11-36x36.jpg 36w, https:\/\/observator.org.al\/wp-content\/uploads\/2013\/10\/ema-ok_11-120x120.jpg 120w, https:\/\/observator.org.al\/wp-content\/uploads\/2013\/10\/ema-ok_11-450x450.jpg 450w, https:\/\/observator.org.al\/wp-content\/uploads\/2013\/10\/ema-ok_11.jpg 512w\" sizes=\"(max-width: 180px) 100vw, 180px\" \/><\/div><\/div><\/div><br \/>\n<article  class=\"iconbox iconbox_left    avia-builder-el-3  el_after_av_image  el_before_av_icon_box  \"  itemscope=\"itemscope\" itemtype=\"https:\/\/schema.org\/CreativeWork\" ><div class=\"iconbox_content\"><header class=\"entry-content-header\"><div class=\"iconbox_icon heading-color\" aria-hidden='true' data-av_icon='\ue854' data-av_iconfont='entypo-fontello'  ><\/div><h3 class='iconbox_content_title  '  itemprop=\"headline\"  >00355 42 258 987<\/h3><\/header><div class='iconbox_content_container  '  itemprop=\"text\"  ><\/div><\/div><footer class=\"entry-footer\"><\/footer><\/article><br \/>\n<article  class=\"iconbox iconbox_left    avia-builder-el-4  el_after_av_icon_box  el_before_av_icon_box  \"  itemscope=\"itemscope\" itemtype=\"https:\/\/schema.org\/CreativeWork\" ><div class=\"iconbox_content\"><header class=\"entry-content-header\"><div class=\"iconbox_icon heading-color\" aria-hidden='true' data-av_icon='\ue90d' data-av_iconfont='entypo-fontello'  ><\/div><h3 class='iconbox_content_title  '  itemprop=\"headline\"  ><a href='skype:observatory_albania?call' title='Skype'  >Skype<\/a><\/h3><\/header><div class='iconbox_content_container  '  itemprop=\"text\"  ><\/div><\/div><footer class=\"entry-footer\"><\/footer><\/article><br \/>\n<article  class=\"iconbox iconbox_left    avia-builder-el-5  el_after_av_icon_box  avia-builder-el-last  \"  itemscope=\"itemscope\" itemtype=\"https:\/\/schema.org\/CreativeWork\" ><div class=\"iconbox_content\"><header class=\"entry-content-header\"><div class=\"iconbox_icon heading-color\" aria-hidden='true' data-av_icon='\ue805' data-av_iconfont='entypo-fontello'  ><\/div><h3 class='iconbox_content_title  '  itemprop=\"headline\"  ><a href='mailto:mailto:director@observator.org.al' title='E-Mail'  >E-Mail<\/a><\/h3><\/header><div class='iconbox_content_container  '  itemprop=\"text\"  ><\/div><\/div><footer class=\"entry-footer\"><\/footer><\/article><\/p><\/div>\n<div class=\"flex_column av_three_fourth  flex_column_div av-zero-column-padding   avia-builder-el-6  el_after_av_one_fourth  avia-builder-el-last  \" style='border-radius:0px; '><section class=\"av_textblock_section \"  itemscope=\"itemscope\" itemtype=\"https:\/\/schema.org\/CreativeWork\" ><div class='avia_textblock  '   itemprop=\"text\" ><p>Elma T\u00ebrshana \u00ebsht\u00eb diplomuar n\u00eb Fakultetin e Shkencave Sociale n\u00eb Tiran\u00eb, ka p\u00ebrfunduar studimet n\u00eb Master n\u00eb Pun\u00eb Sociale (MSW); nga viti 2011 e n\u00eb vazhdim \u00ebsht\u00eb n\u00eb proces doktore pran\u00eb \u201cInstituti p\u00ebr Studimin Evropian\u201d, Universiteti Shtet\u00ebror i Tiran\u00ebs. Q\u00eb nga viti 2001 \u00ebsht\u00eb angazhuar n\u00eb programe t\u00eb ndryshme zhvillimi p\u00ebr t\u00eb drejtat e njeriut dhe t\u00eb f\u00ebmij\u00ebs. Q\u00eb n\u00eb fillim t\u00eb karrier\u00ebs s\u00eb saj, ka qen\u00eb e p\u00ebrkushtuar dhe angazhuar plot\u00ebsisht n\u00eb sektorin e OJF, dhe aktualisht \u00ebsht\u00eb Drejtore Ekzekutive e \u201cObservatorit p\u00ebr t\u00eb Drejtat e F\u00ebmij\u00ebs\u201d. Ajo \u00ebsht\u00eb gjithashtu dhe lektore n\u00eb Universitet.<\/p>\n<p>Elma vazhdimisht shkruan artikuj apo realizon studime t\u00eb ndryshme. Punimet e saj shkencore t\u00eb publikuara (kryesisht) jan\u00eb: L\u00ebnda universitare \u201cT\u00eb njohim t\u00eb drejtat e njeriut dhe t\u00eb f\u00ebmij\u00ebs\u201d, \u201cSociologjia e Familjes\u201d; bashk\u00eb-autore n\u00eb studimin e botuar \u201cVarf\u00ebria dhe f\u00ebmij\u00ebt n\u00eb Shqip\u00ebri\u201d (botuar n\u00eb vitin 2009); autore e raportit vjetor \u201cT\u00eb drejtat e f\u00ebmij\u00ebve n\u00eb Shqip\u00ebri, 2009\u201d, publikuar nga UNICEF 2011;N\u00eb nivel rajonal \u00ebsht\u00eb bashk\u00eb-autor n\u00eb botimet e \u201cBalkan Yearbook Drejtat e Njeriut\u201d n\u00eb vitin 2006 dhe 2008. Pjes\u00eb e pun\u00ebs k\u00ebrkimore jan\u00eb dhe shum\u00eb prezantime t\u00eb realizuara n\u00eb konferenca t\u00eb ndryshme komb\u00ebtare dhe nd\u00ebrkomb\u00ebtare.<\/p>\n<\/div><\/section><\/div>\n","protected":false},"excerpt":{"rendered":"","protected":false},"author":2,"featured_media":0,"parent":2557,"menu_order":0,"comment_status":"closed","ping_status":"closed","template":"","meta":{"_mc_calendar":[],"footnotes":""},"class_list":["post-2840","page","type-page","status-publish","hentry"],"_links":{"self":[{"href":"https:\/\/observator.org.al\/sq\/wp-json\/wp\/v2\/pages\/2840","targetHints":{"allow":["GET"]}}],"collection":[{"href":"https:\/\/observator.org.al\/sq\/wp-json\/wp\/v2\/pages"}],"about":[{"href":"https:\/\/observator.org.al\/sq\/wp-json\/wp\/v2\/types\/page"}],"author":[{"embeddable":true,"href":"https:\/\/observator.org.al\/sq\/wp-json\/wp\/v2\/users\/2"}],"replies":[{"embeddable":true,"href":"https:\/\/observator.org.al\/sq\/wp-json\/wp\/v2\/comments?post=2840"}],"version-history":[{"count":11,"href":"https:\/\/observator.org.al\/sq\/wp-json\/wp\/v2\/pages\/2840\/revisions"}],"predecessor-version":[{"id":7204,"href":"https:\/\/observator.org.al\/sq\/wp-json\/wp\/v2\/pages\/2840\/revisions\/7204"}],"up":[{"embeddable":true,"href":"https:\/\/observator.org.al\/sq\/wp-json\/wp\/v2\/pages\/2557"}],"wp:attachment":[{"href":"https:\/\/observator.org.al\/sq\/wp-json\/wp\/v2\/media?parent=2840"}],"curies":[{"name":"wp","href":"https:\/\/api.w.org\/{rel}","templated":true}]}}