{"id":2775,"date":"2013-10-07T01:20:51","date_gmt":"2013-10-06T23:20:51","guid":{"rendered":"http:\/\/observator.org.al\/?page_id=2775"},"modified":"2013-10-14T15:14:19","modified_gmt":"2013-10-14T13:14:19","slug":"12-qershor-2013-ne-kujtim-te-suzana-sakiqit","status":"publish","type":"page","link":"https:\/\/observator.org.al\/sq\/12-qershor-2013-ne-kujtim-te-suzana-sakiqit\/","title":{"rendered":"12 Qershor 2013 &#8211; N\u00eb kujtim t\u00eb Suzana Sakiqit"},"content":{"rendered":"<div class=\"flex_column av_one_third  flex_column_div first  avia-builder-el-0  el_before_av_two_third  avia-builder-el-first  \" ><section  class='avia-team-member   avia-builder-el-1  avia-builder-el-no-sibling '  itemscope=\"itemscope\" itemtype=\"https:\/\/schema.org\/Person\" ><div class='team-img-container'><img decoding=\"async\" class='avia-img-lazy-loading-not- avia_image avia_image_team' src=\"http:\/\/observator.org.al\/wp-content\/uploads\/2013\/10\/Suzana-Sakiqi.jpg\" alt=' Suzana Sakiqi'  itemprop=\"image\"  \/><\/div><h3 class='team-member-name'    itemprop=\"name\" > Suzana Sakiqi<\/h3><span class='hidden team-member-affiliation'  itemprop=\"affiliation\" >Observatori<\/span><\/section><\/div>\n<div class=\"flex_column av_two_third  flex_column_div   avia-builder-el-2  el_after_av_one_third  el_before_av_one_full  \" ><section class=\"av_textblock_section \"  itemscope=\"itemscope\" itemtype=\"https:\/\/schema.org\/CreativeWork\" ><div class='avia_textblock  '   itemprop=\"text\" ><p>T\u00eb drejtat e njeriut dhe t\u00eb drejtat e f\u00ebmij\u00ebs, tashm\u00eb jan\u00eb pjes\u00eb e shum\u00eb programeve komb\u00ebtare dhe lokale. Kur shikojm\u00eb rrug\u00ebn e gjat\u00eb 20 vje\u00e7are n\u00ebp\u00ebr t\u00eb cil\u00ebn jan\u00eb nd\u00ebrmarr\u00eb dhe nd\u00ebrtuar shum\u00eb nisma, jan\u00eb realizuar veprimtari dhe aktivitete edukuese, jan\u00eb prezantuar praktika t\u00eb reja, &#8211; evidentohet se\u00a0<strong>Znj. Suzana Sakiqi<\/strong>\u00a0\u00ebsht\u00eb nj\u00eb nd\u00ebr aktoret promotore q\u00eb ka kontribuar n\u00eb k\u00ebt\u00eb proces dinamik zhvillimi t\u00eb t\u00eb drejtave t\u00eb f\u00ebmij\u00ebve n\u00eb vend.Idealizmi i kontributit dhe pun\u00ebs s\u00eb realizuar nga\u00a0<strong>Znj. Suzana<\/strong>, na prek t\u00eb gjith\u00ebve sot kur ajo ndahet nga jeta, &#8211; por na jep force dhe besim p\u00ebr t\u00eb vazhduar me tej.<\/p>\n<p>Sot, Shqip\u00ebria vler\u00ebsohet p\u00ebr aspektin ligjor t\u00eb respektimit t\u00eb t\u00eb drejtave t\u00eb f\u00ebmij\u00ebve, ku puna dhe kontributi i\u00a0<strong>Znj. Suzana<\/strong>\u00a0ishte pjes\u00eb e pun\u00ebs s\u00eb madhe nxit\u00ebse dhe debatuese q\u00eb realizuan segmente t\u00eb shoq\u00ebris\u00eb civile shqiptare p\u00ebr vite me radh\u00eb. Pjes\u00eb e suksesit t\u00eb prezantimi t\u00eb ligjit p\u00ebr t\u00eb drejtat e f\u00ebmij\u00ebve n\u00eb vitin 2010, \u00ebsht\u00eb dhe ngritja dhe fuqizimi i Komitetit Nd\u00ebrministror p\u00ebr t\u00eb Drejtat e F\u00ebmij\u00ebve, ku\u00a0<strong>Znj. Suzana<\/strong>\u00a0ishte an\u00ebtare n\u00eb p\u00ebrfaq\u00ebsim t\u00eb interesave t\u00eb shoq\u00ebris\u00eb civile n\u00eb vend.<\/p>\n<p>P\u00ebr nj\u00eb zbatim sa m\u00eb t\u00eb plot\u00eb dhe n\u00eb garantim t\u00eb t\u00eb drejtave t\u00eb f\u00ebmij\u00ebs, Shqip\u00ebria harton raporte monitorimi n\u00eb zbatim t\u00eb Konvent\u00ebs p\u00ebr t\u00eb Drejtat e f\u00ebmij\u00ebs. Roli i \u00e7do aktori t\u00eb shoq\u00ebris\u00eb civile shqiptare n\u00eb k\u00ebt\u00eb proces realizimi t\u00eb raportit alternativ t\u00eb Shqip\u00ebris\u00eb, n\u00eb vitin 2008-2009, arriti t\u00eb prezantohej n\u00eb aren\u00ebn nd\u00ebrkomb\u00ebtare fal\u00eb pun\u00ebs dhe p\u00ebrkushtimi t\u00eb\u00a0<strong>Znj. Suzana<\/strong>. P\u00ebrkushtimi dhe k\u00ebmb\u00ebngulja e\u00a0<strong>Znj. Suzana<\/strong>\u00a0b\u00ebn\u00eb t\u00eb mundur realizimin e nj\u00eb raporti alternative profesional dhe gjith\u00ebp\u00ebrfshir\u00ebs, duke e prezantuar shoq\u00ebrin\u00eb civile Shqiptare me profesionaliz\u00ebm dhe dinjitet n\u00eb Komitetin Nd\u00ebrkomb\u00ebtare t\u00eb t\u00eb drejtave t\u00eb f\u00ebmij\u00ebve n\u00eb Gjenev\u00eb.<\/p>\n<\/div><\/section><\/div>\n<div class=\"flex_column av_one_full  flex_column_div first  avia-builder-el-4  el_after_av_two_third  avia-builder-el-last  column-top-margin\" ><p><section class=\"av_textblock_section \"  itemscope=\"itemscope\" itemtype=\"https:\/\/schema.org\/CreativeWork\" ><div class='avia_textblock  '   itemprop=\"text\" ><p><strong>Znj. Suzana<\/strong>, me dashurin\u00eb dhe p\u00ebrkushtimin e pa fund, p\u00ebr t\u00eb kontribuar n\u00eb dobi t\u00eb \u00e7\u00ebshtjes s\u00eb f\u00ebmij\u00ebve n\u00eb nevoj\u00eb, ka nd\u00ebrtuar dhe drejtuar me ekspertiz\u00ebn dhe profesionalizmin e saj t\u00eb gjith\u00eb procesin e realizuar n\u00eb vend p\u00ebr sh\u00ebrbimin e kujdestaris\u00eb s\u00eb f\u00ebmij\u00ebve n\u00eb nevoj\u00eb dhe pa kujdes prind\u00ebror. Strategjia dhe politikat e hartuara n\u00eb zbatim t\u00eb k\u00ebsaj nisme, jan\u00eb nj\u00eb arritje e suksesshme e vendit ton\u00eb, ku emri dhe kontributi i\u00a0<strong>Znj. Suzana Sakiqi<\/strong>\u00a0do t\u00eb pjesa themelore dhe e paharruar e k\u00ebsaj nisme.<\/p>\n<p>Dashuria e\u00a0<strong>Znj. Suzana<\/strong>\u00a0p\u00ebr jet\u00ebn, \u00ebmb\u00eblsia me t\u00eb cilin fliste dhe komunikonte, profesionalizmi dhe p\u00ebrkushtimi i saj i kan\u00eb dh\u00ebn\u00eb dinamiz\u00ebm dhe energji angazhimeve t\u00eb\u00a0<strong>\u201cAleanc\u00ebs p\u00ebr F\u00ebmij\u00ebt n\u00eb Shqip\u00ebri\u201d<\/strong>, q\u00eb n\u00eb themelimin e saj. D\u00ebshira dhe pasioni i saj kan\u00eb qen\u00eb forc\u00eb drejtuese n\u00eb ngritjen e nismave t\u00eb reja dhe fuqizimin e organizmave t\u00eb shoq\u00ebris\u00eb civile n\u00eb vend; Puna dhe arritjet e<strong>\u00a0Znj. Suzana<\/strong>\u00a0do t\u00eb kujtohen si kontribute t\u00eb vyera n\u00eb dobi t\u00eb kauzave t\u00eb shoq\u00ebris\u00eb shqiptare civile.<br \/>\n<em><strong>I p\u00ebrjetsh\u00ebm qoft\u00eb kujtimi i saj!<\/strong><\/em><\/p>\n<p>Vepra e<strong>\u00a0Znj. Suzana<\/strong>\u00a0do t\u00eb kujtohet jo vet\u00ebm p\u00ebr kontributet e vyera t\u00eb dh\u00ebna n\u00eb dobi t\u00eb garantimit t\u00eb t\u00eb drejtave t\u00eb f\u00ebmij\u00ebve n\u00eb vend, por dhe p\u00ebr dashurin\u00eb q\u00eb\u00a0<strong>Zana<\/strong>\u00a0kishte p\u00ebr jet\u00ebn dhe njer\u00ebzit. Kuraja me t\u00eb cilin\u00a0<strong>Zana<\/strong>\u00a0i p\u00ebrkushtohej \u00e7do dit\u00eb sfidave, dashuria dhe v\u00ebmendja p\u00ebr miqt\u00eb dhe koleg\u00ebt e saj, &#8211; na b\u00ebn q\u00eb sot, nga humbja e saj, t\u00eb vajtojm\u00eb n\u00eb shpirt duke e kujtuar p\u00ebrjet\u00eb t\u00eb qeshur dhe t\u00eb devotshme p\u00ebr p\u00ebrballur sfidat e \u00e7do dite.<\/p>\n<\/div><\/section><br \/>\n<div id='avia-messagebox-' class='avia_message_box  avia-color-silver avia-size-large avia-icon_select-yes avia-border-dashed  avia-builder-el-6  el_after_av_textblock  avia-builder-el-last '><span class='avia_message_box_title' >Sh\u00ebnim<\/span><div class='avia_message_box_content' ><span class='avia_message_box_icon' aria-hidden='true' data-av_icon='\ue81e' data-av_iconfont='entypo-fontello'><\/span><p><a href=\"http:\/\/www.everychild.org.uk\/news\/remembering-suzana-sakiqi\" target=\"_blank\" rel=\"noopener\">Artikull nga Every Child p\u00ebr Suzana Sakiqin<\/a><\/p>\n<\/div><\/div><\/p><\/div>\n","protected":false},"excerpt":{"rendered":"","protected":false},"author":2,"featured_media":0,"parent":0,"menu_order":0,"comment_status":"closed","ping_status":"closed","template":"","meta":{"_mc_calendar":[],"footnotes":""},"class_list":["post-2775","page","type-page","status-publish","hentry"],"_links":{"self":[{"href":"https:\/\/observator.org.al\/sq\/wp-json\/wp\/v2\/pages\/2775","targetHints":{"allow":["GET"]}}],"collection":[{"href":"https:\/\/observator.org.al\/sq\/wp-json\/wp\/v2\/pages"}],"about":[{"href":"https:\/\/observator.org.al\/sq\/wp-json\/wp\/v2\/types\/page"}],"author":[{"embeddable":true,"href":"https:\/\/observator.org.al\/sq\/wp-json\/wp\/v2\/users\/2"}],"replies":[{"embeddable":true,"href":"https:\/\/observator.org.al\/sq\/wp-json\/wp\/v2\/comments?post=2775"}],"version-history":[{"count":12,"href":"https:\/\/observator.org.al\/sq\/wp-json\/wp\/v2\/pages\/2775\/revisions"}],"predecessor-version":[{"id":2993,"href":"https:\/\/observator.org.al\/sq\/wp-json\/wp\/v2\/pages\/2775\/revisions\/2993"}],"wp:attachment":[{"href":"https:\/\/observator.org.al\/sq\/wp-json\/wp\/v2\/media?parent=2775"}],"curies":[{"name":"wp","href":"https:\/\/api.w.org\/{rel}","templated":true}]}}