{"id":2557,"date":"2013-04-05T16:38:18","date_gmt":"2013-04-05T14:38:18","guid":{"rendered":"http:\/\/observator.org.al\/?page_id=2557"},"modified":"2021-12-14T09:45:11","modified_gmt":"2021-12-14T08:45:11","slug":"rreth-nesh","status":"publish","type":"page","link":"https:\/\/observator.org.al\/sq\/rreth-nesh\/","title":{"rendered":"Stafi"},"content":{"rendered":"<div  style='padding-bottom:10px; ' class='av-special-heading av-special-heading-h2 meta-heading   avia-builder-el-0  el_before_av_one_full  avia-builder-el-first  '><h2 class='av-special-heading-tag '  itemprop=\"headline\"  >Njihuni me stafin ton\u00eb<\/h2><div class='special-heading-border'><div class='special-heading-inner-border' ><\/div><\/div><\/div>\n<div class=\"flex_column av_one_full  flex_column_div first  avia-builder-el-1  el_after_av_heading  el_before_av_promobox  \" ><div  class='avia-image-container avia_animated_image avia_animate_when_almost_visible top-to-bottom av-styling-    avia-builder-el-2  avia-builder-el-no-sibling  avia-align-center '  itemprop=\"image\" itemscope=\"itemscope\" itemtype=\"https:\/\/schema.org\/ImageObject\"  ><div class='avia-image-container-inner'><div class='avia-image-overlay-wrap'><img decoding=\"async\" class='wp-image-0 avia-img-lazy-loading-not-0 avia_image' src=\"http:\/\/observator.org.al\/wp-content\/uploads\/2013\/04\/stafi-20nentor2013.jpg\" alt='' title=''   itemprop=\"thumbnailUrl\"  \/><\/div><\/div><\/div><\/div>\n\t<div   class='av_promobox  avia-button-yes   avia-builder-el-3  el_after_av_one_full  el_before_av_promobox '>\t\t<div class='avia-promocontent'><p>\n<img loading=\"lazy\" decoding=\"async\" class=\" wp-image-2785 alignleft\" src=\"http:\/\/observator.org.al\/wp-content\/uploads\/2013\/10\/ema-ok_11.jpg\" alt=\"Staf-Elma_Tershana\" width=\"150\" height=\"150\" \/><\/p>\n<h3 style=\"padding-left: 240px;\">Elma Tershana, PhD (c)<\/h3>\n<h4 style=\"padding-left: 240px;\">Drejtore Ekzekutive<\/h4>\n<address style=\"padding-left: 240px;\">Observatori per te Drejtat e Femijeve dhe te Rinjve,<\/address>\n<address style=\"padding-left: 240px;\">Rruga \u201cBrigada VIII\u201d pall\u201dLID\u201d,<\/address>\n<address style=\"padding-left: 240px;\">Kati 1, Zyra 1. Tirane, Shqiperi<\/address>\n<h5 style=\"padding-left: 240px;\"><\/h5>\n<p>\n<\/div><div  class='avia-button-wrap avia-button-right ' ><a href='https:\/\/observator.org.al\/sq\/rreth-nesh\/elma-tershana\/'  class='avia-button  avia-color-theme-color-subtle   avia-icon_select-yes-left-icon avia-size-small avia-position-right '   ><span class='avia_button_icon avia_button_icon_left ' aria-hidden='true' data-av_icon='\ue81f' data-av_iconfont='entypo-fontello'><\/span><span class='avia_iconbox_title' >M\u00eb shum\u00eb<\/span><\/a><\/div><\/div>\n\t<div   class='av_promobox  avia-button-yes   avia-builder-el-4  el_after_av_promobox  el_before_av_promobox '>\t\t<div class='avia-promocontent'><p>\n<img loading=\"lazy\" decoding=\"async\" class=\" wp-image-2785 alignleft\" src=\"https:\/\/observator.org.al\/wp-content\/uploads\/2021\/10\/Foto-Eridjona.jpg\" alt=\"Staf-Elma_Tershana\" width=\"150\" height=\"150\" \/><\/p>\n<h3 style=\"padding-left: 240px;\">Eridjona Vallja<\/h3>\n<h4 style=\"padding-left: 240px;\"><strong>Menaxhere komb\u00ebtare programi<\/strong><\/h4>\n<address style=\"padding-left: 240px;\">Observatori per te Drejtat e Femijeve te Rinjve,<\/address>\n<address style=\"padding-left: 240px;\">Rruga \u201cBrigada VIII\u201d pall\u201dLID\u201d,<\/address>\n<address style=\"padding-left: 240px;\">Kati 1, Zyra 1. Tirane, Shqiperi<\/address>\n<h5 style=\"padding-left: 240px;\"><\/h5>\n<p>\n<\/div><div  class='avia-button-wrap avia-button-right ' ><a href='https:\/\/observator.org.al\/sq\/rreth-nesh\/eridjona-vallja\/'  class='avia-button  avia-color-theme-color-subtle   avia-icon_select-yes-left-icon avia-size-small avia-position-right '   ><span class='avia_button_icon avia_button_icon_left ' aria-hidden='true' data-av_icon='\ue81f' data-av_iconfont='entypo-fontello'><\/span><span class='avia_iconbox_title' >M\u00eb shum\u00eb<\/span><\/a><\/div><\/div>\n\t<div   class='av_promobox  avia-button-yes   avia-builder-el-5  el_after_av_promobox  el_before_av_promobox '>\t\t<div class='avia-promocontent'><p>\n<img loading=\"lazy\" decoding=\"async\" class=\"size-full wp-image-2832 alignleft\" src=\"http:\/\/observator.org.al\/wp-content\/uploads\/2017\/01\/staf_Julia-Alushi.jpg\" alt=\"Staf-Julia-Alushi\" width=\"150\" height=\"150\" \/><\/p>\n<div>\n<h3 style=\"padding-left: 240px;\">Julia Alushi<\/h3>\n<h4 style=\"padding-left: 240px;\">Administratore e t\u00eb Dh\u00ebnave Komb\u00ebtare<\/h4>\n<address style=\"padding-left: 240px;\">Observatori p\u00ebr t\u00eb Drejtat e F\u00ebmij\u00ebve dhe te Rinjve,<\/address>\n<address style=\"padding-left: 240px;\">Rruga \u201cBrigada VIII\u201d pall\u201dLID\u201d,<\/address>\n<address style=\"padding-left: 240px;\">Kati 1, Zyra 1. Tirane, Shqiperi<\/address>\n<\/div>\n<h5 style=\"padding-left: 240px;\"><\/h5>\n<p>\n<\/div><div  class='avia-button-wrap avia-button-right ' ><a href='https:\/\/observator.org.al\/sq\/rreth-nesh\/julia-alushi\/'  class='avia-button  avia-color-theme-color-subtle   avia-icon_select-yes-left-icon avia-size-small avia-position-right '   ><span class='avia_button_icon avia_button_icon_left ' aria-hidden='true' data-av_icon='\ue81f' data-av_iconfont='entypo-fontello'><\/span><span class='avia_iconbox_title' >M\u00eb shum\u00eb<\/span><\/a><\/div><\/div>\n\t<div   class='av_promobox  avia-button-yes   avia-builder-el-6  el_after_av_promobox  el_before_av_promobox '>\t\t<div class='avia-promocontent'><p>\n<img loading=\"lazy\" decoding=\"async\" class=\"size-full wp-image-2825 alignleft\" src=\"http:\/\/observator.org.al\/wp-content\/uploads\/2013\/10\/Staf-Zana_Kondi.jpg\" alt=\"Staf-Zana_Kondi\" width=\"150\" height=\"150\" \/><\/p>\n<div>\n<h3 style=\"padding-left: 240px;\">Zana Kondi<\/h3>\n<h4 style=\"padding-left: 240px;\">Eksperte e ODF &#8211; qarku Tiran\u00eb<\/h4>\n<address style=\"padding-left: 240px;\">Observatori p\u00ebr t\u00eb Drejtat e F\u00ebmij\u00ebve dhe te Rinjve,<\/address>\n<address style=\"padding-left: 240px;\">Rruga \u201cBrigada VIII\u201d pall\u201dLID\u201d,<\/address>\n<address style=\"padding-left: 240px;\">Kati 1, Zyra 1. Tirane, Shqiperi<\/address>\n<h5 style=\"padding-left: 240px;\"><\/h5>\n<\/div>\n<p>\n<\/div><div  class='avia-button-wrap avia-button-right ' ><a href='https:\/\/observator.org.al\/sq\/rreth-nesh\/zana-kondi\/'  class='avia-button  avia-color-theme-color-subtle   avia-icon_select-yes-left-icon avia-size-small avia-position-right '   ><span class='avia_button_icon avia_button_icon_left ' aria-hidden='true' data-av_icon='\ue81f' data-av_iconfont='entypo-fontello'><\/span><span class='avia_iconbox_title' >M\u00eb shum\u00eb<\/span><\/a><\/div><\/div>\n\t<div   class='av_promobox  avia-button-yes   avia-builder-el-7  el_after_av_promobox  el_before_av_promobox '>\t\t<div class='avia-promocontent'><p>\n<img loading=\"lazy\" decoding=\"async\" class=\" wp-image-4089 alignleft\" src=\"http:\/\/observator.org.al\/wp-content\/uploads\/2013\/04\/foto_Regana-281x380.jpeg\" alt=\"foto_Regana\" width=\"150\" height=\"203\" srcset=\"https:\/\/observator.org.al\/wp-content\/uploads\/2013\/04\/foto_Regana-281x380.jpeg 281w, https:\/\/observator.org.al\/wp-content\/uploads\/2013\/04\/foto_Regana-520x705.jpeg 520w, https:\/\/observator.org.al\/wp-content\/uploads\/2013\/04\/foto_Regana-450x610.jpeg 450w, https:\/\/observator.org.al\/wp-content\/uploads\/2013\/04\/foto_Regana.jpeg 598w\" sizes=\"auto, (max-width: 150px) 100vw, 150px\" \/><\/p>\n<div>\n<h3 style=\"padding-left: 240px;\">Regana Hysenbelli<\/h3>\n<h4 style=\"padding-left: 240px;\">Eksperte e ODF &#8211; qarku Durr\u00ebs<\/h4>\n<address style=\"padding-left: 240px;\">\u00a0<\/address>\n<\/div>\n<h5 style=\"padding-left: 240px;\"><\/h5>\n<p>\n<\/div><div  class='avia-button-wrap avia-button-right ' ><a href='https:\/\/observator.org.al\/sq\/rreth-nesh\/regana-hysenbelli\/'  class='avia-button  avia-color-theme-color-subtle   avia-icon_select-yes-left-icon avia-size-small avia-position-right '   ><span class='avia_button_icon avia_button_icon_left ' aria-hidden='true' data-av_icon='\ue81f' data-av_iconfont='entypo-fontello'><\/span><span class='avia_iconbox_title' >M\u00eb shum\u00eb<\/span><\/a><\/div><\/div>\n\t<div   class='av_promobox  avia-button-yes   avia-builder-el-8  el_after_av_promobox  el_before_av_promobox '>\t\t<div class='avia-promocontent'><p>\n<img loading=\"lazy\" decoding=\"async\" class=\"size-full wp-image-2826 alignleft\" src=\"http:\/\/observator.org.al\/wp-content\/uploads\/2013\/10\/Staf-Elona_Mustafaraj.jpg\" alt=\"Staf-Elona_Mustafaraj\" width=\"150\" height=\"150\" \/><\/p>\n<div>\n<h3 style=\"padding-left: 240px;\">Elona Mustafaraj<\/h3>\n<h4 style=\"padding-left: 240px;\">Eksperte e ODF &#8211; qarku Elbasan<\/h4>\n<address style=\"padding-left: 240px;\">\u00a0<\/address>\n<h5 style=\"padding-left: 240px;\"><\/h5>\n<\/div>\n<p>\n<\/div><div  class='avia-button-wrap avia-button-right ' ><a href='https:\/\/observator.org.al\/sq\/rreth-nesh\/elona-mustafaraj\/'  class='avia-button  avia-color-theme-color-subtle   avia-icon_select-yes-left-icon avia-size-small avia-position-right '   ><span class='avia_button_icon avia_button_icon_left ' aria-hidden='true' data-av_icon='\ue81f' data-av_iconfont='entypo-fontello'><\/span><span class='avia_iconbox_title' >M\u00eb shum\u00eb<\/span><\/a><\/div><\/div>\n\t<div   class='av_promobox  avia-button-yes   avia-builder-el-9  el_after_av_promobox  el_before_av_promobox '>\t\t<div class='avia-promocontent'><p>\n<img loading=\"lazy\" decoding=\"async\" class=\"size-full wp-image-2826 alignleft\" src=\"http:\/\/observator.org.al\/wp-content\/uploads\/2016\/09\/Staf-Ina_Zallemi.jpg\" alt=\"Staf-Ina_Zallemi\" width=\"150\" height=\"150\" \/><\/p>\n<div>\n<h3 style=\"padding-left: 240px;\">Ina Zallemi<\/h3>\n<h4 style=\"padding-left: 240px;\">Eksperte e ODF &#8211; qarku Kor\u00e7\u00eb<\/h4>\n<address style=\"padding-left: 240px;\">\u00a0<\/address>\n<\/div>\n<h5 style=\"padding-left: 240px;\"><\/h5>\n<p>\n<\/div><div  class='avia-button-wrap avia-button-right ' ><a href='https:\/\/observator.org.al\/sq\/rreth-nesh\/ina-zallemi\/'  class='avia-button  avia-color-theme-color-subtle   avia-icon_select-yes-left-icon avia-size-small avia-position-right '   ><span class='avia_button_icon avia_button_icon_left ' aria-hidden='true' data-av_icon='\ue81f' data-av_iconfont='entypo-fontello'><\/span><span class='avia_iconbox_title' >M\u00eb shum\u00eb<\/span><\/a><\/div><\/div>\n\t<div   class='av_promobox  avia-button-yes   avia-builder-el-10  el_after_av_promobox  el_before_av_promobox '>\t\t<div class='avia-promocontent'><p>\n<img loading=\"lazy\" decoding=\"async\" class=\"size-full wp-image-2823 alignleft\" src=\"http:\/\/observator.org.al\/wp-content\/uploads\/2013\/10\/Staf-Shkelqim_Muca.jpg\" alt=\"Staf-Shkelqim_Muca\" width=\"150\" height=\"150\" srcset=\"https:\/\/observator.org.al\/wp-content\/uploads\/2013\/10\/Staf-Shkelqim_Muca.jpg 150w, https:\/\/observator.org.al\/wp-content\/uploads\/2013\/10\/Staf-Shkelqim_Muca-80x80.jpg 80w, https:\/\/observator.org.al\/wp-content\/uploads\/2013\/10\/Staf-Shkelqim_Muca-36x36.jpg 36w, https:\/\/observator.org.al\/wp-content\/uploads\/2013\/10\/Staf-Shkelqim_Muca-120x120.jpg 120w\" sizes=\"auto, (max-width: 150px) 100vw, 150px\" \/><\/p>\n<div>\n<h3 style=\"padding-left: 240px;\">Shk\u00eblqim Mu\u00e7a<\/h3>\n<h4 style=\"padding-left: 240px;\">Ekspert i ODF &#8211; qarku Kuk\u00ebs<\/h4>\n<address style=\"padding-left: 240px;\">\u00a0<\/address>\n<\/div>\n<h5 style=\"padding-left: 240px;\"><\/h5>\n<p>\n<\/div><div  class='avia-button-wrap avia-button-right ' ><a href='https:\/\/observator.org.al\/sq\/rreth-nesh\/shkelqim-muca\/'  class='avia-button  avia-color-theme-color-subtle   avia-icon_select-yes-left-icon avia-size-small avia-position-right '   ><span class='avia_button_icon avia_button_icon_left ' aria-hidden='true' data-av_icon='\ue81f' data-av_iconfont='entypo-fontello'><\/span><span class='avia_iconbox_title' >M\u00eb shum\u00eb<\/span><\/a><\/div><\/div>\n\t<div   class='av_promobox  avia-button-yes   avia-builder-el-11  el_after_av_promobox  el_before_av_promobox '>\t\t<div class='avia-promocontent'><p>\n<img loading=\"lazy\" decoding=\"async\" class=\"alignleft wp-image-5024 size-full\" src=\"http:\/\/observator.org.al\/wp-content\/uploads\/2013\/10\/staf-marjan-ndoci.jpg\" alt=\"\" width=\"150\" height=\"150\" srcset=\"https:\/\/observator.org.al\/wp-content\/uploads\/2013\/10\/staf-marjan-ndoci.jpg 150w, https:\/\/observator.org.al\/wp-content\/uploads\/2013\/10\/staf-marjan-ndoci-80x80.jpg 80w, https:\/\/observator.org.al\/wp-content\/uploads\/2013\/10\/staf-marjan-ndoci-36x36.jpg 36w, https:\/\/observator.org.al\/wp-content\/uploads\/2013\/10\/staf-marjan-ndoci-120x120.jpg 120w\" sizes=\"auto, (max-width: 150px) 100vw, 150px\" \/><\/p>\n<div>\n<h3 style=\"padding-left: 240px;\">Marjan Ndoci<\/h3>\n<h4 style=\"padding-left: 240px;\">Ekspert i ODF &#8211; qarku Lezh\u00eb<\/h4>\n<address style=\"padding-left: 240px;\">\u00a0<\/address>\n<\/div>\n<h5 style=\"padding-left: 240px;\"><\/h5>\n<p>\n<\/div><div  class='avia-button-wrap avia-button-right ' ><a href='https:\/\/observator.org.al\/sq\/rreth-nesh\/marjan-ndoci\/'  class='avia-button  avia-color-theme-color-subtle   avia-icon_select-yes-left-icon avia-size-small avia-position-right '   ><span class='avia_button_icon avia_button_icon_left ' aria-hidden='true' data-av_icon='\ue81f' data-av_iconfont='entypo-fontello'><\/span><span class='avia_iconbox_title' >M\u00eb shum\u00eb<\/span><\/a><\/div><\/div>\n\t<div   class='av_promobox  avia-button-yes   avia-builder-el-12  el_after_av_promobox  el_before_av_promobox '>\t\t<div class='avia-promocontent'><p>\n<img loading=\"lazy\" decoding=\"async\" class=\"alignleft wp-image-3933 size-full\" src=\"http:\/\/observator.org.al\/wp-content\/uploads\/2013\/10\/Staf-Migena_Vallja.jpg\" alt=\"\" width=\"132\" height=\"207\" \/><\/p>\n<div>\n<h3 style=\"padding-left: 240px;\">Migena Vallja<\/h3>\n<h4 style=\"padding-left: 240px;\">Eksperte e ODF &#8211; qarku Fier<\/h4>\n<address style=\"padding-left: 240px;\">\u00a0<\/address>\n<\/div>\n<p>\n<\/div><div  class='avia-button-wrap avia-button-right ' ><a href='https:\/\/observator.org.al\/sq\/12-qershor-2013-ne-kujtim-te-suzana-sakiqit\/'  class='avia-button  avia-color-theme-color-subtle   avia-icon_select-yes-left-icon avia-size-small avia-position-right '   ><span class='avia_button_icon avia_button_icon_left ' aria-hidden='true' data-av_icon='\ue81f' data-av_iconfont='entypo-fontello'><\/span><span class='avia_iconbox_title' >M\u00eb shum\u00eb<\/span><\/a><\/div><\/div>\n\t<div   class='av_promobox  avia-button-yes   avia-builder-el-13  el_after_av_promobox  el_before_av_promobox '>\t\t<div class='avia-promocontent'><p>\n<img loading=\"lazy\" decoding=\"async\" class=\"size-full wp-image-2821 alignleft\" src=\"http:\/\/observator.org.al\/wp-content\/uploads\/2013\/10\/Staf-Verdi_Shehu.jpg\" alt=\"Staf-Verdi Sehu\" width=\"150\" height=\"150\" \/><\/p>\n<div>\n<h3 style=\"padding-left: 240px;\">Verdi Shehu<\/h3>\n<h4 style=\"padding-left: 240px;\">Ekspert i ODF &#8211; qarku Dib\u00ebr<\/h4>\n<address style=\"padding-left: 240px;\">\u00a0<\/address>\n<\/div>\n<h5 style=\"padding-left: 240px;\"><\/h5>\n<p>\n<\/div><div  class='avia-button-wrap avia-button-right ' ><a href='https:\/\/observator.org.al\/sq\/rreth-nesh\/verdi-shehu\/'  class='avia-button  avia-color-theme-color-subtle   avia-icon_select-yes-left-icon avia-size-small avia-position-right '   ><span class='avia_button_icon avia_button_icon_left ' aria-hidden='true' data-av_icon='\ue81f' data-av_iconfont='entypo-fontello'><\/span><span class='avia_iconbox_title' >M\u00eb shum\u00eb<\/span><\/a><\/div><\/div>\n\t<div   class='av_promobox  avia-button-yes   avia-builder-el-14  el_after_av_promobox  el_before_av_promobox '>\t\t<div class='avia-promocontent'><p>\n<img loading=\"lazy\" decoding=\"async\" class=\"size-full wp-image-2821 alignleft\" src=\"http:\/\/observator.org.al\/wp-content\/uploads\/2016\/08\/lindita-luzo.jpg\" alt=\"Staf-Lindita_Luzo\" width=\"150\" height=\"150\" \/><\/p>\n<div>\n<h3 style=\"padding-left: 240px;\">Lindita Luzo<\/h3>\n<h4 style=\"padding-left: 240px;\">Eksperte e ODF &#8211; qarku Gjirokast\u00ebr<\/h4>\n<address style=\"padding-left: 240px;\">\u00a0<\/address>\n<\/div>\n<h5 style=\"padding-left: 240px;\"><\/h5>\n<p>\n<\/div><div  class='avia-button-wrap avia-button-right ' ><a href='https:\/\/observator.org.al\/sq\/rreth-nesh\/linidta-luzo\/'  class='avia-button  avia-color-theme-color-subtle   avia-icon_select-yes-left-icon avia-size-small avia-position-right '   ><span class='avia_button_icon avia_button_icon_left ' aria-hidden='true' data-av_icon='\ue81f' data-av_iconfont='entypo-fontello'><\/span><span class='avia_iconbox_title' >M\u00eb shum\u00eb<\/span><\/a><\/div><\/div>\n\t<div   class='av_promobox  avia-button-yes   avia-builder-el-15  el_after_av_promobox  avia-builder-el-last '>\t\t<div class='avia-promocontent'><p>\n<img loading=\"lazy\" decoding=\"async\" class=\"wp-image-5799 alignleft\" src=\"http:\/\/observator.org.al\/wp-content\/uploads\/2018\/07\/ttt-298x380.jpg\" alt=\"\" width=\"140\" height=\"178\" srcset=\"https:\/\/observator.org.al\/wp-content\/uploads\/2018\/07\/ttt-298x380.jpg 298w, https:\/\/observator.org.al\/wp-content\/uploads\/2018\/07\/ttt.jpg 303w\" sizes=\"auto, (max-width: 140px) 100vw, 140px\" \/><\/p>\n<div>\n<h3 style=\"padding-left: 240px;\">Albana Kastrati<\/h3>\n<h4 style=\"padding-left: 240px;\">Eksperte e ODF &#8211; qarku Shkod\u00ebr<\/h4>\n<address style=\"padding-left: 240px;\">\u00a0<\/address>\n<\/div>\n<h5 style=\"padding-left: 240px;\"><\/h5>\n<p>\n<\/div><div  class='avia-button-wrap avia-button-right ' ><a href='https:\/\/observator.org.al\/sq\/rreth-nesh\/albana-kastrati\/'  class='avia-button  avia-color-theme-color-subtle   avia-icon_select-yes-left-icon avia-size-small avia-position-right '   ><span class='avia_button_icon avia_button_icon_left ' aria-hidden='true' data-av_icon='\ue81f' data-av_iconfont='entypo-fontello'><\/span><span class='avia_iconbox_title' >M\u00eb shum\u00eb<\/span><\/a><\/div><\/div>\n","protected":false},"excerpt":{"rendered":"","protected":false},"author":2,"featured_media":0,"parent":0,"menu_order":0,"comment_status":"closed","ping_status":"closed","template":"","meta":{"_mc_calendar":[],"footnotes":""},"class_list":["post-2557","page","type-page","status-publish","hentry"],"_links":{"self":[{"href":"https:\/\/observator.org.al\/sq\/wp-json\/wp\/v2\/pages\/2557","targetHints":{"allow":["GET"]}}],"collection":[{"href":"https:\/\/observator.org.al\/sq\/wp-json\/wp\/v2\/pages"}],"about":[{"href":"https:\/\/observator.org.al\/sq\/wp-json\/wp\/v2\/types\/page"}],"author":[{"embeddable":true,"href":"https:\/\/observator.org.al\/sq\/wp-json\/wp\/v2\/users\/2"}],"replies":[{"embeddable":true,"href":"https:\/\/observator.org.al\/sq\/wp-json\/wp\/v2\/comments?post=2557"}],"version-history":[{"count":93,"href":"https:\/\/observator.org.al\/sq\/wp-json\/wp\/v2\/pages\/2557\/revisions"}],"predecessor-version":[{"id":7314,"href":"https:\/\/observator.org.al\/sq\/wp-json\/wp\/v2\/pages\/2557\/revisions\/7314"}],"wp:attachment":[{"href":"https:\/\/observator.org.al\/sq\/wp-json\/wp\/v2\/media?parent=2557"}],"curies":[{"name":"wp","href":"https:\/\/api.w.org\/{rel}","templated":true}]}}