{"id":2532,"date":"2013-09-15T16:15:53","date_gmt":"2013-09-15T14:15:53","guid":{"rendered":"http:\/\/observator.org.al\/?page_id=2532"},"modified":"2014-01-21T23:35:44","modified_gmt":"2014-01-21T22:35:44","slug":"korce-2","status":"publish","type":"page","link":"https:\/\/observator.org.al\/sq\/observatoret\/korce-2\/","title":{"rendered":"Kor\u00e7\u00eb"},"content":{"rendered":"<div class=\"flex_column av_one_full  flex_column_div first  avia-builder-el-0  avia-builder-el-no-sibling  \" ><p><section class=\"av_textblock_section \"  itemscope=\"itemscope\" itemtype=\"https:\/\/schema.org\/CreativeWork\" ><div class='avia_textblock  '   itemprop=\"text\" ><div class=\"tpg-get-posts\" ><div class=\"tpg-get-posts-post\" ><div class=\"tpg-title-class\"><h2><a href=\"https:\/\/observator.org.al\/sq\/thirrje-per-shprehje-interesi-lehtesues-aktiviteti\/\" >Thirrje p\u00ebr shprehje interesi- Lehtesues aktiviteti<\/a><\/h2><\/div><div  class=\"tpg-byline-class\">By Observatori i te drejtave te femijeve  on 20 Tetor, 2022<\/div><div class=\"tpg-content-class\"><a href=\"https:\/\/observator.org.al\/sq\/thirrje-per-shprehje-interesi-lehtesues-aktiviteti\/\"><\/p>\n<div class=\"tpg-thumbnail-class\"><\/div>\n<p><\/a><\/p>\n<p style=\"text-align: right;\">Tiran\u00eb, m\u00eb 20 Tetor 2022<\/p>\n<p>&nbsp;<\/p>\n<p>\u201cObservatori p\u00ebr t\u00eb Drejtat e F\u00ebmij\u00ebve dhe t\u00eb Rinjve\u201d,\u00a0n\u00eb kuad\u00ebr t\u00eb zbatimit t\u00eb projektit \u201cMonitoring and reporting on children rights for better policy options\u201d t\u00eb zbatuar n\u00eb partneritet me UNICEF n\u00eb Shqip\u00ebri \u00ebsht\u00eb i interesuar t\u00eb p\u00ebrfitoj\u00eb sh\u00ebrbim &#8230; <a href=\"https:\/\/observator.org.al\/sq\/thirrje-per-shprehje-interesi-lehtesues-aktiviteti\/\" class=\"more-link\">Lexoni m\u00eb shum\u00eb<\/a><\/div>\n<div class=\"tpg-metadata-class\"><span>Komentet <span class=\"screen-reader-text\"> te Thirrje p\u00ebr shprehje interesi- Lehtesues aktiviteti<\/span> Jan\u00eb t\u00eb Mbyllura<\/span>&nbsp;&nbsp;|&nbsp;&nbsp;Filed under: <a href=\"https:\/\/observator.org.al\/sq\/category\/korca\/\" title=\"View all posts in Kor\u00e7\u00eb\">Kor\u00e7\u00eb<\/a>, <a href=\"https:\/\/observator.org.al\/sq\/category\/lajme\/\" title=\"View all posts in Lajme\">Lajme<\/a>, <a href=\"https:\/\/observator.org.al\/sq\/category\/tepergjithshme\/\" title=\"View all posts in Te pergjithshme\">Te pergjithshme<\/a>, <a href=\"https:\/\/observator.org.al\/sq\/category\/tirana\/\" title=\"View all posts in Tiran\u00eb\">Tiran\u00eb<\/a>&nbsp;&nbsp;|&nbsp;&nbsp;<b>Tags:<\/b> No Tag<\/div><\/div><div class=\"tpg-get-posts-post\" ><div class=\"tpg-title-class\"><h2><a href=\"https:\/\/observator.org.al\/sq\/thirrje-per-shprehje-interesi-trajner\/\" >Thirrje p\u00ebr shprehje interesi- Trajner<\/a><\/h2><\/div><div  class=\"tpg-byline-class\">By Observatori i te drejtave te femijeve  on 20 Tetor, 2022<\/div><div class=\"tpg-content-class\"><a href=\"https:\/\/observator.org.al\/sq\/thirrje-per-shprehje-interesi-trajner\/\"><\/p>\n<div class=\"tpg-thumbnail-class\"><\/div>\n<p><\/a><\/p>\n<p style=\"text-align: right;\">Tiran\u00eb, m\u00eb 20 Tetor 2022<\/p>\n<p>&nbsp;<\/p>\n<p>\u201cObservatori p\u00ebr t\u00eb Drejtat e F\u00ebmij\u00ebve dhe t\u00eb Rinjve\u201d,\u00a0n\u00eb kuad\u00ebr t\u00eb zbatimit t\u00eb projektit \u201cMonitoring and reporting on children rights for better policy options\u201d t\u00eb zbatuar n\u00eb partneritet me UNICEF n\u00eb Shqip\u00ebri \u00ebsht\u00eb i interesuar t\u00eb p\u00ebrfitoj\u00eb sh\u00ebrbim &#8230; <a href=\"https:\/\/observator.org.al\/sq\/thirrje-per-shprehje-interesi-trajner\/\" class=\"more-link\">Lexoni m\u00eb shum\u00eb<\/a><\/div>\n<div class=\"tpg-metadata-class\"><span>Komentet <span class=\"screen-reader-text\"> te Thirrje p\u00ebr shprehje interesi- Trajner<\/span> Jan\u00eb t\u00eb Mbyllura<\/span>&nbsp;&nbsp;|&nbsp;&nbsp;Filed under: <a href=\"https:\/\/observator.org.al\/sq\/category\/korca\/\" title=\"View all posts in Kor\u00e7\u00eb\">Kor\u00e7\u00eb<\/a>, <a href=\"https:\/\/observator.org.al\/sq\/category\/lajme\/\" title=\"View all posts in Lajme\">Lajme<\/a>, <a href=\"https:\/\/observator.org.al\/sq\/category\/tepergjithshme\/\" title=\"View all posts in Te pergjithshme\">Te pergjithshme<\/a>, <a href=\"https:\/\/observator.org.al\/sq\/category\/tirana\/\" title=\"View all posts in Tiran\u00eb\">Tiran\u00eb<\/a>&nbsp;&nbsp;|&nbsp;&nbsp;<b>Tags:<\/b> No Tag<\/div><\/div><div class=\"tpg-get-posts-post\" ><div class=\"tpg-title-class\"><h2><a href=\"https:\/\/observator.org.al\/sq\/shkollat-si-kundershtare-te-vijes-se-pare-te-ekstremizmit-te-dhunshem\/\" >\u201cShkollat si kund\u00ebrshtare t\u00eb vij\u00ebs s\u00eb par\u00eb t\u00eb ekstremizmit t\u00eb dhunsh\u00ebm\u201d<\/a><\/h2><\/div><div  class=\"tpg-byline-class\">By Observatori i te drejtave te femijeve  on 19 Janar, 2019<\/div><div class=\"tpg-content-class\"><a href=\"https:\/\/observator.org.al\/sq\/shkollat-si-kundershtare-te-vijes-se-pare-te-ekstremizmit-te-dhunshem\/\"><\/p>\n<div class=\"tpg-thumbnail-class\"><\/div>\n<p><\/a> &#8230; <a href=\"https:\/\/observator.org.al\/sq\/shkollat-si-kundershtare-te-vijes-se-pare-te-ekstremizmit-te-dhunshem\/\" class=\"more-link\">Lexoni m\u00eb shum\u00eb<\/a><\/div>\n<div class=\"tpg-metadata-class\"><span>Komentet <span class=\"screen-reader-text\"> te \u201cShkollat si kund\u00ebrshtare t\u00eb vij\u00ebs s\u00eb par\u00eb t\u00eb ekstremizmit t\u00eb dhunsh\u00ebm\u201d<\/span> Jan\u00eb t\u00eb Mbyllura<\/span>&nbsp;&nbsp;|&nbsp;&nbsp;Filed under: <a href=\"https:\/\/observator.org.al\/sq\/category\/elbasani\/\" title=\"View all posts in Elbasan\">Elbasan<\/a>, <a href=\"https:\/\/observator.org.al\/sq\/category\/korca\/\" title=\"View all posts in Kor\u00e7\u00eb\">Kor\u00e7\u00eb<\/a>, <a href=\"https:\/\/observator.org.al\/sq\/category\/tepergjithshme\/\" title=\"View all posts in Te pergjithshme\">Te pergjithshme<\/a>, <a href=\"https:\/\/observator.org.al\/sq\/category\/tirana\/\" title=\"View all posts in Tiran\u00eb\">Tiran\u00eb<\/a>&nbsp;&nbsp;|&nbsp;&nbsp;<b>Tags:<\/b> No Tag<\/div><\/div><div class=\"tpg-get-posts-post\" ><div class=\"tpg-title-class\"><h2><a href=\"https:\/\/observator.org.al\/sq\/fact-sheet-nga-anketimi-me-te-rinjte-e-korces\/\" >Fact Sheet nga anketimi me t\u00eb rinjt\u00eb e Kor\u00e7\u00ebs<\/a><\/h2><\/div><div  class=\"tpg-byline-class\">By Observatori i te drejtave te femijeve  on 19 Tetor, 2018<\/div><div class=\"tpg-content-class\"><a href=\"https:\/\/observator.org.al\/sq\/fact-sheet-nga-anketimi-me-te-rinjte-e-korces\/\"><\/p>\n<div class=\"tpg-thumbnail-class\"><\/div>\n<p><\/a> &#8230; <a href=\"https:\/\/observator.org.al\/sq\/fact-sheet-nga-anketimi-me-te-rinjte-e-korces\/\" class=\"more-link\">Lexoni m\u00eb shum\u00eb<\/a><\/div>\n<div class=\"tpg-metadata-class\"><span>Komentet <span class=\"screen-reader-text\"> te Fact Sheet nga anketimi me t\u00eb rinjt\u00eb e Kor\u00e7\u00ebs<\/span> Jan\u00eb t\u00eb Mbyllura<\/span>&nbsp;&nbsp;|&nbsp;&nbsp;Filed under: <a href=\"https:\/\/observator.org.al\/sq\/category\/korca\/\" title=\"View all posts in Kor\u00e7\u00eb\">Kor\u00e7\u00eb<\/a>, <a href=\"https:\/\/observator.org.al\/sq\/category\/tepergjithshme\/\" title=\"View all posts in Te pergjithshme\">Te pergjithshme<\/a>&nbsp;&nbsp;|&nbsp;&nbsp;<b>Tags:<\/b> No Tag<\/div><\/div><div class=\"tpg-get-posts-post\" ><div class=\"tpg-title-class\"><h2><a href=\"https:\/\/observator.org.al\/sq\/martesa-e-femijeve-njohurite-qendrimet-dhe-perceptimet-nder-komunitetet-e-prekura-ne-shqiperi\/\" >\u201cMartesa e f\u00ebmij\u00ebve: Njohurit\u00eb, qendrimet dhe perceptimet nd\u00ebr komunitetet e prekura n\u00eb Shqip\u00ebri\u201d<\/a><\/h2><\/div><div  class=\"tpg-byline-class\">By Observatori i te drejtave te femijeve  on 19 Tetor, 2018<\/div><div class=\"tpg-content-class\"><a href=\"https:\/\/observator.org.al\/sq\/martesa-e-femijeve-njohurite-qendrimet-dhe-perceptimet-nder-komunitetet-e-prekura-ne-shqiperi\/\"><\/p>\n<div class=\"tpg-thumbnail-class\"><\/div>\n<p><\/a> &#8230; <a href=\"https:\/\/observator.org.al\/sq\/martesa-e-femijeve-njohurite-qendrimet-dhe-perceptimet-nder-komunitetet-e-prekura-ne-shqiperi\/\" class=\"more-link\">Lexoni m\u00eb shum\u00eb<\/a><\/div>\n<div class=\"tpg-metadata-class\"><span>Komentet <span class=\"screen-reader-text\"> te \u201cMartesa e f\u00ebmij\u00ebve: Njohurit\u00eb, qendrimet dhe perceptimet nd\u00ebr komunitetet e prekura n\u00eb Shqip\u00ebri\u201d<\/span> Jan\u00eb t\u00eb Mbyllura<\/span>&nbsp;&nbsp;|&nbsp;&nbsp;Filed under: <a href=\"https:\/\/observator.org.al\/sq\/category\/durresi\/\" title=\"View all posts in Durr\u00ebs\">Durr\u00ebs<\/a>, <a href=\"https:\/\/observator.org.al\/sq\/category\/korca\/\" title=\"View all posts in Kor\u00e7\u00eb\">Kor\u00e7\u00eb<\/a>, <a href=\"https:\/\/observator.org.al\/sq\/category\/lezha\/\" title=\"View all posts in Lezh\u00eb\">Lezh\u00eb<\/a>, <a href=\"https:\/\/observator.org.al\/sq\/category\/tepergjithshme\/\" title=\"View all posts in Te pergjithshme\">Te pergjithshme<\/a>, <a href=\"https:\/\/observator.org.al\/sq\/category\/tirana\/\" title=\"View all posts in Tiran\u00eb\">Tiran\u00eb<\/a>&nbsp;&nbsp;|&nbsp;&nbsp;<b>Tags:<\/b> No Tag<\/div><\/div><\/div><!-- #tpg-get-posts -->\n<\/div><\/section><br \/>\n<div  style='padding-bottom:10px; ' class='av-special-heading av-special-heading-h3    avia-builder-el-2  el_after_av_textblock  el_before_av_textblock  '><h3 class='av-special-heading-tag '  itemprop=\"headline\"  >Flet\u00ebpalosje p\u00ebr qytetin e Kor\u00e7\u00ebs<\/h3><div class='special-heading-border'><div class='special-heading-inner-border' ><\/div><\/div><\/div><br \/>\n<section class=\"av_textblock_section \"  itemscope=\"itemscope\" itemtype=\"https:\/\/schema.org\/CreativeWork\" ><div class='avia_textblock  '   itemprop=\"text\" ><p>[book id=&#8217;9&#8242; \/]<\/p>\n<\/div><\/section><\/p><\/div>\n","protected":false},"excerpt":{"rendered":"","protected":false},"author":2,"featured_media":0,"parent":2554,"menu_order":0,"comment_status":"closed","ping_status":"closed","template":"","meta":{"_mc_calendar":[],"footnotes":""},"class_list":["post-2532","page","type-page","status-publish","hentry"],"_links":{"self":[{"href":"https:\/\/observator.org.al\/sq\/wp-json\/wp\/v2\/pages\/2532","targetHints":{"allow":["GET"]}}],"collection":[{"href":"https:\/\/observator.org.al\/sq\/wp-json\/wp\/v2\/pages"}],"about":[{"href":"https:\/\/observator.org.al\/sq\/wp-json\/wp\/v2\/types\/page"}],"author":[{"embeddable":true,"href":"https:\/\/observator.org.al\/sq\/wp-json\/wp\/v2\/users\/2"}],"replies":[{"embeddable":true,"href":"https:\/\/observator.org.al\/sq\/wp-json\/wp\/v2\/comments?post=2532"}],"version-history":[{"count":4,"href":"https:\/\/observator.org.al\/sq\/wp-json\/wp\/v2\/pages\/2532\/revisions"}],"predecessor-version":[{"id":3279,"href":"https:\/\/observator.org.al\/sq\/wp-json\/wp\/v2\/pages\/2532\/revisions\/3279"}],"up":[{"embeddable":true,"href":"https:\/\/observator.org.al\/sq\/wp-json\/wp\/v2\/pages\/2554"}],"wp:attachment":[{"href":"https:\/\/observator.org.al\/sq\/wp-json\/wp\/v2\/media?parent=2532"}],"curies":[{"name":"wp","href":"https:\/\/api.w.org\/{rel}","templated":true}]}}