{"id":2527,"date":"2013-09-15T16:13:13","date_gmt":"2013-09-15T14:13:13","guid":{"rendered":"http:\/\/observator.org.al\/?page_id=2527"},"modified":"2014-01-21T23:33:20","modified_gmt":"2014-01-21T22:33:20","slug":"gjirokaster","status":"publish","type":"page","link":"https:\/\/observator.org.al\/sq\/observatoret\/gjirokaster\/","title":{"rendered":"Gjirokast\u00ebr"},"content":{"rendered":"<div class=\"flex_column av_one_full  flex_column_div first  avia-builder-el-0  avia-builder-el-no-sibling  \" ><p><section class=\"av_textblock_section \"  itemscope=\"itemscope\" itemtype=\"https:\/\/schema.org\/CreativeWork\" ><div class='avia_textblock  '   itemprop=\"text\" ><div class=\"tpg-get-posts\" ><div class=\"tpg-get-posts-post\" ><div class=\"tpg-title-class\"><h2><a href=\"https:\/\/observator.org.al\/sq\/fact-sheet-nga-anketimi-me-te-rinjte-e-permetit\/\" >Fact Sheet nga anketimi me t\u00eb rinjt\u00eb e P\u00ebrmetit<\/a><\/h2><\/div><div  class=\"tpg-byline-class\">By Observatori i te drejtave te femijeve  on 19 Dhjetor, 2018<\/div><div class=\"tpg-content-class\"><a href=\"https:\/\/observator.org.al\/sq\/fact-sheet-nga-anketimi-me-te-rinjte-e-permetit\/\"><\/p>\n<div class=\"tpg-thumbnail-class\"><\/div>\n<p><\/a> &#8230; <a href=\"https:\/\/observator.org.al\/sq\/fact-sheet-nga-anketimi-me-te-rinjte-e-permetit\/\" class=\"more-link\">Lexoni m\u00eb shum\u00eb<\/a><\/div>\n<div class=\"tpg-metadata-class\"><span>Komentet <span class=\"screen-reader-text\"> te Fact Sheet nga anketimi me t\u00eb rinjt\u00eb e P\u00ebrmetit<\/span> Jan\u00eb t\u00eb Mbyllura<\/span>&nbsp;&nbsp;|&nbsp;&nbsp;Filed under: <a href=\"https:\/\/observator.org.al\/sq\/category\/gjirokastra\/\" title=\"View all posts in Gjirokaster\">Gjirokaster<\/a>, <a href=\"https:\/\/observator.org.al\/sq\/category\/tepergjithshme\/\" title=\"View all posts in Te pergjithshme\">Te pergjithshme<\/a>&nbsp;&nbsp;|&nbsp;&nbsp;<b>Tags:<\/b> No Tag<\/div><\/div><div class=\"tpg-get-posts-post\" ><div class=\"tpg-title-class\"><h2><a href=\"https:\/\/observator.org.al\/sq\/njoftimi-weber\/\" >WeBER<\/a><\/h2><\/div><div  class=\"tpg-byline-class\">By Emiliano Dervishi  on 13 Korrik, 2017<\/div><div class=\"tpg-content-class\"><a href=\"https:\/\/observator.org.al\/sq\/njoftimi-weber\/\"><\/p>\n<div class=\"tpg-thumbnail-class\"><\/div>\n<p><\/a><img loading=\"lazy\" decoding=\"async\" class=\"alignnone wp-image-5565\" src=\"http:\/\/observator.org.al\/wp-content\/uploads\/2017\/07\/obs-e1500398338679-380x131.jpg\" alt=\"\" width=\"290\" height=\"100\" srcset=\"https:\/\/observator.org.al\/wp-content\/uploads\/2017\/07\/obs-e1500398338679-380x131.jpg 380w, https:\/\/observator.org.al\/wp-content\/uploads\/2017\/07\/obs-e1500398338679-705x242.jpg 705w, https:\/\/observator.org.al\/wp-content\/uploads\/2017\/07\/obs-e1500398338679-450x155.jpg 450w, https:\/\/observator.org.al\/wp-content\/uploads\/2017\/07\/obs-e1500398338679.jpg 707w\" sizes=\"auto, (max-width: 290px) 100vw, 290px\" \/><img loading=\"lazy\" decoding=\"async\" class=\"alignnone wp-image-5566\" src=\"http:\/\/observator.org.al\/wp-content\/uploads\/2017\/07\/obs1-380x374.jpg\" alt=\"\" width=\"90\" height=\"89\" srcset=\"https:\/\/observator.org.al\/wp-content\/uploads\/2017\/07\/obs1-380x374.jpg 380w, https:\/\/observator.org.al\/wp-content\/uploads\/2017\/07\/obs1-80x80.jpg 80w, https:\/\/observator.org.al\/wp-content\/uploads\/2017\/07\/obs1-36x36.jpg 36w, https:\/\/observator.org.al\/wp-content\/uploads\/2017\/07\/obs1-180x180.jpg 180w, https:\/\/observator.org.al\/wp-content\/uploads\/2017\/07\/obs1-120x120.jpg 120w, https:\/\/observator.org.al\/wp-content\/uploads\/2017\/07\/obs1-450x443.jpg 450w, https:\/\/observator.org.al\/wp-content\/uploads\/2017\/07\/obs1.jpg 492w\" sizes=\"auto, (max-width: 90px) 100vw, 90px\" \/><img class=\"alignnone size-full wp-image-5591\" ... <a href=\"https:\/\/observator.org.al\/sq\/njoftimi-weber\/\" class=\"more-link\"\/>Lexoni m\u00eb shum\u00eb<\/div>\n<div class=\"tpg-metadata-class\"><span>Komentet <span class=\"screen-reader-text\"> te WeBER<\/span> Jan\u00eb t\u00eb Mbyllura<\/span>&nbsp;&nbsp;|&nbsp;&nbsp;Filed under: <a href=\"https:\/\/observator.org.al\/sq\/category\/berati\/\" title=\"View all posts in Berat\">Berat<\/a>, <a href=\"https:\/\/observator.org.al\/sq\/category\/dibra\/\" title=\"View all posts in Dib\u00ebr\">Dib\u00ebr<\/a>, <a href=\"https:\/\/observator.org.al\/sq\/category\/durresi\/\" title=\"View all posts in Durr\u00ebs\">Durr\u00ebs<\/a>, <a href=\"https:\/\/observator.org.al\/sq\/category\/elbasani\/\" title=\"View all posts in Elbasan\">Elbasan<\/a>, <a href=\"https:\/\/observator.org.al\/sq\/category\/fieri\/\" title=\"View all posts in Fier\">Fier<\/a>, <a href=\"https:\/\/observator.org.al\/sq\/category\/gjirokastra\/\" title=\"View all posts in Gjirokaster\">Gjirokaster<\/a>, <a href=\"https:\/\/observator.org.al\/sq\/category\/korca\/\" title=\"View all posts in Kor\u00e7\u00eb\">Kor\u00e7\u00eb<\/a>, <a href=\"https:\/\/observator.org.al\/sq\/category\/kukesi\/\" title=\"View all posts in Kuk\u00ebs\">Kuk\u00ebs<\/a>, <a href=\"https:\/\/observator.org.al\/sq\/category\/lajme\/\" title=\"View all posts in Lajme\">Lajme<\/a>, <a href=\"https:\/\/observator.org.al\/sq\/category\/lezha\/\" title=\"View all posts in Lezh\u00eb\">Lezh\u00eb<\/a>, <a href=\"https:\/\/observator.org.al\/sq\/category\/shkodra\/\" title=\"View all posts in Shkod\u00ebr\">Shkod\u00ebr<\/a>, <a href=\"https:\/\/observator.org.al\/sq\/category\/tepergjithshme\/\" title=\"View all posts in Te pergjithshme\">Te pergjithshme<\/a>, <a href=\"https:\/\/observator.org.al\/sq\/category\/tirana\/\" title=\"View all posts in Tiran\u00eb\">Tiran\u00eb<\/a>, <a href=\"https:\/\/observator.org.al\/sq\/category\/vlora\/\" title=\"View all posts in Vlor\u00eb\">Vlor\u00eb<\/a>&nbsp;&nbsp;|&nbsp;&nbsp;<b>Tags:<\/b> No Tag<\/div><\/div><div class=\"tpg-get-posts-post\" ><div class=\"tpg-title-class\"><h2><a href=\"https:\/\/observator.org.al\/sq\/regjistrimi-i-nxenesve-ne-klasen-e-pare\/\" >Regjistrimi i nx\u00ebn\u00ebsve n\u00eb klas\u00ebn e par\u00eb<\/a><\/h2><\/div><div  class=\"tpg-byline-class\">By Observatori i te drejtave te femijeve  on 27 Qershor, 2017<\/div><div class=\"tpg-content-class\"><a href=\"https:\/\/observator.org.al\/sq\/regjistrimi-i-nxenesve-ne-klasen-e-pare\/\"><\/p>\n<div class=\"tpg-thumbnail-class\"><\/div>\n<p><\/a><strong>Regjistrimi <\/strong><strong>i nx\u00ebn\u00ebsve n\u00eb klas\u00ebn e par\u00eb <\/strong><strong>b\u00ebhet n\u00eb p\u00ebrputhje me nenin 13 t\u00eb Kreut IV <em>\u201cArsimi baz\u00eb\u201d<\/em> i Dispozitave Normative p\u00ebr sistemin arsimor parauniversitar, 2013.<\/strong><\/p>\n<p><strong>Procedurat e regjistrimit t\u00eb nx\u00ebn\u00ebsve n\u00eb klas\u00ebn e par\u00eb<\/strong><\/p>\n<ol>\n<li>Regjistrimi i &#8230; <a href=\"https:\/\/observator.org.al\/sq\/regjistrimi-i-nxenesve-ne-klasen-e-pare\/\" class=\"more-link\">Lexoni m\u00eb shum\u00eb<\/a><\/li>\n<\/ol>\n<\/div>\n<div class=\"tpg-metadata-class\"><span>Komentet <span class=\"screen-reader-text\"> te Regjistrimi i nx\u00ebn\u00ebsve n\u00eb klas\u00ebn e par\u00eb<\/span> Jan\u00eb t\u00eb Mbyllura<\/span>&nbsp;&nbsp;|&nbsp;&nbsp;Filed under: <a href=\"https:\/\/observator.org.al\/sq\/category\/berati\/\" title=\"View all posts in Berat\">Berat<\/a>, <a href=\"https:\/\/observator.org.al\/sq\/category\/dibra\/\" title=\"View all posts in Dib\u00ebr\">Dib\u00ebr<\/a>, <a href=\"https:\/\/observator.org.al\/sq\/category\/durresi\/\" title=\"View all posts in Durr\u00ebs\">Durr\u00ebs<\/a>, <a href=\"https:\/\/observator.org.al\/sq\/category\/elbasani\/\" title=\"View all posts in Elbasan\">Elbasan<\/a>, <a href=\"https:\/\/observator.org.al\/sq\/category\/fieri\/\" title=\"View all posts in Fier\">Fier<\/a>, <a href=\"https:\/\/observator.org.al\/sq\/category\/gjirokastra\/\" title=\"View all posts in Gjirokaster\">Gjirokaster<\/a>, <a href=\"https:\/\/observator.org.al\/sq\/category\/korca\/\" title=\"View all posts in Kor\u00e7\u00eb\">Kor\u00e7\u00eb<\/a>, <a href=\"https:\/\/observator.org.al\/sq\/category\/kukesi\/\" title=\"View all posts in Kuk\u00ebs\">Kuk\u00ebs<\/a>, <a href=\"https:\/\/observator.org.al\/sq\/category\/lajme\/\" title=\"View all posts in Lajme\">Lajme<\/a>, <a href=\"https:\/\/observator.org.al\/sq\/category\/lezha\/\" title=\"View all posts in Lezh\u00eb\">Lezh\u00eb<\/a>, <a href=\"https:\/\/observator.org.al\/sq\/category\/shkodra\/\" title=\"View all posts in Shkod\u00ebr\">Shkod\u00ebr<\/a>, <a href=\"https:\/\/observator.org.al\/sq\/category\/tepergjithshme\/\" title=\"View all posts in Te pergjithshme\">Te pergjithshme<\/a>, <a href=\"https:\/\/observator.org.al\/sq\/category\/tirana\/\" title=\"View all posts in Tiran\u00eb\">Tiran\u00eb<\/a>, <a href=\"https:\/\/observator.org.al\/sq\/category\/vlora\/\" title=\"View all posts in Vlor\u00eb\">Vlor\u00eb<\/a>&nbsp;&nbsp;|&nbsp;&nbsp;<b>Tags:<\/b> No Tag<\/div><\/div><div class=\"tpg-get-posts-post\" ><div class=\"tpg-title-class\"><h2><a href=\"https:\/\/observator.org.al\/sq\/ne-pritje-te-1-qershorit-2017-unembrojfemijetinvestojmeperfemijet\/\" >N\u00eb pritje t\u00eb 1 Qershorit 2017\u2026. #UneMbrojfemijet#InvestojmePerFemijet<\/a><\/h2><\/div><div  class=\"tpg-byline-class\">By Observatori i te drejtave te femijeve  on 18 Maj, 2017<\/div><div class=\"tpg-content-class\"><a href=\"https:\/\/observator.org.al\/sq\/ne-pritje-te-1-qershorit-2017-unembrojfemijetinvestojmeperfemijet\/\"><\/p>\n<div class=\"tpg-thumbnail-class\"><\/div>\n<p><\/a><\/p>\n<div id=\"id_591d7cbd635e23f65192535\" class=\"text_exposed_root text_exposed\">N\u00eb pritje t\u00eb 1 Qershorit 2017\u2026. <a class=\"_58cn\" href=\"https:\/\/www.facebook.com\/hashtag\/unembrojfemijet\" data-ft=\"{&quot;tn&quot;:&quot;*N&quot;,&quot;type&quot;:104}\">#UneMbrojfemijet<\/a><a class=\"_58cn\" href=\"https:\/\/www.facebook.com\/hashtag\/investojmeperfemijet\" ... <a href=\"https:\/\/observator.org.al\/sq\/ne-pritje-te-1-qershorit-2017-unembrojfemijetinvestojmeperfemijet\/\" class=\"more-link\">Lexoni m\u00eb shum\u00eb<\/a><\/div>\n<\/div>\n<div class=\"tpg-metadata-class\"><span>Komentet <span class=\"screen-reader-text\"> te N\u00eb pritje t\u00eb 1 Qershorit 2017\u2026. #UneMbrojfemijet#InvestojmePerFemijet<\/span> Jan\u00eb t\u00eb Mbyllura<\/span>&nbsp;&nbsp;|&nbsp;&nbsp;Filed under: <a href=\"https:\/\/observator.org.al\/sq\/category\/berati\/\" title=\"View all posts in Berat\">Berat<\/a>, <a href=\"https:\/\/observator.org.al\/sq\/category\/dibra\/\" title=\"View all posts in Dib\u00ebr\">Dib\u00ebr<\/a>, <a href=\"https:\/\/observator.org.al\/sq\/category\/durresi\/\" title=\"View all posts in Durr\u00ebs\">Durr\u00ebs<\/a>, <a href=\"https:\/\/observator.org.al\/sq\/category\/elbasani\/\" title=\"View all posts in Elbasan\">Elbasan<\/a>, <a href=\"https:\/\/observator.org.al\/sq\/category\/fieri\/\" title=\"View all posts in Fier\">Fier<\/a>, <a href=\"https:\/\/observator.org.al\/sq\/category\/gjirokastra\/\" title=\"View all posts in Gjirokaster\">Gjirokaster<\/a>, <a href=\"https:\/\/observator.org.al\/sq\/category\/korca\/\" title=\"View all posts in Kor\u00e7\u00eb\">Kor\u00e7\u00eb<\/a>, <a href=\"https:\/\/observator.org.al\/sq\/category\/kukesi\/\" title=\"View all posts in Kuk\u00ebs\">Kuk\u00ebs<\/a>, <a href=\"https:\/\/observator.org.al\/sq\/category\/lajme\/\" title=\"View all posts in Lajme\">Lajme<\/a>, <a href=\"https:\/\/observator.org.al\/sq\/category\/lezha\/\" title=\"View all posts in Lezh\u00eb\">Lezh\u00eb<\/a>, <a href=\"https:\/\/observator.org.al\/sq\/category\/shkodra\/\" title=\"View all posts in Shkod\u00ebr\">Shkod\u00ebr<\/a>, <a href=\"https:\/\/observator.org.al\/sq\/category\/tepergjithshme\/\" title=\"View all posts in Te pergjithshme\">Te pergjithshme<\/a>, <a href=\"https:\/\/observator.org.al\/sq\/category\/tirana\/\" title=\"View all posts in Tiran\u00eb\">Tiran\u00eb<\/a>, <a href=\"https:\/\/observator.org.al\/sq\/category\/vlora\/\" title=\"View all posts in Vlor\u00eb\">Vlor\u00eb<\/a>&nbsp;&nbsp;|&nbsp;&nbsp;<b>Tags:<\/b> No Tag<\/div><\/div><div class=\"tpg-get-posts-post\" ><div class=\"tpg-title-class\"><h2><a href=\"https:\/\/observator.org.al\/sq\/fact-sheet-mbi-situaten-e-te-drejtave-te-femijeve-gjirokaster\/\" >Fact Sheet mbi situat\u00ebn e t\u00eb drejtave t\u00eb f\u00ebmij\u00ebve, Gjirokast\u00ebr<\/a><\/h2><\/div><div  class=\"tpg-byline-class\">By Observatori i te drejtave te femijeve  on 19 Shkurt, 2017<\/div><div class=\"tpg-content-class\"><a href=\"https:\/\/observator.org.al\/sq\/fact-sheet-mbi-situaten-e-te-drejtave-te-femijeve-gjirokaster\/\"><\/p>\n<div class=\"tpg-thumbnail-class\"><\/div>\n<p><\/a> &#8230; <a href=\"https:\/\/observator.org.al\/sq\/fact-sheet-mbi-situaten-e-te-drejtave-te-femijeve-gjirokaster\/\" class=\"more-link\">Lexoni m\u00eb shum\u00eb<\/a><\/div>\n<div class=\"tpg-metadata-class\"><span>Komentet <span class=\"screen-reader-text\"> te Fact Sheet mbi situat\u00ebn e t\u00eb drejtave t\u00eb f\u00ebmij\u00ebve, Gjirokast\u00ebr<\/span> Jan\u00eb t\u00eb Mbyllura<\/span>&nbsp;&nbsp;|&nbsp;&nbsp;Filed under: <a href=\"https:\/\/observator.org.al\/sq\/category\/gjirokastra\/\" title=\"View all posts in Gjirokaster\">Gjirokaster<\/a>, <a href=\"https:\/\/observator.org.al\/sq\/category\/tepergjithshme\/\" title=\"View all posts in Te pergjithshme\">Te pergjithshme<\/a>&nbsp;&nbsp;|&nbsp;&nbsp;<b>Tags:<\/b> No Tag<\/div><\/div><\/div><!-- #tpg-get-posts -->\n<\/div><\/section><br \/>\n<div  style='padding-bottom:10px; ' class='av-special-heading av-special-heading-h3    avia-builder-el-2  el_after_av_textblock  el_before_av_textblock  '><h3 class='av-special-heading-tag '  itemprop=\"headline\"  >Flet\u00ebpalosje p\u00ebr qytetin e Gjirokastr\u00ebs<\/h3><div class='special-heading-border'><div class='special-heading-inner-border' ><\/div><\/div><\/div><br \/>\n<section class=\"av_textblock_section \"  itemscope=\"itemscope\" itemtype=\"https:\/\/schema.org\/CreativeWork\" ><div class='avia_textblock  '   itemprop=\"text\" ><p>[book id=&#8217;8&#8242; \/]<\/p>\n<\/div><\/section><\/p><\/div>\n","protected":false},"excerpt":{"rendered":"","protected":false},"author":2,"featured_media":0,"parent":2554,"menu_order":0,"comment_status":"closed","ping_status":"closed","template":"","meta":{"_mc_calendar":[],"footnotes":""},"class_list":["post-2527","page","type-page","status-publish","hentry"],"_links":{"self":[{"href":"https:\/\/observator.org.al\/sq\/wp-json\/wp\/v2\/pages\/2527","targetHints":{"allow":["GET"]}}],"collection":[{"href":"https:\/\/observator.org.al\/sq\/wp-json\/wp\/v2\/pages"}],"about":[{"href":"https:\/\/observator.org.al\/sq\/wp-json\/wp\/v2\/types\/page"}],"author":[{"embeddable":true,"href":"https:\/\/observator.org.al\/sq\/wp-json\/wp\/v2\/users\/2"}],"replies":[{"embeddable":true,"href":"https:\/\/observator.org.al\/sq\/wp-json\/wp\/v2\/comments?post=2527"}],"version-history":[{"count":5,"href":"https:\/\/observator.org.al\/sq\/wp-json\/wp\/v2\/pages\/2527\/revisions"}],"predecessor-version":[{"id":3277,"href":"https:\/\/observator.org.al\/sq\/wp-json\/wp\/v2\/pages\/2527\/revisions\/3277"}],"up":[{"embeddable":true,"href":"https:\/\/observator.org.al\/sq\/wp-json\/wp\/v2\/pages\/2554"}],"wp:attachment":[{"href":"https:\/\/observator.org.al\/sq\/wp-json\/wp\/v2\/media?parent=2527"}],"curies":[{"name":"wp","href":"https:\/\/api.w.org\/{rel}","templated":true}]}}